{"id":79175,"date":"2024-02-25T20:07:59","date_gmt":"2024-02-25T20:39:48","guid":{"rendered":"https:\/\/factory.sale\/?post_type=product&#038;p=79175"},"modified":"2024-06-26T15:42:21","modified_gmt":"2024-06-26T15:42:21","slug":"klaasuks-inne-m03-tokyo","status":"publish","type":"product","link":"https:\/\/factory.sale\/et\/toode\/klaasuks-inne-m03-tokyo\/","title":{"rendered":"Klaasuks INNE M03 TOKYO"},"content":{"rendered":"<p>Inne uksed on valmistatud karastatud klaasist ja alumiiniumist. Raamid on samuti alumiiniumist, seega sobivad uksed ka niisketesse ruumidesse. Uks avaneb 180 kraadi, avanemissuund tuleb tellimisel valida. Toode sisaldab raame, ukselehte, k\u00e4epidet, lukukassetti ja lukuvastast. K\u00e4epide on vahetatav teise P\u00f5hjamaa turule m\u00f5eldud uksek\u00e4epidemega. Uks valmistatakse alati m\u00f5\u00f5tude j\u00e4rgi.<\/p>\n<p>Helsingi mudelil on ukseleht raamita, seega on ukselehe servad klaasist n\u00e4htavad. New Yorgi, Tokyo ja Pariisi mudelitel on ukseleht raamitud. Tokyo ja Pariisi mudelid on varustatud ka klaasile liimitud alumiiniumv\u00f5redega.<\/p>\n<p>&nbsp;<\/p>\n<p><strong>PAIGALDUS<\/strong><\/p>\n<p>Alumiiniumraam monteeritakse ja kinnitatakse hoone seintele. Ukselehe hinged kinnitatakse raami k\u00fclge. Ukseleht kinnitatakse raami k\u00fclge kinnitatud hingedele. Toote avanemissuund valitakse toodet tellides. Paigaldusjuhend<\/p>\n<p>&nbsp;<\/p>\n<p><strong>RAAMI V\u00c4RV<\/strong><\/p>\n<p>Toote piirded ja s\u00f5ltuvalt mudelist v\u00f5imalikud ukselehe raamid ja v\u00f5red on valmistatud alumiiniumprofiilidest. Hinged ja muud furnituurid on valmistatud messingisulamist. Alumiiniumprofiili ja furnituuri pinnad on pulberv\u00e4rvitud musta v\u00e4rviga (RAL 9005).<\/p>\n<ul>\n<li>Valgeks v\u00e4rvitud<\/li>\n<li>Mustaks v\u00e4rvitud<\/li>\n<li>Liiv<\/li>\n<li>Mokka<\/li>\n<li>Kakao<\/li>\n<\/ul>\n<p>&nbsp;<\/p>\n<p><strong>KLAASI V\u00c4RV<\/strong><\/p>\n<p>Toode on valmistatud 8 mm paksusest karastatud turvalisest paneelist (EN 12150). Saadaval on palju klaasivalikuid. L\u00e4bipaistev, hall, pruun, eriti hele, peegel, must ja opaalklaas. Satiinklaasid on saadaval erinevates toonides (satiin, pruun satiin, hall satiin ja eriti hele satiin), samuti on olemas sooniliste klaaside toonivalikud (sooned, pruunid sooned ja hallid sooned).<\/p>\n<p>Satiinklaaside \u00fcks k\u00fclg on etsitud, et saavutada sametine tunne ja teine k\u00fclg on sile. Satiinklaasi toodet valides tuleb arvestada, et paneeli etsitud pind on kriimustuste ja plekkide suhtes tundlik. Peegelklaasi l\u00e4bipaistvus s\u00f5ltub ruumi valgustusest, kui tagak\u00fclg on valgustatud, tundub klaas l\u00e4bipaistvana, kui tagak\u00fclg on h\u00e4mar v\u00f5i pime, tekib peegeldusefekt. Must klaas on ka tugevas valguses veidi l\u00e4bipaistev ja peaaegu l\u00e4bipaistmatu, kui ruum on tumedam. Erakordselt heledad klaasid on valmistatud raua eemaldamisega, eemaldades enamuse klaasi loomulikust rohekas toonist. Opaalklaas on laminaatklaas, mis on valgeks toonitud ja l\u00e4bipaistmatu, kuid laseb l\u00e4bi enamuse valgusest.<\/p>\n<ul>\n<li>L\u00e4bipaistev<\/li>\n<li>Hall<\/li>\n<li>Soontega<\/li>\n<li>Pruun<\/li>\n<li>Satiin<\/li>\n<li>Pruun satiin<\/li>\n<li>Hall satiin<\/li>\n<li>Peegel<\/li>\n<li>Erakordselt hele<\/li>\n<li>Erakordselt hele satiin<\/li>\n<li>Must<\/li>\n<li>Pronksist soontega<\/li>\n<li>Hallid sooned<\/li>\n<li>Opaal<\/li>\n<\/ul>\n<p>&nbsp;<\/p>\n<p><strong>TOOTE SUURUS<\/strong><\/p>\n<p>Uks valmistatakse m\u00f5\u00f5tude j\u00e4rgi. Tellides palun m\u00e4rkige paigaldusava laius ja k\u00f5rgus. Toote raamide ja m\u00e4\u00e4ratud paigaldusava vahel j\u00e4etakse kokku 20 mm paigaldusruumi. Vaba l\u00e4bip\u00e4\u00e4suava on 110 mm v\u00e4iksem kui m\u00e4\u00e4ratud paigaldusava laius. Raami s\u00fcgavus on 92 mm.<\/p>\n<p>&nbsp;<\/p>\n<p><strong>LISAVARUSTUS<\/strong><\/p>\n<p>Uksele saab lisada tualettruumi p\u00f6\u00f6rdnupu (valikuline). Nupu pinnat\u00f6\u00f6tluse v\u00e4rv on must. Uksele saab lisada ka teisi P\u00f5hjamaa turule m\u00f5eldud p\u00f6\u00f6rdnuppe.<\/p>\n<p>&nbsp;<\/p>\n<p><strong>K\u00c4EPIDEME VALIKUD<\/strong><\/p>\n<p>Tootega on kaasas lukukassett, k\u00e4epide ja katteplaat p\u00f6\u00f6rdnupu paigaldusava katmiseks. WC-uksele tavaliselt kasutatav p\u00f6\u00f6rdnupp on lisavarustus. K\u00e4epidet saab asendada Skandinaavia turul tavaliselt saadaolevate k\u00e4epidemetega.<\/p>\n<p>&nbsp;<\/p>\n<p><strong>AVANEMISSUUND<\/strong><\/p>\n<p>Ukse hingedel on avanemissuund, mis tuleb tellimisel valida. Uksele vastu seistes ja vaadates ruumi, kuhu see avaneb, m\u00e4\u00e4rab avanemissuund, kummal pool ust hinged asuvad.<\/p>\n<ul>\n<li>Parem<\/li>\n<li>Vasak<\/li>\n<\/ul>\n<p><img loading=\"lazy\" decoding=\"async\" class=\"alignnone size-medium wp-image-79166\" src=\"https:\/\/factory.sale\/wp-content\/uploads\/2024\/02\/tokyo-2-300x236.png\" alt=\"\" width=\"300\" height=\"236\" srcset=\"https:\/\/factory.sale\/wp-content\/uploads\/2024\/02\/tokyo-2-300x236.png 300w, https:\/\/factory.sale\/wp-content\/uploads\/2024\/02\/tokyo-2-150x118.png 150w, https:\/\/factory.sale\/wp-content\/uploads\/2024\/02\/tokyo-2-600x472.png 600w, https:\/\/factory.sale\/wp-content\/uploads\/2024\/02\/tokyo-2.png 750w\" sizes=\"auto, (max-width: 300px) 100vw, 300px\" \/><img loading=\"lazy\" decoding=\"async\" class=\"alignnone size-medium wp-image-79169\" src=\"https:\/\/factory.sale\/wp-content\/uploads\/2024\/02\/tokyo-3-300x243.png\" alt=\"\" width=\"300\" height=\"243\" srcset=\"https:\/\/factory.sale\/wp-content\/uploads\/2024\/02\/tokyo-3-300x243.png 300w, https:\/\/factory.sale\/wp-content\/uploads\/2024\/02\/tokyo-3-150x122.png 150w, https:\/\/factory.sale\/wp-content\/uploads\/2024\/02\/tokyo-3-600x486.png 600w, https:\/\/factory.sale\/wp-content\/uploads\/2024\/02\/tokyo-3.png 740w\" sizes=\"auto, (max-width: 300px) 100vw, 300px\" \/><\/p>\n<p>&nbsp;<\/p>\n<p>&nbsp;<\/p>\n<p><strong>Garantii 20 aastat<\/strong><\/p>\n<p>&nbsp;<\/p>\n","protected":false},"excerpt":{"rendered":"<p>Inne uksed on valmistatud karastatud klaasist ja alumiiniumist. Raamid on samuti alumiiniumist, seega sobivad uksed ka niisketesse ruumidesse. Uks avaneb 180 kraadi, avanemissuund tuleb tellimisel valida. Toode sisaldab raame, ukselehte, k\u00e4epidet, lukukassetti ja lukuvastast. K\u00e4epide on vahetatav teise P\u00f5hjamaa turule m\u00f5eldud uksek\u00e4epidemega. Uks valmistatakse alati m\u00f5\u00f5tude j\u00e4rgi.<\/p>\n","protected":false},"featured_media":79143,"comment_status":"open","ping_status":"closed","template":"","meta":{"_acf_changed":false},"factory":[],"free-shipment":[],"product_brand":[],"product_cat":[2805,2802],"product_tag":[],"class_list":{"0":"post-79175","1":"product","2":"type-product","3":"status-publish","4":"has-post-thumbnail","6":"product_cat-siseuksed","7":"product_cat-uksed","9":"first","10":"instock","11":"sale","12":"taxable","13":"shipping-taxable","14":"purchasable","15":"product-type-simple"},"acf":[],"_links":{"self":[{"href":"https:\/\/factory.sale\/et\/wp-json\/wp\/v2\/product\/79175","targetHints":{"allow":["GET"]}}],"collection":[{"href":"https:\/\/factory.sale\/et\/wp-json\/wp\/v2\/product"}],"about":[{"href":"https:\/\/factory.sale\/et\/wp-json\/wp\/v2\/types\/product"}],"replies":[{"embeddable":true,"href":"https:\/\/factory.sale\/et\/wp-json\/wp\/v2\/comments?post=79175"}],"wp:featuredmedia":[{"embeddable":true,"href":"https:\/\/factory.sale\/et\/wp-json\/wp\/v2\/media\/79143"}],"wp:attachment":[{"href":"https:\/\/factory.sale\/et\/wp-json\/wp\/v2\/media?parent=79175"}],"wp:term":[{"taxonomy":"factory","embeddable":true,"href":"https:\/\/factory.sale\/et\/wp-json\/wp\/v2\/factory?post=79175"},{"taxonomy":"free-shipment","embeddable":true,"href":"https:\/\/factory.sale\/et\/wp-json\/wp\/v2\/free-shipment?post=79175"},{"taxonomy":"product_brand","embeddable":true,"href":"https:\/\/factory.sale\/et\/wp-json\/wp\/v2\/product_brand?post=79175"},{"taxonomy":"product_cat","embeddable":true,"href":"https:\/\/factory.sale\/et\/wp-json\/wp\/v2\/product_cat?post=79175"},{"taxonomy":"product_tag","embeddable":true,"href":"https:\/\/factory.sale\/et\/wp-json\/wp\/v2\/product_tag?post=79175"}],"curies":[{"name":"wp","href":"https:\/\/api.w.org\/{rel}","templated":true}]}}