{"id":78962,"date":"2024-02-25T12:33:26","date_gmt":"2024-02-25T12:36:17","guid":{"rendered":"https:\/\/factory.sale\/?post_type=product&#038;p=78962"},"modified":"2024-06-27T13:02:25","modified_gmt":"2024-06-27T13:02:25","slug":"uks-blak-780-tokyo","status":"publish","type":"product","link":"https:\/\/factory.sale\/et\/toode\/uks-blak-780-tokyo\/","title":{"rendered":"Uks BL\u00c4K 780 TOKYO"},"content":{"rendered":"<p>Uksed avanevad 90 kraadi v\u00e4ljapoole ja on varustatud reguleeritava tsentreerimisega. Tsentreerimise funktsioon on ukse tagastamine avatud ja suletud asenditesse.<\/p>\n<p>&nbsp;<\/p>\n<p>&nbsp;<\/p>\n<p><strong>PAIGALDUS<\/strong><\/p>\n<p>Uksepaneelid kinnitatakse hoone seinale m\u00f5lemal pool avat kasutades seinakinnitusprofiile. Paneelid kinnitatakse isekeermestavate kruvidega. Klaasseina \u00fclaosa on m\u00f5lemalt poolt kindlustatud paneeli ja lae k\u00fclge kinnitatud profiilidega. Magnet tihendid paigaldatakse iga ukseava paneeli k\u00fclge, et uks p\u00fcsiks tihedalt suletud.<\/p>\n<p>&nbsp;<\/p>\n<p><strong>RAAMI V\u00c4RV<\/strong><\/p>\n<p>Valge (RAL 9016), must (RAL 9005), liiv (RAL 1019) ja mokka (RAL 8025) pinnat\u00f6\u00f6tluse valikud on valmistatud pulberv\u00e4rvimise teel. Toote kasutatud furnituur on valmistatud v\u00e4rvitud messingisulamist.<\/p>\n<ul>\n<li>Valgeks v\u00e4rvitud<\/li>\n<li>Mustaks v\u00e4rvitud<\/li>\n<li>Liiv<\/li>\n<li>Mokka<\/li>\n<\/ul>\n<p>&nbsp;<\/p>\n<p><strong>KLAASI V\u00c4RV<\/strong><\/p>\n<p>Toode on valmistatud 6 mm paksusest karastatud turvalisest paneelist (EN 12150). \u00dcks k\u00fcljedest on matistatud, et saavutada sametine tunne ja teine k\u00fclg on sile. Matistatud paneeli toodet valides tuleb arvestada, et paneeli matistatud pind on kriimustuste ja plekkide suhtes tundlik.<\/p>\n<p>&nbsp;<\/p>\n<p><strong>TOOTE SUURUS<\/strong><\/p>\n<p>\u00dchik valmistatakse alati erim\u00f5\u00f5tude j\u00e4rgi. Suuruse valimisel sisestage avause laius ja avause k\u00f5rgus, sisestades tegeliku vahemaa v\u00e4ikseimad m\u00f5\u00f5dud. Kui laius koosneb rohkem kui \u00fchest paneelist, peavad k\u00f5ik sisestatud laiusm\u00f5\u00f5dud kokku andma tegeliku vahemaa k\u00f5ige kitsama m\u00f5\u00f5tme.<\/p>\n<p><strong>20-aastane garantii<\/strong><\/p>\n","protected":false},"excerpt":{"rendered":"<p>Uksed avanevad 90 kraadi v\u00e4ljapoole ja on varustatud reguleeritava tsentreerimisega. Tsentreerimise funktsioon on ukse tagastamine avatud ja suletud asenditesse.<\/p>\n","protected":false},"featured_media":78948,"comment_status":"open","ping_status":"closed","template":"","meta":{"_acf_changed":false},"factory":[],"free-shipment":[],"product_brand":[],"product_cat":[2805,2802],"product_tag":[],"class_list":{"0":"post-78962","1":"product","2":"type-product","3":"status-publish","4":"has-post-thumbnail","6":"product_cat-siseuksed","7":"product_cat-uksed","9":"first","10":"instock","11":"sale","12":"taxable","13":"shipping-taxable","14":"purchasable","15":"product-type-simple"},"acf":[],"_links":{"self":[{"href":"https:\/\/factory.sale\/et\/wp-json\/wp\/v2\/product\/78962","targetHints":{"allow":["GET"]}}],"collection":[{"href":"https:\/\/factory.sale\/et\/wp-json\/wp\/v2\/product"}],"about":[{"href":"https:\/\/factory.sale\/et\/wp-json\/wp\/v2\/types\/product"}],"replies":[{"embeddable":true,"href":"https:\/\/factory.sale\/et\/wp-json\/wp\/v2\/comments?post=78962"}],"wp:featuredmedia":[{"embeddable":true,"href":"https:\/\/factory.sale\/et\/wp-json\/wp\/v2\/media\/78948"}],"wp:attachment":[{"href":"https:\/\/factory.sale\/et\/wp-json\/wp\/v2\/media?parent=78962"}],"wp:term":[{"taxonomy":"factory","embeddable":true,"href":"https:\/\/factory.sale\/et\/wp-json\/wp\/v2\/factory?post=78962"},{"taxonomy":"free-shipment","embeddable":true,"href":"https:\/\/factory.sale\/et\/wp-json\/wp\/v2\/free-shipment?post=78962"},{"taxonomy":"product_brand","embeddable":true,"href":"https:\/\/factory.sale\/et\/wp-json\/wp\/v2\/product_brand?post=78962"},{"taxonomy":"product_cat","embeddable":true,"href":"https:\/\/factory.sale\/et\/wp-json\/wp\/v2\/product_cat?post=78962"},{"taxonomy":"product_tag","embeddable":true,"href":"https:\/\/factory.sale\/et\/wp-json\/wp\/v2\/product_tag?post=78962"}],"curies":[{"name":"wp","href":"https:\/\/api.w.org\/{rel}","templated":true}]}}