{"id":78927,"date":"2024-02-25T11:52:50","date_gmt":"2024-02-25T12:02:53","guid":{"rendered":"https:\/\/factory.sale\/?post_type=product&#038;p=78927"},"modified":"2024-06-26T19:33:08","modified_gmt":"2024-06-26T19:33:08","slug":"sauna-klaassein-vetro-s47","status":"publish","type":"product","link":"https:\/\/factory.sale\/et\/toode\/sauna-klaassein-vetro-s47\/","title":{"rendered":"Sauna klaassein VETRO S47"},"content":{"rendered":"<p>Sauna klaassein fikseeritud paneeliga k\u00e4epideme poolel ja hingepoolel.<br \/>\nToode sobib saunaruumi jaotamiseks. Uksel pole raame, hinged on paigaldatud otse k\u00fcljepaneelile hingepoolel. K\u00fcljepaneelid lisavad ruumile valgust ja avarustunnet.<\/p>\n<p>Hingedel on 90-kraadine p\u00f6\u00f6rderaadius m\u00f5lemas suunas ja need on varustatud reguleeritava tsentreerimisega, mille eesm\u00e4rk on tagastada uks avatud ja suletud asendisse.<\/p>\n<p>\u00dclemised aknad v\u00f5i k\u00fcljeklaaside profiilid on valmistatud roostevabast terasest. Profiilid on kaetud vastavalt raami v\u00e4rvi valikule ja valmistatud t\u00e4psete m\u00f5\u00f5tude j\u00e4rgi (paigalduskohas l\u00f5ikamise vajadus puudub). Profiilidele on lisatud link- ja nurgakatted t\u00e4iusliku viimistluse ja lihtsa reguleerimise jaoks.<\/p>\n<p>&nbsp;<\/p>\n<p><strong>PAIGALDUS<\/strong><\/p>\n<p>Uks paigaldatakse hingedega, mis on otse kinnitatud hingepoole klaasi k\u00fclge ja kinnitades hinged tihedalt klaasi k\u00fclge. \u00dclemised aknad paigaldatakse roostevabast terasest profiilidega \u00fclaossa, millele klaas on liimitud. Teraseprofiilid on t\u00e4pselt \u00f5igesse pikkusesse l\u00f5igatud ja varustatud nurga- ja linkkorkidega, et t\u00e4iustada viimistlust ja v\u00f5imaldada reguleerimisruumi. \u00dclemine klaas kinnitatakse klaasiklambrite abil. K\u00f5ik k\u00fcljepaneelid on paigaldatud roostevabast terasest profiilidega, mis raamivad klaaside v\u00e4lisservi, millele klaasid on liimitud. T\u00e4isk\u00f5rgusega k\u00fcljepaneelide paigaldamisel kasutatakse p\u00f5hjas klaasiklampe. Palun pange t\u00e4hele, et hinged tuleks uuesti kinni keerata umbes \u00fche n\u00e4dala kasutamise j\u00e4rel, kuna kuumus m\u00f5jutab esimestel kasutuskordadel hingede asetust. Kinnitamine toimub kuuskantkruvi keerates klaasipoolel nii k\u00f5vasti kui v\u00f5imalik. Kinnitamise eest vastutab alati l\u00f5ppkasutaja.<\/p>\n<p>&nbsp;<\/p>\n<p><strong>RAAMI V\u00c4RV<\/strong><\/p>\n<p>Ukse hinged ja k\u00fcljeklaasi kinnitused on valmistatud messingisulamist. Pinnat\u00f6\u00f6tlusv\u00f5imalused on kroomitud, messing ja mustaks v\u00e4rvitud. K\u00e4epide on kas kroomitud, messing, mustaks v\u00e4rvitud messingisulam v\u00f5i viimistlemata lepp. Klaasi kinnitamise profiilid on valmistatud roostevabast terasest. Profiili v\u00e4rv vastab valitud pinnat\u00f6\u00f6tlusv\u00f5imalusele.<\/p>\n<p>&nbsp;<\/p>\n<p><strong>KLAASI V\u00c4RV<\/strong><\/p>\n<p>Toode on valmistatud 8 mm paksusest karastatud ohutuspaneelist (EN 12150). Selge ja suitsune on siledapinnalised ja l\u00e4bipaistvad paneelid.<\/p>\n<ul>\n<li>L\u00e4bipaistev<\/li>\n<li>Hall<\/li>\n<li>Pruun<\/li>\n<li>Must<\/li>\n<\/ul>\n<p>&nbsp;<\/p>\n<p><strong>TOOTE SUURUS<\/strong><\/p>\n<p>Du\u0161iuks on v\u00f5imalik valida standardm\u00f5\u00f5tudest (700\/800\/900 x 2000) v\u00f5i see v\u00f5ib olla valmistatud erim\u00f5\u00f5tude j\u00e4rgi; k\u00fcljepaneelid valmistatakse alati erim\u00f5\u00f5tude j\u00e4rgi. Ukse suurust valides on laius paigaldusava laius ja k\u00f5rgus on paneeli k\u00f5rgus. Ukse paigaldusava k\u00f5rgust m\u00f5\u00f5detes j\u00e4etakse automaatselt \u00fclemisele paneeli servale 5 mm varu ja alumisele servale 110 mm varu. K\u00fcljepaneeli valides on laius ja k\u00f5rgus paigaldusava laius ja k\u00f5rgus. Paigaldus- ja reguleerimisvahemikud lisatakse automaatselt k\u00fcljepaneelide paneelplaatide m\u00f5\u00f5tmisse. Kui ukse suurus \u00fcletab 1,7m2, on vajalik lisahing lisatoe andmiseks.<\/p>\n<p>&nbsp;<\/p>\n<p><strong>K\u00c4EPIDEME VALIKUD<\/strong><\/p>\n<p>\u00dcmmargune metallist k\u00e4epide ja l\u00fchike metallist k\u00e4epide on valmistatud kroomitud messingisulamist. L\u00fchike puidust k\u00e4epide on viimistlemata lepp. K\u00e4epideme valikutest sobivad \u00fcmmargune metallist k\u00e4epide ja l\u00fchike puidust k\u00e4epide ka sauna uksele. Kui ukse suurus \u00fcletab 1,7m2, valige k\u00e4epideme valik lisahingega.<\/p>\n<ul>\n<li>\u00dcmmargune metallist nupp<\/li>\n<li>\u00dcmmargune metallist k\u00e4epide + lisahing<\/li>\n<li>Vetro 639 l\u00fchike metallist k\u00e4epide<\/li>\n<li>L\u00fchike metallist k\u00e4epide + lisahing<\/li>\n<li>Pikk metallist k\u00e4epide<\/li>\n<li>Pikk metallist k\u00e4epide + lisahing<\/li>\n<li>L\u00fchike puidust k\u00e4epide<\/li>\n<li>L\u00fchike puidust k\u00e4epide + lisahing<\/li>\n<li>Pikk puidust k\u00e4epide<\/li>\n<li>Pikk puidust k\u00e4epide + lisahing<\/li>\n<li>Ilma k\u00e4epidemeta<\/li>\n<li>Ilma k\u00e4epidemeta + lisahing<\/li>\n<li>Ruudukujuline k\u00e4epide<\/li>\n<li>Ruudukujuline k\u00e4epide + lisahing<\/li>\n<li>Poleeritud auk<\/li>\n<li>Poleeritud auk + lisahing<\/li>\n<li>\u00dcmmargune k\u00e4epide<\/li>\n<li>\u00dcmmargune k\u00e4epide + lisahing<\/li>\n<li>Kuusnurkne k\u00e4epide<\/li>\n<li>Kuusnurkne k\u00e4epide + lisahing<\/li>\n<\/ul>\n<p><strong>20 aasta garantiid<\/strong><\/p>\n<p>&nbsp;<\/p>\n<p>&nbsp;<\/p>\n<p><a href=\"https:\/\/factory.sale\/wp-content\/uploads\/2024\/02\/Assembly_instructions_Vetro_Sauna_S47.pdf\" target=\"_blank\" rel=\"noopener\">PAIGALDUSJUHEND<\/a><\/p>\n","protected":false},"excerpt":{"rendered":"<p>Sauna klaassein fikseeritud paneeliga k\u00e4epideme poolel ja hingepoolel.<br \/>\nToode sobib saunaruumi jaotamiseks. Uksel pole raame, hinged on paigaldatud otse k\u00fcljepaneelile hingepoolel. K\u00fcljepaneelid lisavad ruumile valgust ja avarustunnet.<\/p>\n","protected":false},"featured_media":78911,"comment_status":"open","ping_status":"closed","template":"","meta":{"_acf_changed":false},"factory":[],"free-shipment":[],"product_brand":[],"product_cat":[2805,2802],"product_tag":[811],"class_list":{"0":"post-78927","1":"product","2":"type-product","3":"status-publish","4":"has-post-thumbnail","6":"product_cat-siseuksed","7":"product_cat-uksed","8":"product_tag-sauna-et","10":"first","11":"instock","12":"sale","13":"featured","14":"taxable","15":"shipping-taxable","16":"purchasable","17":"product-type-simple"},"acf":[],"_links":{"self":[{"href":"https:\/\/factory.sale\/et\/wp-json\/wp\/v2\/product\/78927","targetHints":{"allow":["GET"]}}],"collection":[{"href":"https:\/\/factory.sale\/et\/wp-json\/wp\/v2\/product"}],"about":[{"href":"https:\/\/factory.sale\/et\/wp-json\/wp\/v2\/types\/product"}],"replies":[{"embeddable":true,"href":"https:\/\/factory.sale\/et\/wp-json\/wp\/v2\/comments?post=78927"}],"wp:featuredmedia":[{"embeddable":true,"href":"https:\/\/factory.sale\/et\/wp-json\/wp\/v2\/media\/78911"}],"wp:attachment":[{"href":"https:\/\/factory.sale\/et\/wp-json\/wp\/v2\/media?parent=78927"}],"wp:term":[{"taxonomy":"factory","embeddable":true,"href":"https:\/\/factory.sale\/et\/wp-json\/wp\/v2\/factory?post=78927"},{"taxonomy":"free-shipment","embeddable":true,"href":"https:\/\/factory.sale\/et\/wp-json\/wp\/v2\/free-shipment?post=78927"},{"taxonomy":"product_brand","embeddable":true,"href":"https:\/\/factory.sale\/et\/wp-json\/wp\/v2\/product_brand?post=78927"},{"taxonomy":"product_cat","embeddable":true,"href":"https:\/\/factory.sale\/et\/wp-json\/wp\/v2\/product_cat?post=78927"},{"taxonomy":"product_tag","embeddable":true,"href":"https:\/\/factory.sale\/et\/wp-json\/wp\/v2\/product_tag?post=78927"}],"curies":[{"name":"wp","href":"https:\/\/api.w.org\/{rel}","templated":true}]}}