{"id":78882,"date":"2024-02-24T17:25:29","date_gmt":"2024-02-25T11:09:42","guid":{"rendered":"https:\/\/factory.sale\/?post_type=product&#038;p=78882"},"modified":"2026-01-23T22:20:05","modified_gmt":"2026-01-23T19:20:05","slug":"super-pakkumine-mullivann-octa-hudro-ja-ohumassaazisusteemiga-18x18m","status":"publish","type":"product","link":"https:\/\/factory.sale\/et\/toode\/super-pakkumine-mullivann-octa-hudro-ja-ohumassaazisusteemiga-18x18m\/","title":{"rendered":"Super pakkumine! Mullivann \u201cOCTA\u201d h\u00fcdro- ja \u00f5humassaa\u017eis\u00fcsteemiga 1,8&#215;1,8m"},"content":{"rendered":"<p>See kaheksanurkne k\u00fcmblust\u00fcnn d\u00fc\u00fcsidega \u00fchendab endas parimad Euroopa kvaliteedistandardid viimase tehnoloogiaga. Seda mudelit saab mugavalt kasutada korraga 6 inimest. K\u00fcmblust\u00fcnn on valmistatud keskkonnas\u00f5bralikust klaasplastist, mis on vastupidav ja \u00f5hutihe. Termopuidust vooderdus ei vaja lisakemikaalide t\u00f6\u00f6tlust. Ahi on paigaldatud v\u00e4ljapoole, mis teeb mullivannis suplemise t\u00e4iesti ohutuks ja annab lisaruumi ujumiseks.<\/p>\n<ul>\n<li>K\u00fctteaeg puuk\u00fcttega ahjuga 35 kW: 2 tundi<\/li>\n<li>Keskkonnas\u00f5bralik toode, mis on valmistatud klaasplastist ja termopuidust<\/li>\n<li>Lihtne paigaldada ja hooldada<\/li>\n<li>V\u00f5imalik kasutada aastaringselt<\/li>\n<li>Lisaisolatsioon pol\u00fcuretaanvahuga koos termoisolatsioonikattega v\u00e4hendab oluliselt energiatarbimist<\/li>\n<li>Lihtne puhastada ja t\u00fchjendada<\/li>\n<li>Ei deformeeru ega roosteta<\/li>\n<\/ul>\n<p><em>Ahi on paigaldatud v\u00e4ljapoole, mis teeb mullivannis suplemise t\u00e4iesti ohutuks.<\/em><\/p>\n<p><em>Ahi vastab k\u00f5ikidele ohutusn\u00f5uetele ja ELi kvaliteedistandarditele.<\/em><\/p>\n<p><em>Garantii 2 aastat, keskmine kasutusiga &#8211; 10 aastat.<\/em><\/p>\n<p>&nbsp;<\/p>\n<p><strong><em>Saadaval lisatarvikud! K\u00fcsi rohkem infot!<\/em><\/strong><\/p>\n<p>&nbsp;<\/p>\n<p><strong>Parameetrid:<\/strong><\/p>\n<ul>\n<li>Suurus \u2013 2.0 x 2.0 m<\/li>\n<li>Maht \u2013 1600 l<\/li>\n<li>Kaal (kg) \u2013 220<\/li>\n<li>Mahutavus \u2013 7 inimest<\/li>\n<li>K\u00f5rgus \u2013 1,1 m<\/li>\n<li>S\u00fcgavus \u2013 0,96 m<\/li>\n<li>Istmete k\u00f5rgus \u2013 274 mm<\/li>\n<li>Istmete laius \u2013 341 mm<\/li>\n<li>Termopuidust v\u00e4liskihi paksus \u2013 18 mm<\/li>\n<li>Veekindel vineeri \u2013 9 mm<\/li>\n<\/ul>\n<p>&nbsp;<\/p>\n<p><strong>V\u00e4rvid:<\/strong><\/p>\n<p><img loading=\"lazy\" decoding=\"async\" class=\"alignnone wp-image-78646\" src=\"https:\/\/factory.sale\/wp-content\/uploads\/2024\/02\/Bildschirmfoto-2024-02-24-um-18.03.39-300x84.png\" alt=\"\" width=\"579\" height=\"162\" srcset=\"https:\/\/factory.sale\/wp-content\/uploads\/2024\/02\/Bildschirmfoto-2024-02-24-um-18.03.39-300x84.png 300w, https:\/\/factory.sale\/wp-content\/uploads\/2024\/02\/Bildschirmfoto-2024-02-24-um-18.03.39-1024x286.png 1024w, https:\/\/factory.sale\/wp-content\/uploads\/2024\/02\/Bildschirmfoto-2024-02-24-um-18.03.39-150x42.png 150w, https:\/\/factory.sale\/wp-content\/uploads\/2024\/02\/Bildschirmfoto-2024-02-24-um-18.03.39-1536x430.png 1536w, https:\/\/factory.sale\/wp-content\/uploads\/2024\/02\/Bildschirmfoto-2024-02-24-um-18.03.39-2048x573.png 2048w, https:\/\/factory.sale\/wp-content\/uploads\/2024\/02\/Bildschirmfoto-2024-02-24-um-18.03.39-600x168.png 600w\" sizes=\"auto, (max-width: 579px) 100vw, 579px\" \/><\/p>\n<p>&nbsp;<\/p>\n<p><strong>Komplekt sisaldab:<\/strong><\/p>\n<p><img loading=\"lazy\" decoding=\"async\" class=\"alignnone wp-image-79560\" src=\"https:\/\/factory.sale\/wp-content\/uploads\/2024\/02\/Bildschirmfoto-2024-02-26-um-14.47.58-300x118.png\" alt=\"\" width=\"808\" height=\"318\" srcset=\"https:\/\/factory.sale\/wp-content\/uploads\/2024\/02\/Bildschirmfoto-2024-02-26-um-14.47.58-300x118.png 300w, https:\/\/factory.sale\/wp-content\/uploads\/2024\/02\/Bildschirmfoto-2024-02-26-um-14.47.58-1024x404.png 1024w, https:\/\/factory.sale\/wp-content\/uploads\/2024\/02\/Bildschirmfoto-2024-02-26-um-14.47.58-150x59.png 150w, https:\/\/factory.sale\/wp-content\/uploads\/2024\/02\/Bildschirmfoto-2024-02-26-um-14.47.58-1536x606.png 1536w, https:\/\/factory.sale\/wp-content\/uploads\/2024\/02\/Bildschirmfoto-2024-02-26-um-14.47.58-2048x808.png 2048w, https:\/\/factory.sale\/wp-content\/uploads\/2024\/02\/Bildschirmfoto-2024-02-26-um-14.47.58-600x237.png 600w\" sizes=\"auto, (max-width: 808px) 100vw, 808px\" \/><\/p>\n<p>&nbsp;<\/p>\n","protected":false},"excerpt":{"rendered":"<p>See kaheksanurkne k\u00fcmblust\u00fcnn d\u00fc\u00fcsidega \u00fchendab endas parimad Euroopa kvaliteedistandardid viimase tehnoloogiaga. Seda mudelit saab mugavalt kasutada korraga 6 inimest. K\u00fcmblust\u00fcnn on valmistatud keskkonnas\u00f5bralikust klaasplastist, mis on vastupidav ja \u00f5hutihe. Termopuidust vooderdus ei vaja lisakemikaalide t\u00f6\u00f6tlust. Ahi on paigaldatud v\u00e4ljapoole, mis teeb mullivannis suplemise t\u00e4iesti ohutuks ja annab lisaruumi k\u00fcmblemiseks.<\/p>\n<p><strong>Ostes Eesti tooteid, saate ainult k\u00f5rgeima kvaliteediga tooted.<\/strong><\/p>\n<p><img loading=\"lazy\" decoding=\"async\" class=\"alignnone wp-image-100903\" src=\"https:\/\/factory.sale\/wp-content\/uploads\/2023\/04\/made-inestonia-3-factory-sale-300x300.webp\" alt=\"Made in Estonia.\" width=\"255\" height=\"255\" srcset=\"https:\/\/factory.sale\/wp-content\/uploads\/2023\/04\/made-inestonia-3-factory-sale-300x300.webp 300w, https:\/\/factory.sale\/wp-content\/uploads\/2023\/04\/made-inestonia-3-factory-sale-1024x1024.webp 1024w, https:\/\/factory.sale\/wp-content\/uploads\/2023\/04\/made-inestonia-3-factory-sale-150x150.webp 150w, https:\/\/factory.sale\/wp-content\/uploads\/2023\/04\/made-inestonia-3-factory-sale-1536x1536.webp 1536w, https:\/\/factory.sale\/wp-content\/uploads\/2023\/04\/made-inestonia-3-factory-sale-600x600.webp 600w, https:\/\/factory.sale\/wp-content\/uploads\/2023\/04\/made-inestonia-3-factory-sale-100x100.webp 100w, https:\/\/factory.sale\/wp-content\/uploads\/2023\/04\/made-inestonia-3-factory-sale.webp 2048w\" sizes=\"auto, (max-width: 255px) 100vw, 255px\" \/><\/p>\n","protected":false},"featured_media":78688,"comment_status":"open","ping_status":"closed","template":"","meta":{"_acf_changed":false},"factory":[],"free-shipment":[],"product_brand":[],"product_cat":[2587,2209],"product_tag":[2842],"class_list":{"0":"post-78882","1":"product","2":"type-product","3":"status-publish","4":"has-post-thumbnail","6":"product_cat-klaasplastist-kumblustunnid","7":"product_cat-kumblustunnid","8":"product_tag-hot-tub-et","10":"first","11":"instock","12":"sale","13":"taxable","14":"shipping-taxable","15":"purchasable","16":"product-type-simple"},"acf":[],"_links":{"self":[{"href":"https:\/\/factory.sale\/et\/wp-json\/wp\/v2\/product\/78882","targetHints":{"allow":["GET"]}}],"collection":[{"href":"https:\/\/factory.sale\/et\/wp-json\/wp\/v2\/product"}],"about":[{"href":"https:\/\/factory.sale\/et\/wp-json\/wp\/v2\/types\/product"}],"replies":[{"embeddable":true,"href":"https:\/\/factory.sale\/et\/wp-json\/wp\/v2\/comments?post=78882"}],"wp:featuredmedia":[{"embeddable":true,"href":"https:\/\/factory.sale\/et\/wp-json\/wp\/v2\/media\/78688"}],"wp:attachment":[{"href":"https:\/\/factory.sale\/et\/wp-json\/wp\/v2\/media?parent=78882"}],"wp:term":[{"taxonomy":"factory","embeddable":true,"href":"https:\/\/factory.sale\/et\/wp-json\/wp\/v2\/factory?post=78882"},{"taxonomy":"free-shipment","embeddable":true,"href":"https:\/\/factory.sale\/et\/wp-json\/wp\/v2\/free-shipment?post=78882"},{"taxonomy":"product_brand","embeddable":true,"href":"https:\/\/factory.sale\/et\/wp-json\/wp\/v2\/product_brand?post=78882"},{"taxonomy":"product_cat","embeddable":true,"href":"https:\/\/factory.sale\/et\/wp-json\/wp\/v2\/product_cat?post=78882"},{"taxonomy":"product_tag","embeddable":true,"href":"https:\/\/factory.sale\/et\/wp-json\/wp\/v2\/product_tag?post=78882"}],"curies":[{"name":"wp","href":"https:\/\/api.w.org\/{rel}","templated":true}]}}