{"id":78678,"date":"2024-02-24T17:11:47","date_gmt":"2024-02-24T17:16:47","guid":{"rendered":"https:\/\/factory.sale\/?post_type=product&#038;p=78678"},"modified":"2026-01-23T22:14:59","modified_gmt":"2026-01-23T19:14:59","slug":"super-pakkumine-mullivann-quattro-hudro-ja-ohumassaazisusteemiga-2x17m","status":"publish","type":"product","link":"https:\/\/factory.sale\/et\/toode\/super-pakkumine-mullivann-quattro-hudro-ja-ohumassaazisusteemiga-2x17m\/","title":{"rendered":"Oivaline pakkumine! K\u00fcmblust\u00fcnn \u201cQUATTRO\u201d h\u00fcdro- ja \u00f5humassaa\u017eis\u00fcsteemiga 2&#215;1,7m"},"content":{"rendered":"<p><video style=\"max-width: 100%; height: auto; display: block;\" preload=\"auto\" autoplay=\"autoplay\" loop=\"loop\" muted=\"\" controls=\"controls\" width=\"1000\" height=\"1000\"><source src=\"https:\/\/factory.sale\/wp-content\/uploads\/2023\/04\/video-8lle-palju-terassille-quattro-tee-se-itse-2.0\u04451.7.mp4\" type=\"video\/mp4\" \/><\/video><\/p>\n<p>&nbsp;<\/p>\n<p>See ruudukujuline klaasplastist k\u00fcmblust\u00fcnn d\u00fc\u00fcsidega on meie absoluutne m\u00fc\u00fcgihitt. Mullivann Quattro on valmistatud vastupidavast ja keskkonnas\u00f5bralikust klaasplastist. Sama materjali kasutatakse ka basseinide ja purjekate tootmiseks. Meie poolt kasutatavad materjalid ei ole tervisele ohtlikud. Sellise klaasplastist k\u00fcmblust\u00fcnni eelised v\u00f5rreldes puidust k\u00fcmblust\u00fcnniga on see, et seda on lihtsam hooldada ja sellel on oluliselt pikem kasutusiga. Puhastamine on v\u00e4ga lihtne ja v\u00f5ite kasutada laia valikut puhastusvahendeid.<\/p>\n<ul>\n<li>K\u00fctteaeg puuk\u00fcttega ahjuga 35 kW: 2 tundi<\/li>\n<li>Keskkonnas\u00f5bralik toode, mis on valmistatud klaasplastist ja termopuidust<\/li>\n<li>Lihtne paigaldada ja hooldada<\/li>\n<li>V\u00f5imalik kasutada aastaringselt<\/li>\n<li>Pol\u00fcuretaanvahust lisaisolatsioon koos termoisolatsioonikattega v\u00e4hendab oluliselt energiatarbimist<\/li>\n<li>Lihtne puhastada ja t\u00fchjendada<\/li>\n<li>Ei deformeeri ega roosteta<\/li>\n<\/ul>\n<p>&nbsp;<\/p>\n<p><em>Ahi on paigaldatud v\u00e4ljapoole, mis teeb k\u00fcmblust\u00fcnni kasutamise t\u00e4iesti ohutuks.<\/em><br \/>\n<em>Ahi vastab k\u00f5ikidele ohutusn\u00f5uetele ja ELi kvaliteedistandarditele.<\/em><\/p>\n<p><em><strong>Saadaval palju lisatarvikuid! K\u00fcsige lisainfot!<\/strong><\/em><\/p>\n<p>&nbsp;<\/p>\n<p><strong>Parameetrid:<\/strong><\/p>\n<ul>\n<li>Suurus &#8211; 2.0 x 1.7 m<\/li>\n<li>Maht &#8211; 1 400 L<\/li>\n<li>Kaal (kg) &#8211; 240<\/li>\n<li>Mahutavus &#8211; 8 inimest<\/li>\n<li>K\u00f5rgus &#8211; 1,1 m<\/li>\n<li>S\u00fcgavus &#8211; 0,96 m<\/li>\n<li>Istmete k\u00f5rgus &#8211; 280 mm<\/li>\n<li>Istmete laius &#8211; 460 mm<\/li>\n<li>Termopuidust v\u00e4limise kihi paksus &#8211; 18 mm<\/li>\n<li>Veekindel vineerp\u00f5rand &#8211; 9 mm<\/li>\n<\/ul>\n<p>&nbsp;<\/p>\n<p>&nbsp;<\/p>\n<p><strong>V\u00e4rvid:<\/strong><\/p>\n<p><img loading=\"lazy\" decoding=\"async\" class=\"alignnone wp-image-78646\" src=\"https:\/\/factory.sale\/wp-content\/uploads\/2024\/02\/Bildschirmfoto-2024-02-24-um-18.03.39-300x84.png\" alt=\"\" width=\"589\" height=\"165\" srcset=\"https:\/\/factory.sale\/wp-content\/uploads\/2024\/02\/Bildschirmfoto-2024-02-24-um-18.03.39-300x84.png 300w, https:\/\/factory.sale\/wp-content\/uploads\/2024\/02\/Bildschirmfoto-2024-02-24-um-18.03.39-1024x286.png 1024w, https:\/\/factory.sale\/wp-content\/uploads\/2024\/02\/Bildschirmfoto-2024-02-24-um-18.03.39-150x42.png 150w, https:\/\/factory.sale\/wp-content\/uploads\/2024\/02\/Bildschirmfoto-2024-02-24-um-18.03.39-1536x430.png 1536w, https:\/\/factory.sale\/wp-content\/uploads\/2024\/02\/Bildschirmfoto-2024-02-24-um-18.03.39-2048x573.png 2048w, https:\/\/factory.sale\/wp-content\/uploads\/2024\/02\/Bildschirmfoto-2024-02-24-um-18.03.39-600x168.png 600w\" sizes=\"auto, (max-width: 589px) 100vw, 589px\" \/><\/p>\n<p>&nbsp;<\/p>\n<p><strong>Komplekt sisaldab:<\/strong><\/p>\n<p><img loading=\"lazy\" decoding=\"async\" class=\"alignnone wp-image-79231\" src=\"https:\/\/factory.sale\/wp-content\/uploads\/2024\/02\/Bildschirmfoto-2024-02-26-um-00.34.25-300x130.png\" alt=\"\" width=\"886\" height=\"384\" srcset=\"https:\/\/factory.sale\/wp-content\/uploads\/2024\/02\/Bildschirmfoto-2024-02-26-um-00.34.25-300x130.png 300w, https:\/\/factory.sale\/wp-content\/uploads\/2024\/02\/Bildschirmfoto-2024-02-26-um-00.34.25-1024x445.png 1024w, https:\/\/factory.sale\/wp-content\/uploads\/2024\/02\/Bildschirmfoto-2024-02-26-um-00.34.25-150x65.png 150w, https:\/\/factory.sale\/wp-content\/uploads\/2024\/02\/Bildschirmfoto-2024-02-26-um-00.34.25-1536x668.png 1536w, https:\/\/factory.sale\/wp-content\/uploads\/2024\/02\/Bildschirmfoto-2024-02-26-um-00.34.25-2048x891.png 2048w, https:\/\/factory.sale\/wp-content\/uploads\/2024\/02\/Bildschirmfoto-2024-02-26-um-00.34.25-600x261.png 600w\" sizes=\"auto, (max-width: 886px) 100vw, 886px\" \/><\/p>\n<p>&nbsp;<\/p>\n","protected":false},"excerpt":{"rendered":"<p>See ruudukujuline klaasplastist k\u00fcmblust\u00fcnn d\u00fc\u00fcsidega on meie absoluutne m\u00fc\u00fcgihitt. Mullivann Quattro on valmistatud vastupidavast ja keskkonnas\u00f5bralikust klaasplastist. Sama materjali kasutatakse ka basseinide ja purjekate tootmiseks. Meie poolt kasutatavad materjalid ei ole tervisele ohtlikud. Sellise klaasplastist k\u00fcmblust\u00fcnni eelised v\u00f5rreldes puidust k\u00fcmblust\u00fcnniga on see, et seda on lihtsam hooldada ja sellel on oluliselt pikem kasutusiga. Puhastamine on v\u00e4ga lihtne ja v\u00f5ite kasutada laia valikut puhastusvahendeid.<\/p>\n<p><strong>Ostes Eesti tooteid, saate ainult k\u00f5rgeima kvaliteediga tooted.<\/strong><\/p>\n<p><img loading=\"lazy\" decoding=\"async\" class=\"alignnone wp-image-100903\" src=\"https:\/\/factory.sale\/wp-content\/uploads\/2023\/04\/made-inestonia-3-factory-sale-300x300.webp\" alt=\"Made in Estonia.\" width=\"255\" height=\"255\" srcset=\"https:\/\/factory.sale\/wp-content\/uploads\/2023\/04\/made-inestonia-3-factory-sale-300x300.webp 300w, https:\/\/factory.sale\/wp-content\/uploads\/2023\/04\/made-inestonia-3-factory-sale-1024x1024.webp 1024w, https:\/\/factory.sale\/wp-content\/uploads\/2023\/04\/made-inestonia-3-factory-sale-150x150.webp 150w, https:\/\/factory.sale\/wp-content\/uploads\/2023\/04\/made-inestonia-3-factory-sale-1536x1536.webp 1536w, https:\/\/factory.sale\/wp-content\/uploads\/2023\/04\/made-inestonia-3-factory-sale-600x600.webp 600w, https:\/\/factory.sale\/wp-content\/uploads\/2023\/04\/made-inestonia-3-factory-sale-100x100.webp 100w, https:\/\/factory.sale\/wp-content\/uploads\/2023\/04\/made-inestonia-3-factory-sale.webp 2048w\" sizes=\"auto, (max-width: 255px) 100vw, 255px\" \/><\/p>\n","protected":false},"featured_media":78670,"comment_status":"open","ping_status":"closed","template":"","meta":{"_acf_changed":false},"factory":[],"free-shipment":[],"product_brand":[],"product_cat":[2587,2209],"product_tag":[2842],"class_list":{"0":"post-78678","1":"product","2":"type-product","3":"status-publish","4":"has-post-thumbnail","6":"product_cat-klaasplastist-kumblustunnid","7":"product_cat-kumblustunnid","8":"product_tag-hot-tub-et","10":"first","11":"instock","12":"sale","13":"taxable","14":"shipping-taxable","15":"purchasable","16":"product-type-simple"},"acf":[],"_links":{"self":[{"href":"https:\/\/factory.sale\/et\/wp-json\/wp\/v2\/product\/78678","targetHints":{"allow":["GET"]}}],"collection":[{"href":"https:\/\/factory.sale\/et\/wp-json\/wp\/v2\/product"}],"about":[{"href":"https:\/\/factory.sale\/et\/wp-json\/wp\/v2\/types\/product"}],"replies":[{"embeddable":true,"href":"https:\/\/factory.sale\/et\/wp-json\/wp\/v2\/comments?post=78678"}],"wp:featuredmedia":[{"embeddable":true,"href":"https:\/\/factory.sale\/et\/wp-json\/wp\/v2\/media\/78670"}],"wp:attachment":[{"href":"https:\/\/factory.sale\/et\/wp-json\/wp\/v2\/media?parent=78678"}],"wp:term":[{"taxonomy":"factory","embeddable":true,"href":"https:\/\/factory.sale\/et\/wp-json\/wp\/v2\/factory?post=78678"},{"taxonomy":"free-shipment","embeddable":true,"href":"https:\/\/factory.sale\/et\/wp-json\/wp\/v2\/free-shipment?post=78678"},{"taxonomy":"product_brand","embeddable":true,"href":"https:\/\/factory.sale\/et\/wp-json\/wp\/v2\/product_brand?post=78678"},{"taxonomy":"product_cat","embeddable":true,"href":"https:\/\/factory.sale\/et\/wp-json\/wp\/v2\/product_cat?post=78678"},{"taxonomy":"product_tag","embeddable":true,"href":"https:\/\/factory.sale\/et\/wp-json\/wp\/v2\/product_tag?post=78678"}],"curies":[{"name":"wp","href":"https:\/\/api.w.org\/{rel}","templated":true}]}}