{"id":78605,"date":"2024-02-24T09:57:18","date_gmt":"2024-02-24T14:54:09","guid":{"rendered":"https:\/\/factory.sale\/?post_type=product&#038;p=78605"},"modified":"2026-03-22T22:54:12","modified_gmt":"2026-03-22T19:54:12","slug":"suur-ovaalne-valikerisega-saun-5m-6-inimesele","status":"publish","type":"product","link":"https:\/\/factory.sale\/et\/toode\/suur-ovaalne-valikerisega-saun-5m-6-inimesele\/","title":{"rendered":"&#8220;5m&#8221; S54 Suur ovaalne t\u00fcnnisaun 6 inimesele"},"content":{"rendered":"<p><strong>Tootekood: S54E<\/strong><\/p>\n<p>&nbsp;<\/p>\n<p><strong>P\u00f5hikomplekt sisaldab:<\/strong><\/p>\n<ul>\n<li>Kuusest lahti v\u00f5etud saun<\/li>\n<li>Kuusk \/ Termopuit t\u00fcnn<\/li>\n<li>Pingid termopuidust<\/li>\n<li>Puidust esiukse l\u00e4bipaistva klaasi ja lukuga<\/li>\n<li>Siseuksed: 2 klaasuks (karastatud pruun klaas) ja 1 puidust uks (aknata)<\/li>\n<li>Dekoratiivsed puidust r\u00f5ngad ees ja taga<\/li>\n<li>Laud (pikkus: 1500 mm, laius: 770 mm) ja 2 pinki (pikkus: 1500 mm)<\/li>\n<li>Bituumenkatus<\/li>\n<li>Katuse kalle<\/li>\n<li>4 avatavat akent<\/li>\n<li>Roostevabast terasest r\u00f5ngad \u2013 5 tk.<\/li>\n<\/ul>\n<p>&nbsp;<\/p>\n<p>&nbsp;<\/p>\n<p><strong>Katuse v\u00e4rvid:<\/strong><\/p>\n<p>Pruun, must, roheline<\/p>\n<p><img loading=\"lazy\" decoding=\"async\" class=\"alignnone wp-image-90747\" src=\"https:\/\/factory.sale\/wp-content\/uploads\/2024\/09\/roof-colours-300x91.png\" alt=\"\" width=\"649\" height=\"197\" srcset=\"https:\/\/factory.sale\/wp-content\/uploads\/2024\/09\/roof-colours-300x91.png 300w, https:\/\/factory.sale\/wp-content\/uploads\/2024\/09\/roof-colours-1024x311.png 1024w, https:\/\/factory.sale\/wp-content\/uploads\/2024\/09\/roof-colours-150x46.png 150w, https:\/\/factory.sale\/wp-content\/uploads\/2024\/09\/roof-colours-600x182.png 600w, https:\/\/factory.sale\/wp-content\/uploads\/2024\/09\/roof-colours.png 1330w\" sizes=\"auto, (max-width: 649px) 100vw, 649px\" \/><\/p>\n<p>&nbsp;<\/p>\n<p>&nbsp;<\/p>\n<p><img loading=\"lazy\" decoding=\"async\" class=\"alignnone wp-image-78615\" src=\"https:\/\/factory.sale\/wp-content\/uploads\/2024\/02\/puit-est-300x195.png\" alt=\"\" width=\"351\" height=\"228\" srcset=\"https:\/\/factory.sale\/wp-content\/uploads\/2024\/02\/puit-est-300x195.png 300w, https:\/\/factory.sale\/wp-content\/uploads\/2024\/02\/puit-est-1024x666.png 1024w, https:\/\/factory.sale\/wp-content\/uploads\/2024\/02\/puit-est-150x98.png 150w, https:\/\/factory.sale\/wp-content\/uploads\/2024\/02\/puit-est-600x390.png 600w, https:\/\/factory.sale\/wp-content\/uploads\/2024\/02\/puit-est.png 1134w\" sizes=\"auto, (max-width: 351px) 100vw, 351px\" \/><\/p>\n<p>&nbsp;<\/p>\n<p><strong><em>Termopuidust sauna (S54T) hind: 9105,54 \u20ac (ilma KM)<\/em><\/strong><\/p>\n<p>&nbsp;<\/p>\n<p>&nbsp;<\/p>\n<p>&nbsp;<\/p>\n<p><b>Transpordi informatsioon:<\/b><\/p>\n<p>17 m veoauto ilma t\u00f5stukita: kohaletoimetamine ainult 17 m veokiga (vajalik on eelnevalt tagada mahalaadimisvarustus), k\u00fcsi lisainfot!<\/p>\n<p>&nbsp;<\/p>\n","protected":false},"excerpt":{"rendered":"<p>T\u00fcnnisaunad on saunat\u00fc\u00fcp, millel on v\u00f5rdseid oma unikaalse v\u00e4limuse ja loodusele l\u00e4hedase disainiga. See traditsiooniline saunavariant on \u00fcha enam leidnud poolehoidu koduaedades ja vaba aja keskustes \u00fcle maailma. T\u00fcnnisaun \u00fchendab ajatut traditsiooni, kaasaegset mugavust ja integratsiooni loodusega, pakkudes l\u00f5\u00f5gastavat ja tervislikku saunaelamust. \u00dcks t\u00fcnnisauna silmapaistvamaid omadusi on selle kuju ja ehitus. Tavaliselt on t\u00fcnnisaun valmistatud puidust lattidest, mis moodustavad klassikalise t\u00fcnni kuju. See disain on visuaalselt kaunis ja meenutab saunatraditsioonide juuri.<\/p>\n<p><strong>Ostes Eesti tooteid, saate ainult k\u00f5rgeima kvaliteediga tooted.<\/strong><\/p>\n<p><img loading=\"lazy\" decoding=\"async\" class=\"alignnone wp-image-100903\" src=\"https:\/\/factory.sale\/wp-content\/uploads\/2023\/04\/made-inestonia-3-factory-sale-300x300.webp\" alt=\"Made in Estonia.\" width=\"255\" height=\"255\" srcset=\"https:\/\/factory.sale\/wp-content\/uploads\/2023\/04\/made-inestonia-3-factory-sale-300x300.webp 300w, https:\/\/factory.sale\/wp-content\/uploads\/2023\/04\/made-inestonia-3-factory-sale-1024x1024.webp 1024w, https:\/\/factory.sale\/wp-content\/uploads\/2023\/04\/made-inestonia-3-factory-sale-150x150.webp 150w, https:\/\/factory.sale\/wp-content\/uploads\/2023\/04\/made-inestonia-3-factory-sale-1536x1536.webp 1536w, https:\/\/factory.sale\/wp-content\/uploads\/2023\/04\/made-inestonia-3-factory-sale-600x600.webp 600w, https:\/\/factory.sale\/wp-content\/uploads\/2023\/04\/made-inestonia-3-factory-sale-100x100.webp 100w, https:\/\/factory.sale\/wp-content\/uploads\/2023\/04\/made-inestonia-3-factory-sale.webp 2048w\" sizes=\"auto, (max-width: 255px) 100vw, 255px\" \/><\/p>\n","protected":false},"featured_media":94569,"comment_status":"open","ping_status":"closed","template":"","meta":{"_acf_changed":false},"factory":[],"free-shipment":[],"product_brand":[],"product_cat":[826,1643],"product_tag":[1648,1908,811,831],"class_list":{"0":"post-78605","1":"product","2":"type-product","3":"status-publish","4":"has-post-thumbnail","6":"product_cat-saunas-et","7":"product_cat-tunnisaun","8":"product_tag-barrel-sauna-et","9":"product_tag-outdoor-sauna-et","10":"product_tag-sauna-et","11":"product_tag-sauna-house-et","13":"first","14":"instock","15":"sale","16":"taxable","17":"shipping-taxable","18":"purchasable","19":"product-type-simple"},"acf":[],"_links":{"self":[{"href":"https:\/\/factory.sale\/et\/wp-json\/wp\/v2\/product\/78605","targetHints":{"allow":["GET"]}}],"collection":[{"href":"https:\/\/factory.sale\/et\/wp-json\/wp\/v2\/product"}],"about":[{"href":"https:\/\/factory.sale\/et\/wp-json\/wp\/v2\/types\/product"}],"replies":[{"embeddable":true,"href":"https:\/\/factory.sale\/et\/wp-json\/wp\/v2\/comments?post=78605"}],"wp:featuredmedia":[{"embeddable":true,"href":"https:\/\/factory.sale\/et\/wp-json\/wp\/v2\/media\/94569"}],"wp:attachment":[{"href":"https:\/\/factory.sale\/et\/wp-json\/wp\/v2\/media?parent=78605"}],"wp:term":[{"taxonomy":"factory","embeddable":true,"href":"https:\/\/factory.sale\/et\/wp-json\/wp\/v2\/factory?post=78605"},{"taxonomy":"free-shipment","embeddable":true,"href":"https:\/\/factory.sale\/et\/wp-json\/wp\/v2\/free-shipment?post=78605"},{"taxonomy":"product_brand","embeddable":true,"href":"https:\/\/factory.sale\/et\/wp-json\/wp\/v2\/product_brand?post=78605"},{"taxonomy":"product_cat","embeddable":true,"href":"https:\/\/factory.sale\/et\/wp-json\/wp\/v2\/product_cat?post=78605"},{"taxonomy":"product_tag","embeddable":true,"href":"https:\/\/factory.sale\/et\/wp-json\/wp\/v2\/product_tag?post=78605"}],"curies":[{"name":"wp","href":"https:\/\/api.w.org\/{rel}","templated":true}]}}