{"id":78417,"date":"2024-02-23T16:03:17","date_gmt":"2024-02-23T20:53:15","guid":{"rendered":"https:\/\/factory.sale\/?post_type=product&#038;p=78417"},"modified":"2024-06-26T02:38:05","modified_gmt":"2024-06-26T02:38:05","slug":"bamboo-elite-kalasaba","status":"publish","type":"product","link":"https:\/\/factory.sale\/et\/toode\/bamboo-elite-kalasaba\/","title":{"rendered":"Bamboo Elite kalasaba"},"content":{"rendered":"<p>[vc_row][vc_column][vc_column_text]MOSO\u00ae Bamboo Elite kalasaba parkett on valmistatud kolmekihilisest naturaalsest bambusest, mille keskmine kiht on t\u00e4iendavalt ristsuunas pressitud, et maksimeerida parketi stabiilsust<br \/>\nParkett liidestub pesa\/keel \u00fchendusega, mis on paigaldamise h\u00f5lbustamiseks paigutatud vaheldumisi nii vasakule kui paremale<br \/>\nParketi laudise paksus on vastavalt valitud stiilile 12 mm (High Density) v\u00f5i 15 mm (Side Pressed)<br \/>\nParkett tuleb alusp\u00f5randale liimida.<\/p>\n<p>&nbsp;<\/p>\n<p><strong>MOSO\u00ae Bamboo Elite kalasaba parketi toon on soe karamell ja see on saadaval kolmes stiilis:<\/strong><\/p>\n<ul>\n<li>High Density \u00fclitugev massiivparkett (lakitud karamell), tugevpuidule iseloomulikud &#8220;puiduleegid,, on n\u00e4htavad intensiivsemas tumedamas v\u00e4rvitoonis, bambusest &#8220;s\u00f5lmed,, on minimaalselt n\u00e4htavad.<\/li>\n<li>Side Pressed Caramel (\u00f5litatud k\u00fclgpressitud karamell ), bambusest &#8220;s\u00f5lmed,, on minimaalselt n\u00e4htavad. Parkett on viimistletud Woca \u00f5liga.<\/li>\n<li>Side Pressed Caramel (lakitud k\u00fclgpressitud karamell), bambusest &#8220;s\u00f5lmed,, on minimaalselt n\u00e4htavad. Parkett on viimistletud ekstra matt lakiga.<\/li>\n<\/ul>\n<p><em><strong>Miinimum tellimus 30 m2.<\/strong><\/em><\/p>\n<p>&nbsp;<\/p>\n<p>&nbsp;<\/p>\n<p>[\/vc_column_text][\/vc_column][\/vc_row][vc_row][vc_column width=&#8221;1\/2&#8243;][vc_column_text]<\/p>\n<h3><strong>Bamboo Elite Herringbone Density\u00ae karamell<\/strong><\/h3>\n<p>Tootekood: BF-EL250-VG<br \/>\nM\u00f5\u00f5dud: 600 x 120 x 13 mm<br \/>\nNurgad: nano bevel (4 k\u00fclge)<br \/>\nViimistlus: lakitud<\/p>\n<p><strong>Hind:<\/strong> 78,24 \u20ac[\/vc_column_text][\/vc_column][vc_column width=&#8221;1\/2&#8243;][vc_column_text]<\/p>\n<h3>Bamboo Elite Herringbone Side Pressed Caramel<\/h3>\n<p>Toote kood: BF-EL371-VG<br \/>\nM\u00f5\u00f5dud: 650 x 130 x 15 mm<br \/>\nViimistlus: lakitud\/\u00f5li<br \/>\nNurgad: nano bevel (4 k\u00fclge)<\/p>\n<p><strong>Hind:<\/strong> 65,52 \u20ac[\/vc_column_text][\/vc_column][\/vc_row]<\/p>\n","protected":false},"excerpt":{"rendered":"<p>MOSO\u00ae Bamboo Elite kalasaba parkett on valmistatud kolmekihilisest naturaalsest bambusest, mille keskmine kiht on t\u00e4iendavalt ristsuunas pressitud, et maksimeerida parketi stabiilsust<br \/>\nParkett liidestub pesa\/keel \u00fchendusega, mis on paigaldamise h\u00f5lbustamiseks paigutatud vaheldumisi nii vasakule kui paremale<\/p>\n","protected":false},"featured_media":78100,"comment_status":"open","ping_status":"closed","template":"","meta":{"_acf_changed":false},"factory":[],"free-shipment":[],"product_brand":[],"product_cat":[1688,176],"product_tag":[132],"class_list":{"0":"post-78417","1":"product","2":"type-product","3":"status-publish","4":"has-post-thumbnail","6":"product_cat-moso-bamboo-elite-kollektsioon","7":"product_cat-porand","8":"product_tag-floor-et-2","10":"first","11":"instock","12":"sale","13":"taxable","14":"shipping-taxable","15":"purchasable","16":"product-type-simple"},"acf":[],"_links":{"self":[{"href":"https:\/\/factory.sale\/et\/wp-json\/wp\/v2\/product\/78417","targetHints":{"allow":["GET"]}}],"collection":[{"href":"https:\/\/factory.sale\/et\/wp-json\/wp\/v2\/product"}],"about":[{"href":"https:\/\/factory.sale\/et\/wp-json\/wp\/v2\/types\/product"}],"replies":[{"embeddable":true,"href":"https:\/\/factory.sale\/et\/wp-json\/wp\/v2\/comments?post=78417"}],"wp:featuredmedia":[{"embeddable":true,"href":"https:\/\/factory.sale\/et\/wp-json\/wp\/v2\/media\/78100"}],"wp:attachment":[{"href":"https:\/\/factory.sale\/et\/wp-json\/wp\/v2\/media?parent=78417"}],"wp:term":[{"taxonomy":"factory","embeddable":true,"href":"https:\/\/factory.sale\/et\/wp-json\/wp\/v2\/factory?post=78417"},{"taxonomy":"free-shipment","embeddable":true,"href":"https:\/\/factory.sale\/et\/wp-json\/wp\/v2\/free-shipment?post=78417"},{"taxonomy":"product_brand","embeddable":true,"href":"https:\/\/factory.sale\/et\/wp-json\/wp\/v2\/product_brand?post=78417"},{"taxonomy":"product_cat","embeddable":true,"href":"https:\/\/factory.sale\/et\/wp-json\/wp\/v2\/product_cat?post=78417"},{"taxonomy":"product_tag","embeddable":true,"href":"https:\/\/factory.sale\/et\/wp-json\/wp\/v2\/product_tag?post=78417"}],"curies":[{"name":"wp","href":"https:\/\/api.w.org\/{rel}","templated":true}]}}