{"id":78352,"date":"2024-02-23T15:42:26","date_gmt":"2024-02-23T15:46:14","guid":{"rendered":"https:\/\/factory.sale\/?post_type=product&#038;p=78352"},"modified":"2024-07-13T00:00:20","modified_gmt":"2024-07-12T21:00:20","slug":"liivatuskillustik-weber-purustatud-3-6mm-20kg","status":"publish","type":"product","link":"https:\/\/factory.sale\/et\/toode\/liivatuskillustik-weber-purustatud-3-6mm-20kg\/","title":{"rendered":"Liivatuskillustik Weber purustatud 3-6mm 20kg"},"content":{"rendered":"<p>Purustatud liivatuskillustik libisemise v\u00e4ltimiseks.<br \/>\nWeber Liivatuskillustik on puhas, kuivatatud ja purustatud looduslik liiv \u00f5uealade teeradade liivatamiseks. Mugav puistata otse kotist. Hea libisemisvastane toime. Toode ei j\u00e4\u00e4tu ka k\u00f5ige k\u00fclmemate k\u00fclmadega.<\/p>\n<p>Terade suurus 3-6 mm.<\/p>\n<p>Levitamisviis: k\u00e4sitsi levitatav<\/p>\n<p>&nbsp;<\/p>\n<p><strong>Tehnilised informatsioon:<\/strong><\/p>\n<ul>\n<li>Tootenumero: 501771344<\/li>\n<li>EAN-kood: 6415910032982<\/li>\n<li>Kaal: 20 kg<\/li>\n<li>K\u00f5rgus: 8 cm<\/li>\n<li>Pikkus: 51 cm<\/li>\n<li>Laius: 28 cm<\/li>\n<\/ul>\n","protected":false},"excerpt":{"rendered":"<p>Purustatud liivatuskillustik libisemise v\u00e4ltimiseks.<br \/>\nWeber Liivatuskillustik on puhas, kuivatatud ja purustatud looduslik liiv \u00f5uealade teeradade liivatamiseks. Mugav puistata otse kotist. Hea libisemisvastane toime. Toode ei j\u00e4\u00e4tu ka k\u00f5ige k\u00fclmemate k\u00fclmadega.<\/p>\n<p><img loading=\"lazy\" decoding=\"async\" class=\"alignnone size-medium wp-image-78347\" src=\"https:\/\/factory.sale\/wp-content\/uploads\/2024\/02\/finland-300x223.png\" alt=\"\" width=\"300\" height=\"223\" srcset=\"https:\/\/factory.sale\/wp-content\/uploads\/2024\/02\/finland-300x223.png 300w, https:\/\/factory.sale\/wp-content\/uploads\/2024\/02\/finland-150x111.png 150w, https:\/\/factory.sale\/wp-content\/uploads\/2024\/02\/finland-600x445.png 600w, https:\/\/factory.sale\/wp-content\/uploads\/2024\/02\/finland.png 612w\" sizes=\"auto, (max-width: 300px) 100vw, 300px\" \/><\/p>\n","protected":false},"featured_media":78350,"comment_status":"open","ping_status":"closed","template":"","meta":{"_acf_changed":false},"factory":[],"free-shipment":[],"product_brand":[],"product_cat":[924,2796],"product_tag":[],"class_list":{"0":"post-78352","1":"product","2":"type-product","3":"status-publish","4":"has-post-thumbnail","6":"product_cat-aiatooted","7":"product_cat-tanavasool-ja-liivatamine","9":"first","10":"instock","11":"sale","12":"taxable","13":"shipping-taxable","14":"purchasable","15":"product-type-simple"},"acf":[],"_links":{"self":[{"href":"https:\/\/factory.sale\/et\/wp-json\/wp\/v2\/product\/78352","targetHints":{"allow":["GET"]}}],"collection":[{"href":"https:\/\/factory.sale\/et\/wp-json\/wp\/v2\/product"}],"about":[{"href":"https:\/\/factory.sale\/et\/wp-json\/wp\/v2\/types\/product"}],"replies":[{"embeddable":true,"href":"https:\/\/factory.sale\/et\/wp-json\/wp\/v2\/comments?post=78352"}],"wp:featuredmedia":[{"embeddable":true,"href":"https:\/\/factory.sale\/et\/wp-json\/wp\/v2\/media\/78350"}],"wp:attachment":[{"href":"https:\/\/factory.sale\/et\/wp-json\/wp\/v2\/media?parent=78352"}],"wp:term":[{"taxonomy":"factory","embeddable":true,"href":"https:\/\/factory.sale\/et\/wp-json\/wp\/v2\/factory?post=78352"},{"taxonomy":"free-shipment","embeddable":true,"href":"https:\/\/factory.sale\/et\/wp-json\/wp\/v2\/free-shipment?post=78352"},{"taxonomy":"product_brand","embeddable":true,"href":"https:\/\/factory.sale\/et\/wp-json\/wp\/v2\/product_brand?post=78352"},{"taxonomy":"product_cat","embeddable":true,"href":"https:\/\/factory.sale\/et\/wp-json\/wp\/v2\/product_cat?post=78352"},{"taxonomy":"product_tag","embeddable":true,"href":"https:\/\/factory.sale\/et\/wp-json\/wp\/v2\/product_tag?post=78352"}],"curies":[{"name":"wp","href":"https:\/\/api.w.org\/{rel}","templated":true}]}}