{"id":78318,"date":"2024-02-23T14:20:48","date_gmt":"2024-02-23T14:28:00","guid":{"rendered":"https:\/\/factory.sale\/?post_type=product&#038;p=78318"},"modified":"2024-06-26T19:48:11","modified_gmt":"2024-06-26T19:48:11","slug":"maantee-sool-cc-road-25-kg","status":"publish","type":"product","link":"https:\/\/factory.sale\/et\/toode\/maantee-sool-cc-road-25-kg\/","title":{"rendered":"Maantee sool CC ROAD 25 kg"},"content":{"rendered":"<p>CC Road kaltsiumkloriidi helbed on t\u00f5hus, kiire ja pikaajaline lahendus libeduset\u00f5rjeks nii korteri\u00fchistutes kui ka kodumajapidamistes.<br \/>\nMuutlikes ilmastikuoludes on t\u00f5hus libeduset\u00f5rje ohutuse seisukohast h\u00e4davajalik nii teedel, k\u00f5nniteedel kui ka treppidel, r\u00e4\u00e4kimata \u00f5uealadest. CC Road kaltsiumkloriidi helbed toimivad kiiresti, on pikaajalise toimega ja t\u00f5husad. CC Roadi v\u00f5ib kasutada ka koos liiva v\u00f5i killustikuga, mis suurendab t\u00f5husalt h\u00f5\u00f5rdumist j\u00e4istel teedel. Soola sattumist kahjustatud v\u00f5i kulunud betoonpindadele tuleks v\u00e4ltida, kuna sulamisprotsessi ajal v\u00f5ib soolalahus tungida betooni pooridesse ja kahjustada struktuuri pikema aja jooksul.<\/p>\n<p>&nbsp;<\/p>\n<p>NB! H319 P\u00f5hjustab t\u00f5sist silma\u00e4rritust.<\/p>\n<p><strong>TOOTEINFO:<\/strong><\/p>\n<ul>\n<li>Br\u00e4nd: tetra<\/li>\n<li>EAN-kood: 6430020621116<\/li>\n<li>Ladustamis\u00fcksuse k\u00f5rgus (cm): 35,0<\/li>\n<li>Ladustamis\u00fcksuse laius (cm): 15,0<\/li>\n<li>Ladustamis\u00fcksuse s\u00fcgavus (cm): 60,0<\/li>\n<li>Ladustamis\u00fcksuse kaal (kg): 25,0<\/li>\n<li>M\u00fc\u00fcgipakend 1: 1,0 SK<\/li>\n<li>M\u00fc\u00fcgipakend 2: 1,0 SK<\/li>\n<li>M\u00fc\u00fcgipakend 3 : 42,0 SK<\/li>\n<\/ul>\n","protected":false},"excerpt":{"rendered":"<p>CC Road kaltsiumkloriidi helbed on t\u00f5hus, kiire ja pikaajaline lahendus libeduset\u00f5rjeks nii korteri\u00fchistutes kui ka kodumajapidamistes.<br \/>\nMuutlikes ilmastikuoludes on t\u00f5hus libeduset\u00f5rje ohutuse seisukohast h\u00e4davajalik nii teedel, k\u00f5nniteedel kui ka treppidel, r\u00e4\u00e4kimata \u00f5uealadest. CC Road kaltsiumkloriidi helbed toimivad kiiresti, on pikaajalise toimega ja t\u00f5husad. CC Roadi v\u00f5ib kasutada ka koos liiva v\u00f5i killustikuga, mis suurendab t\u00f5husalt h\u00f5\u00f5rdumist j\u00e4istel teedel. Soola sattumist kahjustatud v\u00f5i kulunud betoonpindadele tuleks v\u00e4ltida, kuna sulamisprotsessi ajal v\u00f5ib soolalahus tungida betooni pooridesse ja kahjustada struktuuri pikema aja jooksul.<\/p>\n","protected":false},"featured_media":78315,"comment_status":"open","ping_status":"closed","template":"","meta":{"_acf_changed":false},"factory":[],"free-shipment":[],"product_brand":[],"product_cat":[924,2796],"product_tag":[2714],"class_list":{"0":"post-78318","1":"product","2":"type-product","3":"status-publish","4":"has-post-thumbnail","6":"product_cat-aiatooted","7":"product_cat-tanavasool-ja-liivatamine","8":"product_tag-yard-and-garden-et","10":"first","11":"instock","12":"sale","13":"taxable","14":"shipping-taxable","15":"purchasable","16":"product-type-simple"},"acf":[],"_links":{"self":[{"href":"https:\/\/factory.sale\/et\/wp-json\/wp\/v2\/product\/78318","targetHints":{"allow":["GET"]}}],"collection":[{"href":"https:\/\/factory.sale\/et\/wp-json\/wp\/v2\/product"}],"about":[{"href":"https:\/\/factory.sale\/et\/wp-json\/wp\/v2\/types\/product"}],"replies":[{"embeddable":true,"href":"https:\/\/factory.sale\/et\/wp-json\/wp\/v2\/comments?post=78318"}],"wp:featuredmedia":[{"embeddable":true,"href":"https:\/\/factory.sale\/et\/wp-json\/wp\/v2\/media\/78315"}],"wp:attachment":[{"href":"https:\/\/factory.sale\/et\/wp-json\/wp\/v2\/media?parent=78318"}],"wp:term":[{"taxonomy":"factory","embeddable":true,"href":"https:\/\/factory.sale\/et\/wp-json\/wp\/v2\/factory?post=78318"},{"taxonomy":"free-shipment","embeddable":true,"href":"https:\/\/factory.sale\/et\/wp-json\/wp\/v2\/free-shipment?post=78318"},{"taxonomy":"product_brand","embeddable":true,"href":"https:\/\/factory.sale\/et\/wp-json\/wp\/v2\/product_brand?post=78318"},{"taxonomy":"product_cat","embeddable":true,"href":"https:\/\/factory.sale\/et\/wp-json\/wp\/v2\/product_cat?post=78318"},{"taxonomy":"product_tag","embeddable":true,"href":"https:\/\/factory.sale\/et\/wp-json\/wp\/v2\/product_tag?post=78318"}],"curies":[{"name":"wp","href":"https:\/\/api.w.org\/{rel}","templated":true}]}}