{"id":78306,"date":"2024-02-23T14:09:10","date_gmt":"2024-02-23T14:13:14","guid":{"rendered":"https:\/\/factory.sale\/?post_type=product&#038;p=78306"},"modified":"2024-06-26T19:15:53","modified_gmt":"2024-06-26T19:15:53","slug":"libedustorjekillustik-hss-61009-20-kg","status":"publish","type":"product","link":"https:\/\/factory.sale\/et\/toode\/libedustorjekillustik-hss-61009-20-kg\/","title":{"rendered":"Libedust\u00f5rjekillustik HSS 61009 20 kg"},"content":{"rendered":"<p>Libestust\u00f5rjekillustik erinevateks libestust\u00f5rje vajadusteks. Pakendis 20 kg.<br \/>\nKuiva libestust\u00f5rjekillustikuga t\u00f5rjud libedust ja seda on mugav teele puistada.<\/p>\n<p>&nbsp;<\/p>\n<p><strong>TOOTEINFO:<\/strong><\/p>\n<ul>\n<li>Br\u00e4nd: fescon<\/li>\n<li>EAN-kood: 6416841610096<\/li>\n<li>Terade suurus: 3 &#8211; 6 mm<\/li>\n<li>Pakendi suurus: 20 kg, plastikkotis<\/li>\n<li>Ladustamis\u00fcksuse k\u00f5rgus (cm): 11,0<\/li>\n<li>Ladustamis\u00fcksuse laius (cm): 31,0<\/li>\n<li>Ladustamis\u00fcksuse s\u00fcgavus (cm): 51,0<\/li>\n<li>Ladustamis\u00fcksuse kaal (kg): 20,0<\/li>\n<li>M\u00fc\u00fcgipakend 1: 1,0 SK<\/li>\n<li>M\u00fc\u00fcgipakend 2: 1,0 SK<\/li>\n<li>M\u00fc\u00fcgipakend 3: 48,0 SK<\/li>\n<\/ul>\n","protected":false},"excerpt":{"rendered":"<p>Libestust\u00f5rjekillustik erinevateks libestust\u00f5rje vajadusteks. Pakendis 20 kg.<br \/>\nKuiva libestust\u00f5rjekillustikuga t\u00f5rjud libedust ja seda on mugav teele puistada.<\/p>\n","protected":false},"featured_media":78304,"comment_status":"open","ping_status":"closed","template":"","meta":{"_acf_changed":false},"factory":[],"free-shipment":[],"product_brand":[],"product_cat":[924,2796],"product_tag":[2714],"class_list":{"0":"post-78306","1":"product","2":"type-product","3":"status-publish","4":"has-post-thumbnail","6":"product_cat-aiatooted","7":"product_cat-tanavasool-ja-liivatamine","8":"product_tag-yard-and-garden-et","10":"first","11":"instock","12":"sale","13":"taxable","14":"shipping-taxable","15":"purchasable","16":"product-type-simple"},"acf":[],"_links":{"self":[{"href":"https:\/\/factory.sale\/et\/wp-json\/wp\/v2\/product\/78306","targetHints":{"allow":["GET"]}}],"collection":[{"href":"https:\/\/factory.sale\/et\/wp-json\/wp\/v2\/product"}],"about":[{"href":"https:\/\/factory.sale\/et\/wp-json\/wp\/v2\/types\/product"}],"replies":[{"embeddable":true,"href":"https:\/\/factory.sale\/et\/wp-json\/wp\/v2\/comments?post=78306"}],"wp:featuredmedia":[{"embeddable":true,"href":"https:\/\/factory.sale\/et\/wp-json\/wp\/v2\/media\/78304"}],"wp:attachment":[{"href":"https:\/\/factory.sale\/et\/wp-json\/wp\/v2\/media?parent=78306"}],"wp:term":[{"taxonomy":"factory","embeddable":true,"href":"https:\/\/factory.sale\/et\/wp-json\/wp\/v2\/factory?post=78306"},{"taxonomy":"free-shipment","embeddable":true,"href":"https:\/\/factory.sale\/et\/wp-json\/wp\/v2\/free-shipment?post=78306"},{"taxonomy":"product_brand","embeddable":true,"href":"https:\/\/factory.sale\/et\/wp-json\/wp\/v2\/product_brand?post=78306"},{"taxonomy":"product_cat","embeddable":true,"href":"https:\/\/factory.sale\/et\/wp-json\/wp\/v2\/product_cat?post=78306"},{"taxonomy":"product_tag","embeddable":true,"href":"https:\/\/factory.sale\/et\/wp-json\/wp\/v2\/product_tag?post=78306"}],"curies":[{"name":"wp","href":"https:\/\/api.w.org\/{rel}","templated":true}]}}