{"id":78243,"date":"2024-02-23T10:32:40","date_gmt":"2024-02-23T10:35:27","guid":{"rendered":"https:\/\/factory.sale\/?post_type=product&#038;p=78243"},"modified":"2024-06-27T18:40:42","modified_gmt":"2024-06-27T18:40:42","slug":"maanteesool-mgcl2-25kg","status":"publish","type":"product","link":"https:\/\/factory.sale\/et\/toode\/maanteesool-mgcl2-25kg\/","title":{"rendered":"Maanteesool MgCl2 25kg"},"content":{"rendered":"<p><strong>Toote number:<\/strong> 502522441<\/p>\n<p><strong>EAN kood:<\/strong> 6414505179453<\/p>\n<p>&nbsp;<\/p>\n<p>Helbelise magneesiumkloriidi sobib j\u00e4\u00e4 sulatamiseks ja on suurep\u00e4rane tolmu siduv aine tolmu t\u00f5rjeks hoovides, t\u00e4navatel ning palli- ja ratsaspordiv\u00e4ljakutel. \u00a0Helbelise magneesiumkloriidi sobib j\u00e4\u00e4 sulatamiseks ja on suurep\u00e4rane tolmu siduv aine tolmu t\u00f5rjeks hoovides, t\u00e4navatel ning palli- ja ratsaspordiv\u00e4ljakutel. Kevadel ja kuival suvel v\u00f5ib hoovialade tolmamine p\u00f5hjustada muuhulgas silmade ja hingamisteede \u00e4rritust, seega tolmu sidumine aitab parandada v\u00e4litingimusi. Magneesiumkloriidi toime p\u00f5hineb selle v\u00f5imel endasse niiskust imada ja siduda \u00fcmbritsevast keskkonnast tolmuosakesi.<\/p>\n<p>&nbsp;<\/p>\n<p><strong>PAKEND:<\/strong><\/p>\n<ul>\n<li>Netosisu: 25 KG<\/li>\n<\/ul>\n","protected":false},"excerpt":{"rendered":"<p>Helbeline magneesiumkloriid sobib j\u00e4\u00e4 sulatamiseks ja on suurep\u00e4rane tolmu siduv aine tolmu t\u00f5rjeks hoovides, t\u00e4navatel ning palli- ja ratsaspordiv\u00e4ljakutel. \u00a0Helbelise magneesiumkloriidi sobib j\u00e4\u00e4 sulatamiseks ja on suurep\u00e4rane tolmu siduv aine tolmu t\u00f5rjeks hoovides, t\u00e4navatel ning palli- ja ratsaspordiv\u00e4ljakutel. Kevadel ja kuival suvel v\u00f5ib hoovialade tolmamine p\u00f5hjustada muuhulgas silmade ja hingamisteede \u00e4rritust, seega tolmu sidumine aitab parandada v\u00e4litingimusi. Magneesiumkloriidi toime p\u00f5hineb selle v\u00f5imel endasse niiskust imada ja siduda \u00fcmbritsevast keskkonnast tolmuosakesi.<\/p>\n","protected":false},"featured_media":78240,"comment_status":"open","ping_status":"closed","template":"","meta":{"_acf_changed":false},"factory":[],"free-shipment":[],"product_brand":[],"product_cat":[924,2796],"product_tag":[],"class_list":{"0":"post-78243","1":"product","2":"type-product","3":"status-publish","4":"has-post-thumbnail","6":"product_cat-aiatooted","7":"product_cat-tanavasool-ja-liivatamine","9":"first","10":"instock","11":"sale","12":"taxable","13":"shipping-taxable","14":"purchasable","15":"product-type-simple"},"acf":[],"_links":{"self":[{"href":"https:\/\/factory.sale\/et\/wp-json\/wp\/v2\/product\/78243","targetHints":{"allow":["GET"]}}],"collection":[{"href":"https:\/\/factory.sale\/et\/wp-json\/wp\/v2\/product"}],"about":[{"href":"https:\/\/factory.sale\/et\/wp-json\/wp\/v2\/types\/product"}],"replies":[{"embeddable":true,"href":"https:\/\/factory.sale\/et\/wp-json\/wp\/v2\/comments?post=78243"}],"wp:featuredmedia":[{"embeddable":true,"href":"https:\/\/factory.sale\/et\/wp-json\/wp\/v2\/media\/78240"}],"wp:attachment":[{"href":"https:\/\/factory.sale\/et\/wp-json\/wp\/v2\/media?parent=78243"}],"wp:term":[{"taxonomy":"factory","embeddable":true,"href":"https:\/\/factory.sale\/et\/wp-json\/wp\/v2\/factory?post=78243"},{"taxonomy":"free-shipment","embeddable":true,"href":"https:\/\/factory.sale\/et\/wp-json\/wp\/v2\/free-shipment?post=78243"},{"taxonomy":"product_brand","embeddable":true,"href":"https:\/\/factory.sale\/et\/wp-json\/wp\/v2\/product_brand?post=78243"},{"taxonomy":"product_cat","embeddable":true,"href":"https:\/\/factory.sale\/et\/wp-json\/wp\/v2\/product_cat?post=78243"},{"taxonomy":"product_tag","embeddable":true,"href":"https:\/\/factory.sale\/et\/wp-json\/wp\/v2\/product_tag?post=78243"}],"curies":[{"name":"wp","href":"https:\/\/api.w.org\/{rel}","templated":true}]}}