{"id":7756,"date":"2022-08-14T08:57:19","date_gmt":"2022-08-14T08:59:53","guid":{"rendered":"https:\/\/factory.sale\/?post_type=product&#038;p=7756"},"modified":"2024-06-26T00:40:42","modified_gmt":"2024-06-26T00:40:42","slug":"tooriistakuur-238-m2","status":"publish","type":"product","link":"https:\/\/factory.sale\/et\/toode\/tooriistakuur-238-m2\/","title":{"rendered":"T\u00f6\u00f6riistakuur 2,38 m2"},"content":{"rendered":"<p><strong>INFORMATISOON:<\/strong><\/p>\n<ul>\n<li><strong>P\u00f5hja m\u00f5\u00f5dud:<\/strong>\u00a01170 x 2030 mm, k\u00f5rgus: 1800 mm<\/li>\n<li><strong>Materjal:<\/strong> seinad ja katus 0,25mm galvaniseeritud teras plekk, karkass 0,6mm galvaniseeritud teras.<\/li>\n<li><strong>L\u00fckanduksed:<\/strong> k\u00f5rgus 1580 mm<\/li>\n<li><strong> 2 ventilatsiooni ava<\/strong><\/li>\n<li>Pakendatud kahte kasti.<\/li>\n<\/ul>\n","protected":false},"excerpt":{"rendered":"<p>Kuur, mis mahutab ilusti sinu aiatarbed.<\/p>\n","protected":false},"featured_media":11465,"comment_status":"open","ping_status":"closed","template":"","meta":{"_acf_changed":false},"factory":[],"free-shipment":[],"product_brand":[],"product_cat":[924,2356],"product_tag":[1483,1484],"class_list":{"0":"post-7756","1":"product","2":"type-product","3":"status-publish","4":"has-post-thumbnail","6":"product_cat-aiatooted","7":"product_cat-aiarajatised","8":"product_tag-garden-et","9":"product_tag-yard-et","11":"first","12":"instock","13":"sale","14":"taxable","15":"shipping-taxable","16":"purchasable","17":"product-type-simple"},"acf":[],"_links":{"self":[{"href":"https:\/\/factory.sale\/et\/wp-json\/wp\/v2\/product\/7756","targetHints":{"allow":["GET"]}}],"collection":[{"href":"https:\/\/factory.sale\/et\/wp-json\/wp\/v2\/product"}],"about":[{"href":"https:\/\/factory.sale\/et\/wp-json\/wp\/v2\/types\/product"}],"replies":[{"embeddable":true,"href":"https:\/\/factory.sale\/et\/wp-json\/wp\/v2\/comments?post=7756"}],"wp:featuredmedia":[{"embeddable":true,"href":"https:\/\/factory.sale\/et\/wp-json\/wp\/v2\/media\/11465"}],"wp:attachment":[{"href":"https:\/\/factory.sale\/et\/wp-json\/wp\/v2\/media?parent=7756"}],"wp:term":[{"taxonomy":"factory","embeddable":true,"href":"https:\/\/factory.sale\/et\/wp-json\/wp\/v2\/factory?post=7756"},{"taxonomy":"free-shipment","embeddable":true,"href":"https:\/\/factory.sale\/et\/wp-json\/wp\/v2\/free-shipment?post=7756"},{"taxonomy":"product_brand","embeddable":true,"href":"https:\/\/factory.sale\/et\/wp-json\/wp\/v2\/product_brand?post=7756"},{"taxonomy":"product_cat","embeddable":true,"href":"https:\/\/factory.sale\/et\/wp-json\/wp\/v2\/product_cat?post=7756"},{"taxonomy":"product_tag","embeddable":true,"href":"https:\/\/factory.sale\/et\/wp-json\/wp\/v2\/product_tag?post=7756"}],"curies":[{"name":"wp","href":"https:\/\/api.w.org\/{rel}","templated":true}]}}