{"id":7736,"date":"2022-07-04T11:37:41","date_gmt":"2022-07-04T11:38:12","guid":{"rendered":"https:\/\/factory.sale\/?post_type=product&#038;p=7736"},"modified":"2024-07-01T23:59:55","modified_gmt":"2024-07-01T23:59:55","slug":"kasvuhoone-hybrid-balance","status":"publish","type":"product","link":"https:\/\/factory.sale\/et\/toode\/kasvuhoone-hybrid-balance\/","title":{"rendered":"Kasvuhoone Hybrid Balance"},"content":{"rendered":"<p>Kasvuhoone Hybrid Balance \u2013 Hybrid \u00a0kasvuhoone seeria \u00fchendab praktilist disaini koos esteetilise, funktsionaalse ja vastupidava konstruktsiooniga. Taimed saavad tasakaalustatud kokkupuute p\u00e4ikesevalgusega, mida pakuvad kombineeritud kahekihilised tugevad pol\u00fckarbonaat paneelid katusel ja l\u00e4bipaistvad pol\u00fckarbonaadist plaadid seintel.<\/p>\n<p>\u201cBalance\u201d kasvuhooned on kergesti paigaldatavad ja sisaldavad galvaniseeritud terasest alusraami. Hingedega uks\u00a0 ja muud lisafunktsioonid aitavad suurendada kasvuhoone kasutusmugavust. \u00a0Kasvuhooned taluvad\u00a0 pikaajaliselt\u00a0 ekstreemseid ilmastikutingimusi .<\/p>\n<p><strong>Kombineeritud pol\u00fckarbonaadi plaadid tagavad taimede optimaalse kasvu<\/strong><\/p>\n<ul>\n<li>Katteplaadid on vastupidavad t\u00e4nu oma paindlikkuse ja l\u00f6\u00f6gikindlusega<\/li>\n<li>Katusepaneelid \u2013 kahe kihilised 4mm pol\u00fckarbonaadist katuseplaadid kaitsevad taimi tugeva p\u00e4ikesevalguse kiirte eest<\/li>\n<li>Seinapaneelid \u2013 kristalselt l\u00e4bipaistvad pol\u00fckarbonaat plaadid tagavad \u00fcle 90% valguse kokkupuute<\/li>\n<li>T\u00e4ielik UV-blokeering ja 100% UV kaitse.<\/li>\n<li>Paneelid on v\u00e4rvitud ja purunemiskindlad ning tagavad vastupidavuse \u00e4\u00e4rmuslikes ilmastikutingimustes pika aja jooksul.<\/li>\n<\/ul>\n<p><strong>Alumiiniumraam:<\/strong><\/p>\n<ul>\n<li>Garanteerib vastupidava, korrosioonikindla ja j\u00e4iga struktuuri.<\/li>\n<\/ul>\n<p><strong>Lihtne paigaldada:<\/strong><\/p>\n<ul>\n<li>L\u00fckands\u00fcsteem \u2013 pol\u00fckarbonaat plaate on kerge libistada alumiiniumliistude servadesse<\/li>\n<li>\u00dchesugused profiilid k\u00f5igile positsioonidele<\/li>\n<li>Ukse hinged saab paigaldada nii vasakule kui paremale.<\/li>\n<li>Uksel komplektis k\u00e4epide.<\/li>\n<li>2 akent<\/li>\n<\/ul>\n<p><strong>Sisseehitatud vihmaveerennid<\/strong><\/p>\n<p><strong>Katuseaken:<\/strong><\/p>\n<ul>\n<li>tagab piisava \u00f5huvoolu ja v\u00f5imaldab reguleerida kasvuhoone soojust ja niiskust<\/li>\n<\/ul>\n<p><strong>Tsingitud terasest alusraam:<\/strong><\/p>\n<ul>\n<li>Lisab kasvuhoonele stabiilsust<\/li>\n<\/ul>\n<p>&nbsp;<\/p>\n<p><strong>LISAINFORMATSIOON:<\/strong><\/p>\n<ul>\n<li>M\u00f5\u00f5t : 244 \u00d7 365 cm k\u00f5rgus 229 cm<\/li>\n<li>Ukse m\u00f5\u00f5t 114,5\u00d7194,5cm<\/li>\n<li>Lumekoormus 75kg\/m2<\/li>\n<\/ul>\n<p>&nbsp;<\/p>\n<p>&nbsp;<\/p>\n<p><a href=\"https:\/\/factory.sale\/wp-content\/uploads\/2022\/07\/Palram_Balance_8x12_89m2_juhend.pdf\" target=\"_blank\" rel=\"noopener\">Paigaldus-ja kasutusjuhend<\/a><\/p>\n","protected":false},"excerpt":{"rendered":"<p><strong>Hybrid \u00a0kasvuhoone<\/strong> seeria \u00fchendab praktilist disaini koos esteetilise, funktsionaalse ja vastupidava konstruktsiooniga. Taimed saavad tasakaalustatud kokkupuute p\u00e4ikesevalgusega, mida pakuvad kombineeritud kahekihilised tugevad pol\u00fckarbonaat paneelid katusel ja l\u00e4bipaistvad pol\u00fckarbonaadist plaadid seintel.<\/p>\n","protected":false},"featured_media":8032,"comment_status":"open","ping_status":"closed","template":"","meta":{"_acf_changed":false},"factory":[],"free-shipment":[],"product_brand":[],"product_cat":[221],"product_tag":[222],"class_list":{"0":"post-7736","1":"product","2":"type-product","3":"status-publish","4":"has-post-thumbnail","6":"product_cat-kasvuhooned","7":"product_tag-greenhouse-et-2","9":"first","10":"instock","11":"sale","12":"taxable","13":"shipping-taxable","14":"purchasable","15":"product-type-simple"},"acf":[],"_links":{"self":[{"href":"https:\/\/factory.sale\/et\/wp-json\/wp\/v2\/product\/7736","targetHints":{"allow":["GET"]}}],"collection":[{"href":"https:\/\/factory.sale\/et\/wp-json\/wp\/v2\/product"}],"about":[{"href":"https:\/\/factory.sale\/et\/wp-json\/wp\/v2\/types\/product"}],"replies":[{"embeddable":true,"href":"https:\/\/factory.sale\/et\/wp-json\/wp\/v2\/comments?post=7736"}],"wp:featuredmedia":[{"embeddable":true,"href":"https:\/\/factory.sale\/et\/wp-json\/wp\/v2\/media\/8032"}],"wp:attachment":[{"href":"https:\/\/factory.sale\/et\/wp-json\/wp\/v2\/media?parent=7736"}],"wp:term":[{"taxonomy":"factory","embeddable":true,"href":"https:\/\/factory.sale\/et\/wp-json\/wp\/v2\/factory?post=7736"},{"taxonomy":"free-shipment","embeddable":true,"href":"https:\/\/factory.sale\/et\/wp-json\/wp\/v2\/free-shipment?post=7736"},{"taxonomy":"product_brand","embeddable":true,"href":"https:\/\/factory.sale\/et\/wp-json\/wp\/v2\/product_brand?post=7736"},{"taxonomy":"product_cat","embeddable":true,"href":"https:\/\/factory.sale\/et\/wp-json\/wp\/v2\/product_cat?post=7736"},{"taxonomy":"product_tag","embeddable":true,"href":"https:\/\/factory.sale\/et\/wp-json\/wp\/v2\/product_tag?post=7736"}],"curies":[{"name":"wp","href":"https:\/\/api.w.org\/{rel}","templated":true}]}}