{"id":77265,"date":"2024-02-19T14:50:03","date_gmt":"2024-02-19T15:22:15","guid":{"rendered":"https:\/\/factory.sale\/?post_type=product&#038;p=77265"},"modified":"2025-05-04T15:20:52","modified_gmt":"2025-05-04T12:20:52","slug":"caliskan-puukuttega-ahi-216-3d","status":"publish","type":"product","link":"https:\/\/factory.sale\/et\/toode\/caliskan-puukuttega-ahi-216-3d\/","title":{"rendered":"\u00c7al\u0131\u015fkan puuk\u00fcttega ahi 216-3D"},"content":{"rendered":"<p>See on multifunktsionaalne ahi, mis on fantastiline meistriteos igas toas. See suudab soojendada teie suurt tuba oma k\u00f5rge energiat\u00f5hususega. V\u00f5imaldab maksimaalselt \u00e4ra kasutada iga puut\u00fcki, mille sisse panete. Selles ahjus on ventilatsiooniklapp, mis juhib toidul\u00f5hnad l\u00e4bi korstna\u00fchenduse ahjus seest v\u00e4lja, nii et toidul\u00f5hnad ei levi k\u00fcpsetamise ajal tuppa.<\/p>\n<p>T\u00e4nu suurep\u00e4rasele ahju k\u00f5rgusele pakub see ahi v\u00f5imalust k\u00fcpsetada nii punast kui ka valget liha tandoori stiilis puutulel!<\/p>\n<p>Kuubikukujuline ja maal\u00e4hedase stiiliga disain koos modernse viimistlusega sobib suurep\u00e4raselt nii v\u00e4ikestesse kui ka avaratesse tubadesse. Premium klassi materjalide kasutamine koos t\u00e4pse k\u00e4sit\u00f6\u00f6oskusega tagab pikaajalisuse ja originaalparameetrite s\u00e4ilimise isegi sagedasel kasutamisel.<\/p>\n<p>Kolm suurt klaasi pakuvad suurep\u00e4rast vaadet leekidele.<br \/>\nSee ahi on suurep\u00e4rase v\u00e4limusega ahi, mis ei tundu \u00fcheski kodus kohatuna. See on varustatud suurep\u00e4raste omadustega, et hoida klaasid puhtad ja pakkuda paremat soojusvoolu ruumis. Sellel on ilus malmist uks ja suured klaasid, mis annavad suurep\u00e4rase vaate leekidele.<\/p>\n<p>216-3D on teie kodu jaoks t\u00e4iuslik keskkonnas\u00f5braliku ahju valik. See on BlmSchV ja EcoDesign poolt heaks kiidetud ning vastab alates 2022. aastast kehtestatud uutele puhta \u00f5hu standarditele. Lisaks on see turul \u00fcks parima hinnaga ahjusid.<\/p>\n<p><em><strong>5 aastat garantiid!<\/strong><\/em><\/p>\n<p>&nbsp;<\/p>\n<p><strong>Tehniline teave:<\/strong><\/p>\n<ul>\n<li>V\u00f5imsus: 8,450 kW<\/li>\n<li>Tulekindlad \u0161amotttellised<\/li>\n<li>Kahe ts\u00fckliga k\u00fcpsetuss\u00fcsteem<\/li>\n<li>M\u00f5\u00f5dud: s\u00fcgavus 55 \u00d7 laius 85 \u00d7 k\u00f5rgus 91 cm<\/li>\n<li>Soojusv\u00f5imsus: 84 m\u00b2<\/li>\n<li>Valurauast osad: \u00fclaosa, raam, katted, rest<\/li>\n<li>Klaasemailiga viimistletud korpus<\/li>\n<li>Korstnatoru l\u00e4bim\u00f5\u00f5t: 130 mm<\/li>\n<li>Termo\u0161okikindel keraamiline klaas<\/li>\n<li>Lihtne puhastada<\/li>\n<li>Kaheastmeline termomeetriga ahi<\/li>\n<li>Paks metallplekk<\/li>\n<li>Kaal: 110 kg<\/li>\n<li>Eesmine ja vasakpoolne keraamiline klaas<\/li>\n<li>K\u00fctus: puit<\/li>\n<\/ul>\n<p>&nbsp;<\/p>\n<p>&nbsp;<\/p>\n<p><strong>Sertifikaadid:<\/strong><\/p>\n<ul>\n<li>Eco Design 2022<\/li>\n<li>BlmSchV 2. tase (F\u00f6deraalse Heitkoguste Kaitse M\u00e4\u00e4rus) t\u00e4idetud.<\/li>\n<li>CE<\/li>\n<li>15a B-VG<\/li>\n<li>Certificato Ambientale<\/li>\n<li>DEFRA heaks kiidetud<\/li>\n<\/ul>\n<p>&nbsp;<\/p>\n<p><em>Lugege ja j\u00e4rgige kasutusjuhendit.<\/em><br \/>\n<em>Kasutage ainult heakskiidetud k\u00fctust &#8211; korralikult kuivatatud ja l\u00f5hutud k\u00fcttepuud!<\/em><\/p>\n<p>&nbsp;<\/p>\n<p><a href=\"https:\/\/factory.sale\/wp-content\/uploads\/2024\/02\/214_216_CASING_212_USER_MANUAL_ENGLISH.pdf\" target=\"_blank\" rel=\"noopener\">Kasutus-ja paigaldusjuhend<\/a><\/p>\n<p>&nbsp;<\/p>\n<div class=\"video-wrapper \"><iframe loading=\"lazy\" title=\"Panorama-Herd Caliskan 216-3D\" width=\"500\" height=\"281\" src=\"https:\/\/www.youtube.com\/embed\/rSjHyQwErQ4?feature=oembed\" frameborder=\"0\" allow=\"accelerometer; autoplay; clipboard-write; encrypted-media; gyroscope; picture-in-picture; web-share\" referrerpolicy=\"strict-origin-when-cross-origin\" allowfullscreen><\/iframe><\/div>\n","protected":false},"excerpt":{"rendered":"<p>\u00c7ALI\u015eKAN 216-3D on premium-klassi puuk\u00fcttega ahi. See on klaasitud kolmest k\u00fcljest. Nii ees kui ka k\u00fclgedel on suured klaaspaneelid, mis muudavad 216-3D muljetavaldavaks kaminaks. See mudel pakub laia vaadet tulele.<\/p>\n<p>&nbsp;<\/p>\n<p>K\u00f6etava ruumi pindala 10 \u2013 100m\u00b2.<\/p>\n<p>TASUTA TRANSPORT EU PIIRKONNAS!<\/p>\n","protected":false},"featured_media":77263,"comment_status":"open","ping_status":"closed","template":"","meta":{"_acf_changed":false},"factory":[],"free-shipment":[],"product_brand":[],"product_cat":[1247,2786],"product_tag":[1892,2103],"class_list":{"0":"post-77265","1":"product","2":"type-product","3":"status-publish","4":"has-post-thumbnail","6":"product_cat-ahjud","7":"product_cat-caliskan-et","8":"product_tag-stove-et","9":"product_tag-woodburning-stove-et","11":"first","12":"instock","13":"sale","14":"taxable","15":"shipping-taxable","16":"purchasable","17":"product-type-simple"},"acf":[],"_links":{"self":[{"href":"https:\/\/factory.sale\/et\/wp-json\/wp\/v2\/product\/77265","targetHints":{"allow":["GET"]}}],"collection":[{"href":"https:\/\/factory.sale\/et\/wp-json\/wp\/v2\/product"}],"about":[{"href":"https:\/\/factory.sale\/et\/wp-json\/wp\/v2\/types\/product"}],"replies":[{"embeddable":true,"href":"https:\/\/factory.sale\/et\/wp-json\/wp\/v2\/comments?post=77265"}],"wp:featuredmedia":[{"embeddable":true,"href":"https:\/\/factory.sale\/et\/wp-json\/wp\/v2\/media\/77263"}],"wp:attachment":[{"href":"https:\/\/factory.sale\/et\/wp-json\/wp\/v2\/media?parent=77265"}],"wp:term":[{"taxonomy":"factory","embeddable":true,"href":"https:\/\/factory.sale\/et\/wp-json\/wp\/v2\/factory?post=77265"},{"taxonomy":"free-shipment","embeddable":true,"href":"https:\/\/factory.sale\/et\/wp-json\/wp\/v2\/free-shipment?post=77265"},{"taxonomy":"product_brand","embeddable":true,"href":"https:\/\/factory.sale\/et\/wp-json\/wp\/v2\/product_brand?post=77265"},{"taxonomy":"product_cat","embeddable":true,"href":"https:\/\/factory.sale\/et\/wp-json\/wp\/v2\/product_cat?post=77265"},{"taxonomy":"product_tag","embeddable":true,"href":"https:\/\/factory.sale\/et\/wp-json\/wp\/v2\/product_tag?post=77265"}],"curies":[{"name":"wp","href":"https:\/\/api.w.org\/{rel}","templated":true}]}}