{"id":77226,"date":"2024-02-19T12:48:56","date_gmt":"2024-02-19T13:10:12","guid":{"rendered":"https:\/\/factory.sale\/?post_type=product&#038;p=77226"},"modified":"2025-05-04T16:04:31","modified_gmt":"2025-05-04T13:04:31","slug":"caliskan-puukuttega-ahi-216-box","status":"publish","type":"product","link":"https:\/\/factory.sale\/et\/toode\/caliskan-puukuttega-ahi-216-box\/","title":{"rendered":"\u00c7al\u0131\u015fkan puuk\u00fcttega ahi 216-BOX"},"content":{"rendered":"<p>Ideaalne valik klassikalise stiili hoidmiseks ilma efektiivsuse ja keskkonnas\u00f5bralikuse osas j\u00e4releandmisi tegemata!<\/p>\n<p>Otsid soojust ja v\u00f5lu oma koju?<br \/>\nAvasta \u00c7al\u0131\u015fkani suurep\u00e4rane \u00a0ahjude kollektsioon. Valikuid alates klassikalisest kuni kaasaegseteni- t\u00e4iuslikud puuahjud iga stiili jaoks.<\/p>\n<p>Valmistatud malmist, rohkem kui poole sajandi \u00c7al\u0131\u015fkani traditsiooniga, on see ahi varustatud viimaste tehnoloogiate ja omadustega. Omadusteks on \u00fclegabariidiline keraamiline klaas, mis pakub h\u00e4mmastavat vaadet v\u00f5rratutele leekidele.<\/p>\n<p>Uus puuahi on kujundatud keskkonda austades ja sulandub vaevata teie kodu disainiga, pakkudes teile maksimaalset mugavust ja efektiivsust.<\/p>\n<p>T\u00e4nu suurep\u00e4rasele ahju k\u00f5rgusele pakub see ahi v\u00f5imalust k\u00fcpsetada nii punast kui ka valget liha tandoori stiilis puutulel!<\/p>\n<p>M\u00f5testatult funktsionaalne nii vormilt kui ka sisult.<\/p>\n<p>Madalad tahkeosakeste heitmed t\u00e4nu kvaliteetsele p\u00f5lemisele!<\/p>\n<p>216-BOX on teie kodu jaoks t\u00e4iuslik keskkonnas\u00f5bralik ahju valik. See on BlmSchV ja EcoDesign poolt heaks kiidetud ning vastab alates 2022. aastast kehtestatud uutele puhta \u00f5hu standarditele. Lisaks on see turul \u00fcks parima hinnaga ahjusid.<\/p>\n<p><em><strong>5 aastat garantiid!<\/strong><\/em><\/p>\n<p>&nbsp;<\/p>\n<p>&nbsp;<\/p>\n<p><strong>Tehnilised andmed:<\/strong><\/p>\n<ul>\n<li>V\u00f5imsus: 8,450 kW<\/li>\n<li>Tulekindlad \u0161amotttellised<\/li>\n<li>Kahe ts\u00fckliga k\u00fcpsetuss\u00fcsteem<\/li>\n<li>(Sahtli sisem\u00f5\u00f5dud): s\u00fcgavus 33 \u00d7 laius 74 \u00d7 k\u00f5rgus 18 cm<\/li>\n<li>M\u00f5\u00f5dud: s\u00fcgavus 55 \u00d7 laius 84 \u00d7 k\u00f5rgus 91,5 cm<\/li>\n<li>Soojusv\u00f5imsus: 84 m\u00b2<\/li>\n<li>Valurauast osad: \u00fclaosa, katted, rest<\/li>\n<li>Klaasemailiga viimistletud korpus<\/li>\n<li>Suitsutoru l\u00e4bim\u00f5\u00f5t: 130 mm<\/li>\n<li>Termo\u0161okikindel keraamiline klaas<\/li>\n<li>Lihtne puhastada<\/li>\n<li>Kaheastmeline termomeetriga ahi<\/li>\n<li>Paks metallplekk<\/li>\n<li>Kaal: 125 kg<\/li>\n<li>(Puidukasti maht): 44 liitrit<\/li>\n<li>K\u00fctus: puit<\/li>\n<\/ul>\n<p>&nbsp;<\/p>\n<p>&nbsp;<\/p>\n<p><strong>Sertifitseeritud:<\/strong><\/p>\n<ul>\n<li>Eco Design 2022<\/li>\n<li>BlmSchV 2. tase (F\u00f6deraalse Heitkoguste Kaitse M\u00e4\u00e4rus) t\u00e4idetud.<\/li>\n<li>CE<\/li>\n<li>15a B-VG<\/li>\n<li>Certificato Ambientale<\/li>\n<li>DEFRA heaks kiidetud<\/li>\n<\/ul>\n<p>&nbsp;<\/p>\n<p>&nbsp;<\/p>\n<p><em>Lugege ja j\u00e4rgige kasutusjuhendit.<\/em><br \/>\n<em>Kasutage ainult heakskiidetud k\u00fctust &#8211; korralikult kuivatatud ja l\u00f5hutud k\u00fcttepuud!<\/em><\/p>\n<p>&nbsp;<\/p>\n<p><a href=\"https:\/\/factory.sale\/wp-content\/uploads\/2024\/02\/214_216_CASING_212_USER_MANUAL_ENGLISH-1.pdf\" target=\"_blank\" rel=\"noopener\">Kasutus-ja paigaldusjuhend<\/a><\/p>\n<p>&nbsp;<\/p>\n<p>&nbsp;<\/p>\n<div class=\"video-wrapper \"><iframe loading=\"lazy\" title=\"Holzherd Caliskan 216 BOX - Premiumherd mit Schublade\" width=\"500\" height=\"281\" src=\"https:\/\/www.youtube.com\/embed\/ibvsjbUc-cE?feature=oembed\" frameborder=\"0\" allow=\"accelerometer; autoplay; clipboard-write; encrypted-media; gyroscope; picture-in-picture; web-share\" referrerpolicy=\"strict-origin-when-cross-origin\" allowfullscreen><\/iframe><\/div>\n","protected":false},"excerpt":{"rendered":"<p>\u00c7ALI\u015eKAN 216-BOX on multifunktsionaalne puuk\u00fcttega ahi, see on fantastiline meistriteos igas toas, see suudab soojendada teie suurt tuba oma k\u00f5rge energiat\u00f5hususega. Te saate t\u00f5esti maksimaalselt \u00e4ra kasutada igat puut\u00fckki, mille sisse panete. Ahjul on nutikas \u00f5huventiilide liugur, mis juhib toidul\u00f5hnad l\u00e4bi korstna\u00fchenduse ahjus sees.<\/p>\n<p>&nbsp;<\/p>\n<p>K\u00f6etava ruumi pindala 10 \u2013 100m\u00b2.<\/p>\n<p>TASUTA TRANSPORT EU PIIRKONNAS!<\/p>\n","protected":false},"featured_media":77221,"comment_status":"open","ping_status":"closed","template":"","meta":{"_acf_changed":false},"factory":[],"free-shipment":[],"product_brand":[],"product_cat":[1246,2785],"product_tag":[1230],"class_list":{"0":"post-77226","1":"product","2":"type-product","3":"status-publish","4":"has-post-thumbnail","6":"product_cat-stoves","7":"product_cat-caliskan-2","8":"product_tag-stove","10":"first","11":"instock","12":"sale","13":"taxable","14":"shipping-taxable","15":"purchasable","16":"product-type-simple"},"acf":[],"_links":{"self":[{"href":"https:\/\/factory.sale\/et\/wp-json\/wp\/v2\/product\/77226","targetHints":{"allow":["GET"]}}],"collection":[{"href":"https:\/\/factory.sale\/et\/wp-json\/wp\/v2\/product"}],"about":[{"href":"https:\/\/factory.sale\/et\/wp-json\/wp\/v2\/types\/product"}],"replies":[{"embeddable":true,"href":"https:\/\/factory.sale\/et\/wp-json\/wp\/v2\/comments?post=77226"}],"wp:featuredmedia":[{"embeddable":true,"href":"https:\/\/factory.sale\/et\/wp-json\/wp\/v2\/media\/77221"}],"wp:attachment":[{"href":"https:\/\/factory.sale\/et\/wp-json\/wp\/v2\/media?parent=77226"}],"wp:term":[{"taxonomy":"factory","embeddable":true,"href":"https:\/\/factory.sale\/et\/wp-json\/wp\/v2\/factory?post=77226"},{"taxonomy":"free-shipment","embeddable":true,"href":"https:\/\/factory.sale\/et\/wp-json\/wp\/v2\/free-shipment?post=77226"},{"taxonomy":"product_brand","embeddable":true,"href":"https:\/\/factory.sale\/et\/wp-json\/wp\/v2\/product_brand?post=77226"},{"taxonomy":"product_cat","embeddable":true,"href":"https:\/\/factory.sale\/et\/wp-json\/wp\/v2\/product_cat?post=77226"},{"taxonomy":"product_tag","embeddable":true,"href":"https:\/\/factory.sale\/et\/wp-json\/wp\/v2\/product_tag?post=77226"}],"curies":[{"name":"wp","href":"https:\/\/api.w.org\/{rel}","templated":true}]}}