{"id":77066,"date":"2024-02-18T22:39:04","date_gmt":"2024-02-18T22:53:42","guid":{"rendered":"https:\/\/factory.sale\/?post_type=product&#038;p=77066"},"modified":"2026-04-25T13:18:14","modified_gmt":"2026-04-25T10:18:14","slug":"caliskan-puukuttega-ahi-216","status":"publish","type":"product","link":"https:\/\/factory.sale\/et\/toode\/caliskan-puukuttega-ahi-216\/","title":{"rendered":"\u00c7al\u0131\u015fkan puuk\u00fcttega ahi 216"},"content":{"rendered":"<p>Nautige originaalset puuk\u00fcttega ahju ja praksuvat tuld!<\/p>\n<p>Kujutage ette meeldivat soojust, praksuvaid puid ja k\u00f5iki h\u00f5rgutisi, mida saate ahjus k\u00fcpsetada. Tundub ahvatlev, eks?<\/p>\n<p>Emailiga kaetud ainulaadne ahi.<br \/>\nSee mudel pakub hubast \u00f5hkkonda, soojust ja samuti v\u00f5imalust valmistada roogasid.<\/p>\n<p>See ahi pakub \u00a0v\u00f5imalust k\u00fcpsetada nii punast kui ka valget liha tandoori stiilis puutulel!<\/p>\n<p>See puuk\u00fcttega ahi sobib suurep\u00e4raselt igasse interj\u00f6\u00f6ri, olenemata selle suurusest v\u00f5i v\u00e4rvilahendusest. Ahju elegantne disain muudab selle t\u00e4helepanu keskpunktiks, kus iganes see ka ei asuks.<\/p>\n<p>Hoolimata traditsioonilisest v\u00e4limusest ja tundest, on see ahi \u00fcks turu keskkonnas\u00f5bralikumaid valikuid.<\/p>\n<p>Valmistatud malmist, rohkem kui poole sajandi \u00c7al\u0131\u015fkan traditsiooniga, on see ahi varustatud viimaste tehnoloogiate ja omadustega.<\/p>\n<p>S\u00e4\u00e4stke raha ja ressursse! \u00c7al\u0131\u015fkan puuk\u00fcttega ahju k\u00fctmise eelised on v\u00f5rreldamatud teistega, eriti s\u00fcgise ja talve \u00fcleminekuperioodil.<\/p>\n<p>&nbsp;<\/p>\n<p><em><strong>5 aastat garantiid!<\/strong><\/em><\/p>\n<p>&nbsp;<\/p>\n<p>&nbsp;<\/p>\n<p><strong>Tehniline informatsioon:<\/strong><\/p>\n<ul>\n<li>V\u00f5imsus: 8,450 kW<\/li>\n<li>Tulekindlad \u0161amott-tellised<\/li>\n<li>Kahe ts\u00fckliga k\u00fcpsetuss\u00fcsteem<\/li>\n<li>M\u00f5\u00f5dud: s\u00fcgavus 55 \u00d7 laius 84 \u00d7 k\u00f5rgus 91 cm<\/li>\n<li>Soojusv\u00f5imsus: 84 m\u00b2<\/li>\n<li>Malmist osad: \u00fclaosa, katted, rest<\/li>\n<li>Klaasemailiga viimistletud korpus<\/li>\n<li>Korstnatoru l\u00e4bim\u00f5\u00f5t: 130 mm<\/li>\n<li>Termo\u0161okikindel keraamiline klaas<\/li>\n<li>Lihtne puhastada<\/li>\n<li>Kaheastmeline termomeetriga ahi<\/li>\n<li>Paks metallplekk<\/li>\n<li>Kaal: 110 kg<\/li>\n<li>K\u00fctus: puit<\/li>\n<\/ul>\n<p>&nbsp;<\/p>\n<p>&nbsp;<\/p>\n<p><strong>Sertifitseeritud:<\/strong><\/p>\n<ul>\n<li>Eco Design 2022<\/li>\n<li>BlmSchV 2. tase (F\u00f6deraalse Heitkoguste Kaitse M\u00e4\u00e4rus) t\u00e4idetud.<\/li>\n<li>CE<\/li>\n<li>15a B-VG<\/li>\n<li>Certificato Ambientale<\/li>\n<li>DEFRA heaks kiidetud<\/li>\n<\/ul>\n<p>&nbsp;<\/p>\n<p><em>Lugege ja j\u00e4rgige kasutusjuhendit.<\/em><br \/>\n<em>Kasutage ainult heakskiidetud k\u00fctust &#8211; korralikult kuivatatud ja l\u00f5hutud k\u00fcttepuud!<\/em><\/p>\n<p>&nbsp;<\/p>\n<p><a href=\"https:\/\/factory.sale\/wp-content\/uploads\/2024\/02\/214_216_CASING_212_USER_MANUAL_ENGLISH.pdf\" target=\"_blank\" rel=\"noopener\">Kasutus &#8211; ja paigaldusjuhend<\/a><\/p>\n<p>&nbsp;<\/p>\n<div class=\"video-wrapper \"><iframe loading=\"lazy\" title=\"Premiumherd Caliskan 216 Holzherd - viel Gusseisen!\" width=\"500\" height=\"281\" src=\"https:\/\/www.youtube.com\/embed\/SX5vejuVHVg?feature=oembed\" frameborder=\"0\" allow=\"accelerometer; autoplay; clipboard-write; encrypted-media; gyroscope; picture-in-picture; web-share\" referrerpolicy=\"strict-origin-when-cross-origin\" allowfullscreen><\/iframe><\/div>\n","protected":false},"excerpt":{"rendered":"<p>\u00c7ALI\u015eKAN 216 on multifunktsionaalne puuk\u00fcttega ahi, see on nagu meistriteos igas toas, see suudab soojendada teie suurt tuba oma k\u00f5rge energiat\u00f5hususega, kuid samal ajal v\u00f5ite k\u00fcpsetada ka toitu. Selle ahjuga saate maksimaalselt \u00e4ra kasutada iga puut\u00fcki, mille sisse panete. Ahjul on nutikas \u00f5huventiilide liugur, mis juhib toidul\u00f5hnad l\u00e4bi korstna\u00fchenduse v\u00e4lja.<\/p>\n<p>&nbsp;<\/p>\n<p>K\u00f6etava ruumi pindala 10 \u2013 100m\u00b2.<\/p>\n","protected":false},"featured_media":77062,"comment_status":"open","ping_status":"closed","template":"","meta":{"_acf_changed":false},"factory":[],"free-shipment":[],"product_brand":[],"product_cat":[1247,2786],"product_tag":[2103],"class_list":{"0":"post-77066","1":"product","2":"type-product","3":"status-publish","4":"has-post-thumbnail","6":"product_cat-ahjud","7":"product_cat-caliskan-et","8":"product_tag-woodburning-stove-et","10":"first","11":"instock","12":"sale","13":"taxable","14":"shipping-taxable","15":"purchasable","16":"product-type-simple"},"acf":[],"_links":{"self":[{"href":"https:\/\/factory.sale\/et\/wp-json\/wp\/v2\/product\/77066","targetHints":{"allow":["GET"]}}],"collection":[{"href":"https:\/\/factory.sale\/et\/wp-json\/wp\/v2\/product"}],"about":[{"href":"https:\/\/factory.sale\/et\/wp-json\/wp\/v2\/types\/product"}],"replies":[{"embeddable":true,"href":"https:\/\/factory.sale\/et\/wp-json\/wp\/v2\/comments?post=77066"}],"wp:featuredmedia":[{"embeddable":true,"href":"https:\/\/factory.sale\/et\/wp-json\/wp\/v2\/media\/77062"}],"wp:attachment":[{"href":"https:\/\/factory.sale\/et\/wp-json\/wp\/v2\/media?parent=77066"}],"wp:term":[{"taxonomy":"factory","embeddable":true,"href":"https:\/\/factory.sale\/et\/wp-json\/wp\/v2\/factory?post=77066"},{"taxonomy":"free-shipment","embeddable":true,"href":"https:\/\/factory.sale\/et\/wp-json\/wp\/v2\/free-shipment?post=77066"},{"taxonomy":"product_brand","embeddable":true,"href":"https:\/\/factory.sale\/et\/wp-json\/wp\/v2\/product_brand?post=77066"},{"taxonomy":"product_cat","embeddable":true,"href":"https:\/\/factory.sale\/et\/wp-json\/wp\/v2\/product_cat?post=77066"},{"taxonomy":"product_tag","embeddable":true,"href":"https:\/\/factory.sale\/et\/wp-json\/wp\/v2\/product_tag?post=77066"}],"curies":[{"name":"wp","href":"https:\/\/api.w.org\/{rel}","templated":true}]}}