{"id":77049,"date":"2024-02-18T21:38:53","date_gmt":"2024-02-18T21:56:25","guid":{"rendered":"https:\/\/factory.sale\/?post_type=product&#038;p=77049"},"modified":"2025-05-02T13:43:43","modified_gmt":"2025-05-02T10:43:43","slug":"caliskan-puukuttega-ahi-214-korpus","status":"publish","type":"product","link":"https:\/\/factory.sale\/et\/toode\/caliskan-puukuttega-ahi-214-korpus\/","title":{"rendered":"\u00c7al\u0131\u015fkan puuk\u00fcttega ahi 214-korpus"},"content":{"rendered":"<p>K\u00f5rge energiat\u00f5husus ja imeline leek!<\/p>\n<p>\u00c7al\u0131\u015fkan ahjud esindavad asju, mis on kodude s\u00fcdames, mida teame ja m\u00e4letame lapsep\u00f5lvest.<\/p>\n<p>Emailiga kaetud ainulaadne ahi p\u00f5lemiskambri k\u00f5rval.<br \/>\nSee mudel pakub \u00f5hkkonda, soojust ja ka v\u00f5imalust valmistada roogasid. \u00c7ALI\u015eKAN 214 &#8211; korpus on multifunktsionaalne puuk\u00fcttega ahi, see on fantastiline meistriteos igas toas, see suudab soojendada teie suurt tuba oma k\u00f5rge energiat\u00f5hususega, kuid samal ajal v\u00f5ite ideaalselt k\u00fcpsetada oma toite selle ahjus h\u00e4sti kujundatud soojusrajaga. Te saate t\u00f5esti maksimaalselt \u00e4ra kasutada iga puut\u00fckki, mille sisse panete.<br \/>\nAhjul on nutikas \u00f5huventiilide liugur, mis juhib toidul\u00f5hnad l\u00e4bi korstna\u00fchenduse ahjus sees.<\/p>\n<p>Hoolimata traditsioonilisest v\u00e4limusest ja tundest on see ahi t\u00e4nap\u00e4eval \u00fcks keskkonnas\u00f5bralikumaid valikuid turul.<\/p>\n<p>\u00c7al\u0131\u015fkan ahjude k\u00f5rgekvaliteetne valuraut on tugev ja vastupidav materjal, mis sobib suurep\u00e4raselt vabaltseisvatele ahjudele, eriti puuk\u00fcttega. Valuraua pinna loomulik, elav tekstuur pakub maal\u00e4hedast, kuid elegantset v\u00e4limust. Loodusliku v\u00e4limusega k\u00e4epide harmoneerub k\u00f5igi meie mati valuraua v\u00e4rvidega ja toob looduse osa teie tuppa.<\/p>\n<p>214-korpus &#8211; uuenduslik p\u00f5lemiss\u00fcsteem tagab erakordselt puhta p\u00f5lemise. Sellel on k\u00f5rge soojuslik efektiivsus puidu p\u00f5letamisel ja see tekitab madala suitsuheitme koosk\u00f5las uute Euroopa Eco-Design standarditega. Lisaks on see turul \u00fcks parima hinnaga ahjusid.<\/p>\n<p><em><strong>5 aastat garantiid!<\/strong><\/em><\/p>\n<p>&nbsp;<\/p>\n<p>&nbsp;<\/p>\n<p><strong>Tehnilised andmed:<\/strong><\/p>\n<ul>\n<li>Keraamiline kahekordne soojusisolatsioonikiht paremal ja vasakul k\u00fcljel<\/li>\n<li>V\u00f5imsus: 8,450 kW<\/li>\n<li>Tulekindlad \u0161amotttellised<\/li>\n<li>Kahe ts\u00fckliga k\u00fcpsetuss\u00fcsteem<\/li>\n<li>(Sahtli sisem\u00f5\u00f5dud): s\u00fcgavus 33 \u00d7 laius 74 \u00d7 k\u00f5rgus 18 cm<\/li>\n<li>M\u00f5\u00f5dud: s\u00fcgavus 52 \u00d7 laius 89 \u00d7 k\u00f5rgus 91 cm<\/li>\n<li>Soojusv\u00f5imsus: 84 m\u00b2<\/li>\n<li>Valurauast osad: \u00fclaosa, katted, rest<\/li>\n<li>Klaasemailiga viimistletud korpus<\/li>\n<li>Korstnatoru l\u00e4bim\u00f5\u00f5t: 130 mm<\/li>\n<li>Termo\u0161okikindel keraamiline klaas<\/li>\n<li>Lihtne puhastada<\/li>\n<li>Kaheastmeline termomeetriga ahi<\/li>\n<li>Paks metallplekk<\/li>\n<li>Kaal: 139 kg<\/li>\n<li>(Puidukasti maht): 44 liitrit<\/li>\n<li>K\u00fctus: puit<\/li>\n<\/ul>\n<p>&nbsp;<\/p>\n<p>&nbsp;<\/p>\n<p><strong>Sertifikaadid:<\/strong><\/p>\n<ul>\n<li>Eco Design 2022<\/li>\n<li>BlmSchV 2. tase (F\u00f6deraalse Heitkoguste Kaitse M\u00e4\u00e4rus) t\u00e4idetud.<\/li>\n<li>CE<\/li>\n<li>15a B-VG<\/li>\n<li>Certificato Ambientale<\/li>\n<li>DEFRA heaks kiidetud<\/li>\n<\/ul>\n<p>&nbsp;<\/p>\n<p><em>Lugege ja j\u00e4rgige kasutusjuhendit.<\/em><br \/>\n<em>Kasutage ainult heakskiidetud k\u00fctust &#8211; korralikult kuivatatud ja l\u00f5hutud k\u00fcttepuud!<\/em><\/p>\n<p>&nbsp;<\/p>\n<p>&nbsp;<\/p>\n<p><em><a href=\"https:\/\/factory.sale\/wp-content\/uploads\/2024\/02\/214-User-Manual-ENG.pdf\" target=\"_blank\" rel=\"noopener\">Kasutus-ja paigaldusjuhend<\/a><\/em><\/p>\n<p>&nbsp;<\/p>\n<p>&nbsp;<\/p>\n<div class=\"video-wrapper \"><iframe loading=\"lazy\" title=\"214-3D Brick gourmet cooker\" width=\"500\" height=\"281\" src=\"https:\/\/www.youtube.com\/embed\/NCRtjpdI0O8?feature=oembed\" frameborder=\"0\" allow=\"accelerometer; autoplay; clipboard-write; encrypted-media; gyroscope; picture-in-picture; web-share\" referrerpolicy=\"strict-origin-when-cross-origin\" allowfullscreen><\/iframe><\/div>\n","protected":false},"excerpt":{"rendered":"<p>\u00c7ALI\u015eKAN 214-korpus on multifunktsionaalne puuk\u00fcttega ahi, see on fantastiline meistriteos igas toas &#8211; see suudab soojendada teie suurt tuba oma k\u00f5rge energiat\u00f5hususega, kuid samal ajal v\u00f5ite ideaalselt k\u00fcpsetada ka toitu selle ahjuga. Te saate t\u00f5esti maksimaalselt \u00e4ra kasutada iga puut\u00fcki, mille sisse panete. Ahjul on nutikas \u00f5huventiilide liugur, mis juhib toidul\u00f5hnad l\u00e4bi korstna\u00fchenduse ahjus sees, nii et toidul\u00f5hnad ei levi k\u00fcpsetamise ajal tuppa.<\/p>\n<p>&nbsp;<\/p>\n<p>K\u00f6etava ruumi pindala 10 \u2013 75m\u00b2.<\/p>\n<p>TASUTA TRANSPORT EU PIIRKONNAS!<\/p>\n","protected":false},"featured_media":76892,"comment_status":"open","ping_status":"closed","template":"","meta":{"_acf_changed":false},"factory":[],"free-shipment":[],"product_brand":[],"product_cat":[1247,2786],"product_tag":[],"class_list":{"0":"post-77049","1":"product","2":"type-product","3":"status-publish","4":"has-post-thumbnail","6":"product_cat-ahjud","7":"product_cat-caliskan-et","9":"first","10":"instock","11":"sale","12":"taxable","13":"shipping-taxable","14":"purchasable","15":"product-type-simple"},"acf":[],"_links":{"self":[{"href":"https:\/\/factory.sale\/et\/wp-json\/wp\/v2\/product\/77049","targetHints":{"allow":["GET"]}}],"collection":[{"href":"https:\/\/factory.sale\/et\/wp-json\/wp\/v2\/product"}],"about":[{"href":"https:\/\/factory.sale\/et\/wp-json\/wp\/v2\/types\/product"}],"replies":[{"embeddable":true,"href":"https:\/\/factory.sale\/et\/wp-json\/wp\/v2\/comments?post=77049"}],"wp:featuredmedia":[{"embeddable":true,"href":"https:\/\/factory.sale\/et\/wp-json\/wp\/v2\/media\/76892"}],"wp:attachment":[{"href":"https:\/\/factory.sale\/et\/wp-json\/wp\/v2\/media?parent=77049"}],"wp:term":[{"taxonomy":"factory","embeddable":true,"href":"https:\/\/factory.sale\/et\/wp-json\/wp\/v2\/factory?post=77049"},{"taxonomy":"free-shipment","embeddable":true,"href":"https:\/\/factory.sale\/et\/wp-json\/wp\/v2\/free-shipment?post=77049"},{"taxonomy":"product_brand","embeddable":true,"href":"https:\/\/factory.sale\/et\/wp-json\/wp\/v2\/product_brand?post=77049"},{"taxonomy":"product_cat","embeddable":true,"href":"https:\/\/factory.sale\/et\/wp-json\/wp\/v2\/product_cat?post=77049"},{"taxonomy":"product_tag","embeddable":true,"href":"https:\/\/factory.sale\/et\/wp-json\/wp\/v2\/product_tag?post=77049"}],"curies":[{"name":"wp","href":"https:\/\/api.w.org\/{rel}","templated":true}]}}