{"id":7662,"date":"2022-08-14T09:55:06","date_gmt":"2022-08-14T09:55:26","guid":{"rendered":"https:\/\/factory.sale\/?post_type=product&#038;p=7662"},"modified":"2024-06-26T21:50:25","modified_gmt":"2024-06-26T21:50:25","slug":"peenravork-10-m-rull","status":"publish","type":"product","link":"https:\/\/factory.sale\/et\/toode\/peenravork-10-m-rull\/","title":{"rendered":"Peenrav\u00f5rk 10 m rull"},"content":{"rendered":"<p>Peenrav\u00f5rk 10m rullis on PVC-ga kaetud aiav\u00f5rk, mis sobib kasutamiseks koduaedades peenarde piirdeks.<\/p>\n<p>&nbsp;<\/p>\n<p><strong>PINNAT\u00d6\u00d6TLUS:<\/strong> keevitatud traatv\u00f5rk + tsingitud + kaetud PVC kattega<\/p>\n<p>&nbsp;<\/p>\n<p><strong>M\u00d5\u00d5DUD:<\/strong><\/p>\n<table dir=\"ltr\" border=\"1\" cellspacing=\"0\" cellpadding=\"0\">\n<colgroup>\n<col width=\"151\" \/>\n<col width=\"119\" \/>\n<col width=\"132\" \/>\n<col width=\"104\" \/>\n<col width=\"110\" \/>\n<col width=\"130\" \/><\/colgroup>\n<tbody>\n<tr>\n<td data-sheets-value=\"{&quot;1&quot;:2,&quot;2&quot;:&quot; PVC &quot;}\" data-sheets-numberformat=\"{&quot;1&quot;:1}\">PVC<\/td>\n<td><\/td>\n<td data-sheets-value=\"{&quot;1&quot;:2,&quot;2&quot;:&quot;80X150mm&quot;}\">80X150mm<\/td>\n<td data-sheets-value=\"{&quot;1&quot;:2,&quot;2&quot;:&quot;1,5\/1,9mm&quot;}\">1,5\/1,9mm<\/td>\n<td data-sheets-value=\"{&quot;1&quot;:2,&quot;2&quot;:&quot;2,4\/3,0mm&quot;}\" data-sheets-numberformat=\"{&quot;1&quot;:1}\">2,4\/3,0mm<\/td>\n<td data-sheets-value=\"{&quot;1&quot;:2,&quot;2&quot;:&quot;\u21a8 0,4m*10m \u2194&quot;}\" data-sheets-numberformat=\"{&quot;1&quot;:2,&quot;2&quot;:&quot;0.00&quot;,&quot;3&quot;:1}\">\u21a8 0,4m*10m \u2194<\/td>\n<\/tr>\n<tr>\n<td data-sheets-value=\"{&quot;1&quot;:2,&quot;2&quot;:&quot; PVC &quot;}\" data-sheets-numberformat=\"{&quot;1&quot;:1}\">PVC<\/td>\n<td><\/td>\n<td data-sheets-value=\"{&quot;1&quot;:2,&quot;2&quot;:&quot;80X150mm&quot;}\">80X150mm<\/td>\n<td data-sheets-value=\"{&quot;1&quot;:2,&quot;2&quot;:&quot;1,5\/1,9mm&quot;}\">1,5\/1,9mm<\/td>\n<td data-sheets-value=\"{&quot;1&quot;:2,&quot;2&quot;:&quot;2,4\/3,0mm&quot;}\" data-sheets-numberformat=\"{&quot;1&quot;:1}\">2,4\/3,0mm<\/td>\n<td data-sheets-value=\"{&quot;1&quot;:2,&quot;2&quot;:&quot;0,65m*10m&quot;}\" data-sheets-numberformat=\"{&quot;1&quot;:2,&quot;2&quot;:&quot;0.00&quot;,&quot;3&quot;:1}\">0,65m*10m<\/td>\n<\/tr>\n<\/tbody>\n<\/table>\n","protected":false},"excerpt":{"rendered":"<p><strong>Peenrav\u00f5rk<\/strong> 10 m rullis\u00a0on PVC-ga kaetud aiav\u00f5rk, mis sobib kasutamiseks koduaedades peenarde piirdeks.<\/p>\n","protected":false},"featured_media":7660,"comment_status":"open","ping_status":"closed","template":"","meta":{"_acf_changed":false},"factory":[],"free-shipment":[],"product_brand":[],"product_cat":[924],"product_tag":[1483,1484],"class_list":{"0":"post-7662","1":"product","2":"type-product","3":"status-publish","4":"has-post-thumbnail","6":"product_cat-aiatooted","7":"product_tag-garden-et","8":"product_tag-yard-et","10":"first","11":"instock","12":"sale","13":"taxable","14":"shipping-taxable","15":"purchasable","16":"product-type-simple"},"acf":[],"_links":{"self":[{"href":"https:\/\/factory.sale\/et\/wp-json\/wp\/v2\/product\/7662","targetHints":{"allow":["GET"]}}],"collection":[{"href":"https:\/\/factory.sale\/et\/wp-json\/wp\/v2\/product"}],"about":[{"href":"https:\/\/factory.sale\/et\/wp-json\/wp\/v2\/types\/product"}],"replies":[{"embeddable":true,"href":"https:\/\/factory.sale\/et\/wp-json\/wp\/v2\/comments?post=7662"}],"wp:featuredmedia":[{"embeddable":true,"href":"https:\/\/factory.sale\/et\/wp-json\/wp\/v2\/media\/7660"}],"wp:attachment":[{"href":"https:\/\/factory.sale\/et\/wp-json\/wp\/v2\/media?parent=7662"}],"wp:term":[{"taxonomy":"factory","embeddable":true,"href":"https:\/\/factory.sale\/et\/wp-json\/wp\/v2\/factory?post=7662"},{"taxonomy":"free-shipment","embeddable":true,"href":"https:\/\/factory.sale\/et\/wp-json\/wp\/v2\/free-shipment?post=7662"},{"taxonomy":"product_brand","embeddable":true,"href":"https:\/\/factory.sale\/et\/wp-json\/wp\/v2\/product_brand?post=7662"},{"taxonomy":"product_cat","embeddable":true,"href":"https:\/\/factory.sale\/et\/wp-json\/wp\/v2\/product_cat?post=7662"},{"taxonomy":"product_tag","embeddable":true,"href":"https:\/\/factory.sale\/et\/wp-json\/wp\/v2\/product_tag?post=7662"}],"curies":[{"name":"wp","href":"https:\/\/api.w.org\/{rel}","templated":true}]}}