{"id":75788,"date":"2024-02-13T10:32:50","date_gmt":"2024-02-13T20:09:09","guid":{"rendered":"https:\/\/factory.sale\/?post_type=product&#038;p=75788"},"modified":"2025-10-18T13:42:32","modified_gmt":"2025-10-18T10:42:32","slug":"caliskan-ahi-214","status":"publish","type":"product","link":"https:\/\/factory.sale\/et\/toode\/caliskan-ahi-214\/","title":{"rendered":"\u00c7al\u0131\u015fkan ahi 214"},"content":{"rendered":"<p><strong>Caliskan 214 \u2013 puuk\u00fcttega pliit ahjuga<\/strong><\/p>\n<p>Traditsioon, soojus ja kaasaegne \u00f6kot\u00f5husus \u00fches ajatus disainis.<\/p>\n<p>Koge klassikalise puuk\u00fcttega pliidi v\u00f5lu koos t\u00e4nap\u00e4evase j\u00f5udlusega, mida sinu kodu v\u00e4\u00e4rib. Caliskan 214 toob ruumi ehtsa tule praksumise ja lisaks v\u00f5imaluse valmistada maitsvaid toite sisseehitatud emailkattega ahjus \u2013 mis asub mugavalt p\u00f5lemiskambri k\u00f5rval.<\/p>\n<p>Vastupidavast malmist valmistatud ja \u00fcle 50-aastase \u00c7al\u0131\u015fkan meistrite traditsiooniga pliit \u00fchendab nostalgilise hubasuse ja kaasaegse tehnoloogia. Nutikas \u00f5huklappide s\u00fcsteem suunab toiduvalmistamise aroomid otse suitsutorusse, hoides kodu v\u00e4rske ja meeldivana.<\/p>\n<p>\u00c4ra lase klassikalisel v\u00e4limusel end petta \u2013 Caliskan 214 vastab rangetele Eco Design 2022 standarditele, tagades k\u00f5rge soojusefektiivsuse ja erakordselt puhta p\u00f5lemise. See on \u00fcks keskkonnas\u00f5bralikumaid puuk\u00fcttega pliite turul, pakkudes madalaid emissioone ja nutikat soojusjaotust.<\/p>\n<p>Kui otsid hubaseid \u00f5htuid kamina \u00e4\u00e4res, energias\u00e4\u00e4stu v\u00f5i usaldusv\u00e4\u00e4rset ja erilist toiduvalmistamise lahendust, pakub Caliskan 214 k\u00f5ike seda \u2013 stiilses ja vastupidavas vormis.<\/p>\n<p>&nbsp;<\/p>\n<p><em><strong>5-aastane garantii!<\/strong><\/em><\/p>\n<p>&nbsp;<\/p>\n<p><strong><span style=\"text-decoration: underline;\">N\u00fc\u00fcd saadaval nii vasaku kui ka parema suitsutoru v\u00e4ljundiga<\/span> \u2014 pakub maksimaalset paindlikkust paigaldamisel.<\/strong><\/p>\n<p><strong>Vali just see, mis sobib k\u00f5ige paremini sinu ruumilahenduse ja korstna asukohaga, tagades ahju lihtsa ja sujuva integreerimise sinu koju.<\/strong><\/p>\n<p>&nbsp;<\/p>\n<p>&nbsp;<\/p>\n<p><strong>Tehniline informatsioon:<\/strong><\/p>\n<ul>\n<li>V\u00f5imsus: 6,420 kW<\/li>\n<li>Kuumakindlad tulekindlad tellised<\/li>\n<li>Kahe ts\u00fckliga ahjus\u00fcsteem<\/li>\n<li>Soojusv\u00f5imsus: 64 m\u00b2<\/li>\n<li>Malmist valatud (pealisplaat, raam, katted, jalad, tulease)<\/li>\n<li>Emailkattega kereviimistlus<\/li>\n<li>Suitsutoru l\u00e4bim\u00f5\u00f5t: 130 mm<\/li>\n<li>Termo\u0161okikindel keraamiline klaas<\/li>\n<li>Lihtne puhastada<\/li>\n<li>\u00dcheastmeline termomeetriga ahi<\/li>\n<li>Paks metallplaat<\/li>\n<li>Kaal: 100 kg<\/li>\n<li>K\u00f6etav puudega<\/li>\n<li>M\u00f5\u00f5tmed: s\u00fcgavus 52 \u00d7 laius 84 \u00d7 k\u00f5rgus 79,5 cm<\/li>\n<\/ul>\n<p>&nbsp;<\/p>\n<p>&nbsp;<\/p>\n<p><strong>Sertifitseeritud:<\/strong><\/p>\n<ul>\n<li>Eco Design 2022<\/li>\n<li>BlmSchV (F\u00f6deraalse Heitkoguste Kaitse M\u00e4\u00e4rus) 2. tase t\u00e4idetud.<\/li>\n<li>CE<\/li>\n<li>15a B-VG<\/li>\n<li>Certificato Ambientale<\/li>\n<li>DEFRA poolt heaks kiidetud<\/li>\n<\/ul>\n<p>&nbsp;<\/p>\n<p>&nbsp;<\/p>\n<p><em>Lugege ja j\u00e4rgige kasutusjuhendit.<\/em><br \/>\n<em>Kasutage ainult heakskiidetud k\u00fctust &#8211; korralikult kuivatatud ja l\u00f5hestatud k\u00fcttepuud!<\/em><\/p>\n<p>&nbsp;<\/p>\n<p><a href=\"https:\/\/factory.sale\/wp-content\/uploads\/2024\/02\/214-User-Manual-ENG.pdf\" target=\"_blank\" rel=\"noopener\">Kasutus- ja paigaldusjuhend<\/a><\/p>\n<p>&nbsp;<\/p>\n<div class=\"video-wrapper \"><iframe loading=\"lazy\" title=\"214-Brick gourmet cooker\" width=\"500\" height=\"281\" src=\"https:\/\/www.youtube.com\/embed\/gjWr-AisFw8?feature=oembed\" frameborder=\"0\" allow=\"accelerometer; autoplay; clipboard-write; encrypted-media; gyroscope; picture-in-picture; web-share\" referrerpolicy=\"strict-origin-when-cross-origin\" allowfullscreen><\/iframe><\/div>\n","protected":false},"excerpt":{"rendered":"<p>\u00c7ALI\u015eKAN 214 on mitmefunktsiooniline puuk\u00fcttega ahi, mis on fantastiline meistriteos igas toas, see suudab oma k\u00f5rge energiat\u00f5hususega soojendada teie suurt tuba, kuid samal ajal saate ideaalselt k\u00fcpsetada oma toite selle ahjus, millel on h\u00e4sti kujundatud kuumuse tee. Te t\u00f5esti saate iga sisse pandud puut\u00fcki maksimaalselt \u00e4ra kasutada.<\/p>\n<p>&nbsp;<\/p>\n<p>K\u00f6etava ruumi pindala 10 &#8211; 75m\u00b2<\/p>\n<p>TASUTA TRANSPORT EU PIIRKONNAS!<\/p>\n","protected":false},"featured_media":103849,"comment_status":"open","ping_status":"closed","template":"","meta":{"_acf_changed":false},"factory":[],"free-shipment":[],"product_brand":[],"product_cat":[1247,2786],"product_tag":[],"class_list":{"0":"post-75788","1":"product","2":"type-product","3":"status-publish","4":"has-post-thumbnail","6":"product_cat-ahjud","7":"product_cat-caliskan-et","9":"first","10":"instock","11":"sale","12":"taxable","13":"shipping-taxable","14":"purchasable","15":"product-type-simple"},"acf":[],"_links":{"self":[{"href":"https:\/\/factory.sale\/et\/wp-json\/wp\/v2\/product\/75788","targetHints":{"allow":["GET"]}}],"collection":[{"href":"https:\/\/factory.sale\/et\/wp-json\/wp\/v2\/product"}],"about":[{"href":"https:\/\/factory.sale\/et\/wp-json\/wp\/v2\/types\/product"}],"replies":[{"embeddable":true,"href":"https:\/\/factory.sale\/et\/wp-json\/wp\/v2\/comments?post=75788"}],"wp:featuredmedia":[{"embeddable":true,"href":"https:\/\/factory.sale\/et\/wp-json\/wp\/v2\/media\/103849"}],"wp:attachment":[{"href":"https:\/\/factory.sale\/et\/wp-json\/wp\/v2\/media?parent=75788"}],"wp:term":[{"taxonomy":"factory","embeddable":true,"href":"https:\/\/factory.sale\/et\/wp-json\/wp\/v2\/factory?post=75788"},{"taxonomy":"free-shipment","embeddable":true,"href":"https:\/\/factory.sale\/et\/wp-json\/wp\/v2\/free-shipment?post=75788"},{"taxonomy":"product_brand","embeddable":true,"href":"https:\/\/factory.sale\/et\/wp-json\/wp\/v2\/product_brand?post=75788"},{"taxonomy":"product_cat","embeddable":true,"href":"https:\/\/factory.sale\/et\/wp-json\/wp\/v2\/product_cat?post=75788"},{"taxonomy":"product_tag","embeddable":true,"href":"https:\/\/factory.sale\/et\/wp-json\/wp\/v2\/product_tag?post=75788"}],"curies":[{"name":"wp","href":"https:\/\/api.w.org\/{rel}","templated":true}]}}