{"id":7485,"date":"2022-07-04T10:41:53","date_gmt":"2022-07-04T10:42:06","guid":{"rendered":"https:\/\/factory.sale\/?post_type=product&#038;p=7485"},"modified":"2024-06-26T11:18:40","modified_gmt":"2024-06-26T11:18:40","slug":"kuusnurkne-kasvuhoone","status":"publish","type":"product","link":"https:\/\/factory.sale\/et\/toode\/kuusnurkne-kasvuhoone\/","title":{"rendered":"Kuusnurkne kasvuhoone"},"content":{"rendered":"<p>Kuusnurkne kasvuhoone on m\u00f5eldud erinevate aiakultuuride kasvatamiseks.<br \/>\nKasvuhoone karkass on valmistatud alumiiniumist.<\/p>\n<p>Kasvuhoonel on \u00fcks uks ja \u00fcks avatav aken.<br \/>\nKattematerjal on v\u00e4lja l\u00f5igatud 4 mm pol\u00fckarbonaat plaatidest, et kokkupanek l\u00e4heks v\u00f5imalikult lihtsalt ja kiiresti. Komplektis on k\u00f5ik vajalik kattematerjali kinnitamiseks.<\/p>\n<p>Kasvuhoone soovitatavalt kinnitada tuulevarjulisse kohta.<\/p>\n<p>&nbsp;<\/p>\n<p><strong>V\u00c4RV:\u00a0<\/strong>pruun<\/p>\n<p>&nbsp;<\/p>\n<p><strong>M\u00d5\u00d5DUD:<\/strong><\/p>\n<p>6 x 120 cm<\/p>\n<p>&nbsp;<\/p>\n<p><strong>K\u00d5RGUS:<\/strong><\/p>\n<p>180\/235cm<\/p>\n<p>&nbsp;<\/p>\n<p>&nbsp;<\/p>\n<p>&nbsp;<\/p>\n<p><a href=\"https:\/\/factory.sale\/wp-content\/uploads\/2022\/07\/Kasvuhoone-Kuuskant-A08121-1_Eesti-k.pdf\" target=\"_blank\" rel=\"noopener\">Paigaldus- ja kasutusjuhend<\/a><\/p>\n","protected":false},"excerpt":{"rendered":"<p><strong>Kuusnukne kasvuhoone<\/strong> on m\u00f5eldud erinevate aiakultuuride kasvatamiseks.<\/p>\n","protected":false},"featured_media":7474,"comment_status":"open","ping_status":"closed","template":"","meta":{"_acf_changed":false},"factory":[],"free-shipment":[],"product_brand":[],"product_cat":[221],"product_tag":[222],"class_list":{"0":"post-7485","1":"product","2":"type-product","3":"status-publish","4":"has-post-thumbnail","6":"product_cat-kasvuhooned","7":"product_tag-greenhouse-et-2","9":"first","10":"instock","11":"sale","12":"taxable","13":"shipping-taxable","14":"purchasable","15":"product-type-simple"},"acf":[],"_links":{"self":[{"href":"https:\/\/factory.sale\/et\/wp-json\/wp\/v2\/product\/7485","targetHints":{"allow":["GET"]}}],"collection":[{"href":"https:\/\/factory.sale\/et\/wp-json\/wp\/v2\/product"}],"about":[{"href":"https:\/\/factory.sale\/et\/wp-json\/wp\/v2\/types\/product"}],"replies":[{"embeddable":true,"href":"https:\/\/factory.sale\/et\/wp-json\/wp\/v2\/comments?post=7485"}],"wp:featuredmedia":[{"embeddable":true,"href":"https:\/\/factory.sale\/et\/wp-json\/wp\/v2\/media\/7474"}],"wp:attachment":[{"href":"https:\/\/factory.sale\/et\/wp-json\/wp\/v2\/media?parent=7485"}],"wp:term":[{"taxonomy":"factory","embeddable":true,"href":"https:\/\/factory.sale\/et\/wp-json\/wp\/v2\/factory?post=7485"},{"taxonomy":"free-shipment","embeddable":true,"href":"https:\/\/factory.sale\/et\/wp-json\/wp\/v2\/free-shipment?post=7485"},{"taxonomy":"product_brand","embeddable":true,"href":"https:\/\/factory.sale\/et\/wp-json\/wp\/v2\/product_brand?post=7485"},{"taxonomy":"product_cat","embeddable":true,"href":"https:\/\/factory.sale\/et\/wp-json\/wp\/v2\/product_cat?post=7485"},{"taxonomy":"product_tag","embeddable":true,"href":"https:\/\/factory.sale\/et\/wp-json\/wp\/v2\/product_tag?post=7485"}],"curies":[{"name":"wp","href":"https:\/\/api.w.org\/{rel}","templated":true}]}}