{"id":74735,"date":"2024-02-08T22:23:15","date_gmt":"2024-02-08T22:42:14","guid":{"rendered":"https:\/\/factory.sale\/?post_type=product&#038;p=74735"},"modified":"2024-06-26T03:16:20","modified_gmt":"2024-06-26T03:16:20","slug":"narvi-puukuttega-keris-nc20-vso","status":"publish","type":"product","link":"https:\/\/factory.sale\/et\/toode\/narvi-puukuttega-keris-nc20-vso\/","title":{"rendered":"Narvi puuk\u00fcttega keris NC20 VSO"},"content":{"rendered":"<p>Uus p\u00f5lemiskambri disain p\u00f5hineb keskkonnas\u00f5bralikkusel ja tagab, et k\u00fcttekeha vastab tulevastele kohustuslikele CE n\u00f5uetele. Ahju suur kivide hulk ja tugev konstruktsioon tagavad \u00fchtlased ja pehmed leilid. Hoolimata oma robustsusest, soojeneb ahi vaid v\u00e4ikese koguse puudega.<\/p>\n<p>Klaasuks h\u00f5lbustab tule pideva hoolduse, lisades leiliruumile hubase atmosf\u00e4\u00e4ri. Ukse ja tuhakasti tugevad puust k\u00e4epidemed on mugavad kasutada, kuna need ei kuumene liialt. Ahjul on reguleeritavad jalad, mis teevad paigaldamise lihtsaks.<\/p>\n<p>Ahjuga on kaasas \u00fchendustoru, mis v\u00f5imaldab ahju tagant suitsutoruga \u00fchendada. Ahju saab \u00fchendada suitsutoruga ka \u00fclevalt, sellisel juhul on vajalik eraldi m\u00fc\u00fcdav \u00fchendustoru.<\/p>\n<p>&nbsp;<\/p>\n<p>&nbsp;<\/p>\n<p><strong>Tooteinfo:<\/strong><\/p>\n<ul>\n<li>Br\u00e4nd: Narvi<\/li>\n<li>Ahjumudel: NC 20<\/li>\n<li>GTIN-kood: 6418530123252<\/li>\n<li>K\u00f5rgus (mm): 740<\/li>\n<li>Laius (mm): 590<\/li>\n<li>S\u00fcgavus (mm): 570<\/li>\n<li>Suitsutoru \u00fchenduse l\u00e4bim\u00f5\u00f5t (mm): 119<\/li>\n<li>Toote kaal (kg): 124<\/li>\n<li>Veepaagi maht (l): 23<\/li>\n<li>V\u00e4rv: Must<\/li>\n<li>Materjal: Teras<\/li>\n<li>Vees\u00e4ili\u00f6ga: Jah<\/li>\n<li>Vees\u00e4ili\u00f6 asukoht: Paremal<\/li>\n<li>Klaasuksega<\/li>\n<li>Veepaak on ahju paremal k\u00fcljel, kraan paremal ees<\/li>\n<li>Suitsutoru alumise serva k\u00f5rgus p\u00f5randast taga: 54 cm<\/li>\n<li>P\u00f5lemiskambri katuse paksus: 10 mm<\/li>\n<li>Maksimaalne kivide kogus (kg): 50<\/li>\n<li>Minimaalne sauna maht (m\u00b3): 8<\/li>\n<li>Maksimaalne sauna maht (m\u00b3): 20<\/li>\n<li>Kaitsekaugus lakke (mm): 1250<\/li>\n<li>Kaitsekaugus k\u00fcljele (mm): 150<\/li>\n<li>Kaitsekaugus ette (mm): 1000<\/li>\n<li>Kaitsekaugus taha (mm): 150<\/li>\n<li>Suitsutoru asukoht: \u00dcleval, Taga<\/li>\n<\/ul>\n<p>&nbsp;<\/p>\n<p><strong>Pakendi informatsioon:<\/strong><\/p>\n<ul>\n<li>Kaal (kg): 80,00<\/li>\n<\/ul>\n<p>&nbsp;<\/p>\n<p>&nbsp;<\/p>\n<p>&nbsp;<\/p>\n<p><a href=\"https:\/\/factory.sale\/wp-content\/uploads\/2024\/02\/Narvi_NC16_20_20VS_24_070322.pdf\" target=\"_blank\" rel=\"noopener\">Narvi NC kasutus &#8211; ja paigaldusjuhend<\/a><\/p>\n<p>&nbsp;<\/p>\n<p>&nbsp;<\/p>\n<div class=\"video-wrapper \"><iframe loading=\"lazy\" title=\"Narvi - Kiuaskivien ladontaohje (puul\u00e4mmitteiset kiukaat)\" width=\"500\" height=\"281\" src=\"https:\/\/www.youtube.com\/embed\/jJqDgtGvZC8?feature=oembed\" frameborder=\"0\" allow=\"accelerometer; autoplay; clipboard-write; encrypted-media; gyroscope; picture-in-picture; web-share\" referrerpolicy=\"strict-origin-when-cross-origin\" allowfullscreen><\/iframe><\/div>\n","protected":false},"excerpt":{"rendered":"<p>Narvi NC 20 on Soomes valmistatud Avainlippu-toode. Ahju korpuse v\u00e4rv on teras. Ahju minimalistlik ja ajatu disain tuleb uues korpuses veelgi paremini esile. Ahju suur kivide hulk v\u00f5imaldab saunakasutajatele pakkuda m\u00f5nusalt pehmeid leile.<\/p>\n<p><img loading=\"lazy\" decoding=\"async\" class=\"alignnone size-medium wp-image-74007\" src=\"https:\/\/factory.sale\/wp-content\/uploads\/2024\/02\/fin-CE-300x172.png\" alt=\"\" width=\"300\" height=\"172\" srcset=\"https:\/\/factory.sale\/wp-content\/uploads\/2024\/02\/fin-CE-300x172.png 300w, https:\/\/factory.sale\/wp-content\/uploads\/2024\/02\/fin-CE-150x86.png 150w, https:\/\/factory.sale\/wp-content\/uploads\/2024\/02\/fin-CE-600x345.png 600w, https:\/\/factory.sale\/wp-content\/uploads\/2024\/02\/fin-CE.png 616w\" sizes=\"auto, (max-width: 300px) 100vw, 300px\" \/><\/p>\n","protected":false},"featured_media":74723,"comment_status":"open","ping_status":"closed","template":"","meta":{"_acf_changed":false},"factory":[],"free-shipment":[],"product_brand":[],"product_cat":[2782,306],"product_tag":[811,2176],"class_list":{"0":"post-74735","1":"product","2":"type-product","3":"status-publish","4":"has-post-thumbnail","6":"product_cat-narvi-et","7":"product_cat-saunakerised","8":"product_tag-sauna-et","9":"product_tag-sauna-heater-et","11":"first","12":"instock","13":"sale","14":"taxable","15":"shipping-taxable","16":"purchasable","17":"product-type-simple"},"acf":[],"_links":{"self":[{"href":"https:\/\/factory.sale\/et\/wp-json\/wp\/v2\/product\/74735","targetHints":{"allow":["GET"]}}],"collection":[{"href":"https:\/\/factory.sale\/et\/wp-json\/wp\/v2\/product"}],"about":[{"href":"https:\/\/factory.sale\/et\/wp-json\/wp\/v2\/types\/product"}],"replies":[{"embeddable":true,"href":"https:\/\/factory.sale\/et\/wp-json\/wp\/v2\/comments?post=74735"}],"wp:featuredmedia":[{"embeddable":true,"href":"https:\/\/factory.sale\/et\/wp-json\/wp\/v2\/media\/74723"}],"wp:attachment":[{"href":"https:\/\/factory.sale\/et\/wp-json\/wp\/v2\/media?parent=74735"}],"wp:term":[{"taxonomy":"factory","embeddable":true,"href":"https:\/\/factory.sale\/et\/wp-json\/wp\/v2\/factory?post=74735"},{"taxonomy":"free-shipment","embeddable":true,"href":"https:\/\/factory.sale\/et\/wp-json\/wp\/v2\/free-shipment?post=74735"},{"taxonomy":"product_brand","embeddable":true,"href":"https:\/\/factory.sale\/et\/wp-json\/wp\/v2\/product_brand?post=74735"},{"taxonomy":"product_cat","embeddable":true,"href":"https:\/\/factory.sale\/et\/wp-json\/wp\/v2\/product_cat?post=74735"},{"taxonomy":"product_tag","embeddable":true,"href":"https:\/\/factory.sale\/et\/wp-json\/wp\/v2\/product_tag?post=74735"}],"curies":[{"name":"wp","href":"https:\/\/api.w.org\/{rel}","templated":true}]}}