{"id":74400,"date":"2024-02-07T10:52:08","date_gmt":"2024-02-07T11:03:40","guid":{"rendered":"https:\/\/factory.sale\/?post_type=product&#038;p=74400"},"modified":"2024-06-25T11:57:21","modified_gmt":"2024-06-25T11:57:21","slug":"narvi-puukuttega-keris-nc16","status":"publish","type":"product","link":"https:\/\/factory.sale\/et\/toode\/narvi-puukuttega-keris-nc16\/","title":{"rendered":"Narvi puuk\u00fcttega keris NC16"},"content":{"rendered":"<p>Klaasuks v\u00f5imaldab tuld kergesti \u00fclal hoida, lisades leiliruumile hubase atmosf\u00e4\u00e4ri. Ukse ja tuhakasti tugevad puust k\u00e4epidemed on mugavad kasutada, kuna need ei kuumene liialt. Ahjul on reguleeritavad jalad, mis teevad paigaldamise lihtsaks.<\/p>\n<p>Ahjuga on kaasas \u00fchendustoru, mis v\u00f5imaldab ahju tagant suitsutoruga \u00fchendada. Ahju saab \u00fchendada suitsutoruga ka \u00fclevalt, sellisel juhul on vajalik eraldi m\u00fc\u00fcdav \u00fchendustoru.<\/p>\n<p>&nbsp;<\/p>\n<p>&nbsp;<\/p>\n<p><strong>Tooteinfo:<\/strong><\/p>\n<ul>\n<li>Br\u00e4nd: Narvi<\/li>\n<li>Ahjumudel: NC 16<\/li>\n<li>GTIN-kood: 6418530123115<\/li>\n<li>K\u00f5rgus (mm): 780<\/li>\n<li>Laius (mm): 500<\/li>\n<li>S\u00fcgavus (mm): 580<\/li>\n<li>Suitsutoru \u00fchenduse l\u00e4bim\u00f5\u00f5t (mm): 119<\/li>\n<li>Toote kaal (kg): 122<\/li>\n<li>V\u00e4rv: Teras<\/li>\n<li>Materjal: Teras<\/li>\n<li>Vees\u00e4rgiga: Ei<\/li>\n<li>Klaasuks<\/li>\n<li>Suitsutoru alumise serva k\u00f5rgus p\u00f5randast taga: 58 cm<\/li>\n<li>P\u00f5lemiskambri katuse paksus: 10 mm<\/li>\n<li>Maksimaalne kivide kogus (kg): 50<\/li>\n<li>Minimaalne sauna maht (m\u00b3): 6<\/li>\n<li>Maksimaalne sauna maht (m\u00b3): 16<\/li>\n<li>Kaitsekaugus lakke (mm): 1250<\/li>\n<li>Kaitsekaugus k\u00fcljele (mm): 150<\/li>\n<li>Kaitsekaugus ette (mm): 500<\/li>\n<li>Kaitsekaugus taha (mm): 150<\/li>\n<li>Suitsutoru asukoht: Taga<\/li>\n<\/ul>\n<p>&nbsp;<\/p>\n<p><strong>Pakendi kaal:<\/strong><\/p>\n<ul>\n<li>Rahtkaal (kg): 72,00<\/li>\n<\/ul>\n<p>&nbsp;<\/p>\n<p><a href=\"https:\/\/factory.sale\/wp-content\/uploads\/2024\/02\/Narvi_NC16_20_20VS_24_070322.pdf\" target=\"_blank\" rel=\"noopener\">Narvi NC kasutus &#8211; ja paigaldusjuhend<\/a><\/p>\n<p>&nbsp;<\/p>\n<p>&nbsp;<\/p>\n<div class=\"video-wrapper \"><iframe loading=\"lazy\" title=\"Narvi - Kiuaskivien ladontaohje (puul\u00e4mmitteiset kiukaat)\" width=\"500\" height=\"281\" src=\"https:\/\/www.youtube.com\/embed\/jJqDgtGvZC8?feature=oembed\" frameborder=\"0\" allow=\"accelerometer; autoplay; clipboard-write; encrypted-media; gyroscope; picture-in-picture; web-share\" referrerpolicy=\"strict-origin-when-cross-origin\" allowfullscreen><\/iframe><\/div>\n","protected":false},"excerpt":{"rendered":"<p>Uus p\u00f5lemiskambri disain p\u00f5hineb keskkonnas\u00f5bralikkusel ja vastavusel tulevastele kohustuslikele CE n\u00f5uetele. Ahju suur kivide hulk ja tugev konstruktsioon tagavad \u00fchtlased ja pehmed leilid. Hoolimata oma robustsusest, soojeneb ahi vaid v\u00e4ikese koguse puudega.<\/p>\n<p><img loading=\"lazy\" decoding=\"async\" class=\"alignnone size-medium wp-image-74007\" src=\"https:\/\/factory.sale\/wp-content\/uploads\/2024\/02\/fin-CE-300x172.png\" alt=\"\" width=\"300\" height=\"172\" srcset=\"https:\/\/factory.sale\/wp-content\/uploads\/2024\/02\/fin-CE-300x172.png 300w, https:\/\/factory.sale\/wp-content\/uploads\/2024\/02\/fin-CE-150x86.png 150w, https:\/\/factory.sale\/wp-content\/uploads\/2024\/02\/fin-CE-600x345.png 600w, https:\/\/factory.sale\/wp-content\/uploads\/2024\/02\/fin-CE.png 616w\" sizes=\"auto, (max-width: 300px) 100vw, 300px\" \/><\/p>\n","protected":false},"featured_media":74396,"comment_status":"open","ping_status":"closed","template":"","meta":{"_acf_changed":false},"factory":[],"free-shipment":[],"product_brand":[],"product_cat":[2782,306],"product_tag":[811,2176],"class_list":{"0":"post-74400","1":"product","2":"type-product","3":"status-publish","4":"has-post-thumbnail","6":"product_cat-narvi-et","7":"product_cat-saunakerised","8":"product_tag-sauna-et","9":"product_tag-sauna-heater-et","11":"first","12":"instock","13":"sale","14":"taxable","15":"shipping-taxable","16":"purchasable","17":"product-type-simple"},"acf":[],"_links":{"self":[{"href":"https:\/\/factory.sale\/et\/wp-json\/wp\/v2\/product\/74400","targetHints":{"allow":["GET"]}}],"collection":[{"href":"https:\/\/factory.sale\/et\/wp-json\/wp\/v2\/product"}],"about":[{"href":"https:\/\/factory.sale\/et\/wp-json\/wp\/v2\/types\/product"}],"replies":[{"embeddable":true,"href":"https:\/\/factory.sale\/et\/wp-json\/wp\/v2\/comments?post=74400"}],"wp:featuredmedia":[{"embeddable":true,"href":"https:\/\/factory.sale\/et\/wp-json\/wp\/v2\/media\/74396"}],"wp:attachment":[{"href":"https:\/\/factory.sale\/et\/wp-json\/wp\/v2\/media?parent=74400"}],"wp:term":[{"taxonomy":"factory","embeddable":true,"href":"https:\/\/factory.sale\/et\/wp-json\/wp\/v2\/factory?post=74400"},{"taxonomy":"free-shipment","embeddable":true,"href":"https:\/\/factory.sale\/et\/wp-json\/wp\/v2\/free-shipment?post=74400"},{"taxonomy":"product_brand","embeddable":true,"href":"https:\/\/factory.sale\/et\/wp-json\/wp\/v2\/product_brand?post=74400"},{"taxonomy":"product_cat","embeddable":true,"href":"https:\/\/factory.sale\/et\/wp-json\/wp\/v2\/product_cat?post=74400"},{"taxonomy":"product_tag","embeddable":true,"href":"https:\/\/factory.sale\/et\/wp-json\/wp\/v2\/product_tag?post=74400"}],"curies":[{"name":"wp","href":"https:\/\/api.w.org\/{rel}","templated":true}]}}