{"id":74166,"date":"2024-02-06T10:32:55","date_gmt":"2024-02-06T10:45:24","guid":{"rendered":"https:\/\/factory.sale\/?post_type=product&#038;p=74166"},"modified":"2024-06-28T00:25:31","modified_gmt":"2024-06-28T00:25:31","slug":"narvi-puukuttega-keris-nc-24","status":"publish","type":"product","link":"https:\/\/factory.sale\/et\/toode\/narvi-puukuttega-keris-nc-24\/","title":{"rendered":"Narvi puuk\u00fcttega keris NC 24"},"content":{"rendered":"<p>Soome valmistatud Narvi NC 24 puuk\u00fcttega ahjul on reguleeritavad jalad ja valurauast klaasuks ning see soojeneb vaid v\u00e4ikese koguse puudega. Selle lihtne, ajatu disain sobib nii traditsioonilisse kui kaasaegsesse sauna. Sauna suurus 10\u201324 m\u00b3 ja kivide kogus 80 kg. Grafiithall Narvi NC 24 on vastupidav ja esmaklassiliste aurude tootmisv\u00f5imega puuk\u00fcttega ahi 10\u201324 m\u00b3 suurusele saunale. Soomes valmistatud Narvi puuk\u00fcttega ahi soojeneb kiiresti v\u00e4ikese koguse puudega. Selle ajatu ja minimalistlik disain muudab ahju sobivaks nii modernsesse kui ka traditsioonilisemasse sauna. Suure, 80 kg kivide koguse ja tugeva konstruktsiooniga Narvi puuk\u00fcttega ahi on m\u00f5eldud innukale saunakasutajale, tagades aastateks \u00fchtlased ja pehmed leilid. Keskkonnas\u00f5bralikkust silmas pidades kujundatud p\u00f5lemiskambri disain on uus, muutes p\u00f5lemise t\u00f5husamaks ja puhtamaks. Pikaajalise kestvusega p\u00f5lemiskambri katus on 10 mm paks. Klaasuks v\u00f5imaldab imetleda tuld ja aitab s\u00e4ilitada \u00fchtlast tuld. Puust k\u00e4epidemed p\u00fcsivad jahedad ja on mugavad kasutada.<\/p>\n<p>Ahjul on 15 mm reguleerimisvahemikuga jalad, mis teevad ahju paigaldamise lihtsaks. Ahjuga kaasas on \u00fchendustoru tagant suitsutoru \u00fchendamiseks. Ahju saab \u00fchendada suitsutoruga ka \u00fclevalt, mis n\u00f5uab eraldi m\u00fc\u00fcdavat \u00fchendustoru. Ahju on saadaval ka NC16 ja NC20 mudelitena, mille 50 ja 60 kg kivikogused sobivad veidi v\u00e4iksematele saunaruumidele.<\/p>\n<p><em>Pange t\u00e4hele, et saunakivid m\u00fc\u00fcakse eraldi. Enne ahju paigaldamist ja kasutamist lugege hoolikalt l\u00e4bi kasutus- ja paigaldusjuhendid ning ahju saunatilale esitatavad n\u00f5uded.<\/em><\/p>\n<p>&nbsp;<\/p>\n<p>&nbsp;<\/p>\n<p><strong>Tooteinfo:<\/strong><\/p>\n<ul>\n<li>EAN-kood: 6418530123153<\/li>\n<li>Kaal: 81 kg<\/li>\n<li>Kaitsekaugus tagant (mm): 150<\/li>\n<li>Minimaalne sauna suurus (m\u00b3): 10<\/li>\n<li>V\u00e4rv: Must<\/li>\n<li>Maksimaalne kivide kogus (kg): 80<\/li>\n<li>Laius (cm): 58<\/li>\n<li>Maksimaalne sauna suurus (m\u00b3): 24<\/li>\n<li>Lauteisiin upotettava: Ei<\/li>\n<li>T\u00fc\u00fcp: Puuk\u00fcttega ahi<\/li>\n<li>Kaitsekaugus eest (mm): 500<\/li>\n<li>Kaitsekaugus lakke (mm): 1200<\/li>\n<li>Ahjul veeboiler: Ei<\/li>\n<li>S\u00fcgavus (cm): 58<\/li>\n<li>Kaitsekaugus k\u00fcljele (mm): 150<\/li>\n<li>K\u00f5rgus (cm): 82<\/li>\n<\/ul>\n<p>&nbsp;<\/p>\n<p><strong>Pakend:<\/strong><\/p>\n<ul>\n<li>Kaal: 82 kg<\/li>\n<li>K\u00f5rgus: 88,5 cm<\/li>\n<li>Pikkus: 59,5 cm<\/li>\n<li>Laius: 62,5 cm<\/li>\n<\/ul>\n<p>&nbsp;<\/p>\n<p>&nbsp;<\/p>\n<p><a href=\"https:\/\/factory.sale\/wp-content\/uploads\/2024\/02\/Narvi_NC16_20_20VS_24_070322.pdf\" target=\"_blank\" rel=\"noopener\">Narvi NC kasutus &#8211; ja paigaldusjuhend<\/a><\/p>\n<p>&nbsp;<\/p>\n<p>&nbsp;<\/p>\n<div class=\"video-wrapper \"><iframe loading=\"lazy\" title=\"Narvi - Kiuaskivien ladontaohje (puul\u00e4mmitteiset kiukaat)\" width=\"500\" height=\"281\" src=\"https:\/\/www.youtube.com\/embed\/jJqDgtGvZC8?feature=oembed\" frameborder=\"0\" allow=\"accelerometer; autoplay; clipboard-write; encrypted-media; gyroscope; picture-in-picture; web-share\" referrerpolicy=\"strict-origin-when-cross-origin\" allowfullscreen><\/iframe><\/div>\n","protected":false},"excerpt":{"rendered":"<p>Narvi NC 24 ahju korpus on v\u00e4rvitud grafiithalliks. Ahjul on reguleeritavad jalad ja valurauast klaasuks. See soojeneb vaid v\u00e4ikese koguse puudega. Sauna suurus 10 &#8211; 24 m\u00b3. Kivide kogus 80 kg.<\/p>\n<p><img loading=\"lazy\" decoding=\"async\" class=\"alignnone size-medium wp-image-74007\" src=\"https:\/\/factory.sale\/wp-content\/uploads\/2024\/02\/fin-CE-300x172.png\" alt=\"\" width=\"300\" height=\"172\" srcset=\"https:\/\/factory.sale\/wp-content\/uploads\/2024\/02\/fin-CE-300x172.png 300w, https:\/\/factory.sale\/wp-content\/uploads\/2024\/02\/fin-CE-150x86.png 150w, https:\/\/factory.sale\/wp-content\/uploads\/2024\/02\/fin-CE-600x345.png 600w, https:\/\/factory.sale\/wp-content\/uploads\/2024\/02\/fin-CE.png 616w\" sizes=\"auto, (max-width: 300px) 100vw, 300px\" \/><\/p>\n","protected":false},"featured_media":74162,"comment_status":"open","ping_status":"closed","template":"","meta":{"_acf_changed":false},"factory":[],"free-shipment":[],"product_brand":[],"product_cat":[2782,306],"product_tag":[811,2176],"class_list":{"0":"post-74166","1":"product","2":"type-product","3":"status-publish","4":"has-post-thumbnail","6":"product_cat-narvi-et","7":"product_cat-saunakerised","8":"product_tag-sauna-et","9":"product_tag-sauna-heater-et","11":"first","12":"instock","13":"sale","14":"taxable","15":"shipping-taxable","16":"purchasable","17":"product-type-simple"},"acf":[],"_links":{"self":[{"href":"https:\/\/factory.sale\/et\/wp-json\/wp\/v2\/product\/74166","targetHints":{"allow":["GET"]}}],"collection":[{"href":"https:\/\/factory.sale\/et\/wp-json\/wp\/v2\/product"}],"about":[{"href":"https:\/\/factory.sale\/et\/wp-json\/wp\/v2\/types\/product"}],"replies":[{"embeddable":true,"href":"https:\/\/factory.sale\/et\/wp-json\/wp\/v2\/comments?post=74166"}],"wp:featuredmedia":[{"embeddable":true,"href":"https:\/\/factory.sale\/et\/wp-json\/wp\/v2\/media\/74162"}],"wp:attachment":[{"href":"https:\/\/factory.sale\/et\/wp-json\/wp\/v2\/media?parent=74166"}],"wp:term":[{"taxonomy":"factory","embeddable":true,"href":"https:\/\/factory.sale\/et\/wp-json\/wp\/v2\/factory?post=74166"},{"taxonomy":"free-shipment","embeddable":true,"href":"https:\/\/factory.sale\/et\/wp-json\/wp\/v2\/free-shipment?post=74166"},{"taxonomy":"product_brand","embeddable":true,"href":"https:\/\/factory.sale\/et\/wp-json\/wp\/v2\/product_brand?post=74166"},{"taxonomy":"product_cat","embeddable":true,"href":"https:\/\/factory.sale\/et\/wp-json\/wp\/v2\/product_cat?post=74166"},{"taxonomy":"product_tag","embeddable":true,"href":"https:\/\/factory.sale\/et\/wp-json\/wp\/v2\/product_tag?post=74166"}],"curies":[{"name":"wp","href":"https:\/\/api.w.org\/{rel}","templated":true}]}}