{"id":74011,"date":"2024-02-05T17:12:55","date_gmt":"2024-02-05T17:23:29","guid":{"rendered":"https:\/\/factory.sale\/?post_type=product&#038;p=74011"},"modified":"2024-06-27T15:27:23","modified_gmt":"2024-06-27T15:27:23","slug":"narvi-puukuttega-keris-nc-20","status":"publish","type":"product","link":"https:\/\/factory.sale\/et\/toode\/narvi-puukuttega-keris-nc-20\/","title":{"rendered":"Narvi puuk\u00fcttega keris NC 20"},"content":{"rendered":"<p>Narvi NC 20 ahju korpus on maalitud grafiithalliks. Ahjul on reguleeritavad jalad ja valurauast klaasuks. See soojeneb vaid v\u00e4ikese koguse puudega. Soomes valmistatud Narvi NC 20 puuk\u00fcttega ahi reguleeritavate jalgade ja valurauast klaasuksega soojeneb samuti vaid v\u00e4ikese koguse puudega. Selle ajatu ja minimalistlik disain sobib nii traditsioonilistesse kui ka modernsetesse saunadesse. Sauna suurus 10\u201320 m\u00b3 ja kivide kogus 60 kg. Grafiithall Narvi NC 20 on vastupidav puuk\u00fcttega ahi esmaklassiliste leiliv\u00f5imetega 10\u201320 m\u00b3 suurusele leiliruumile. Soomes valmistatud Narvi puuk\u00fcttega ahi soojeneb kiiresti vaid v\u00e4ikese koguse puudega. Selle ajatu ja minimalistlik disain teeb ahju sobilikuks nii modernsesse kui ka traditsioonilisemasse sauna. Suure, 60 kg kivide koguse ja tugeva konstruktsiooniga Narvi puuk\u00fcttega ahi on m\u00f5eldud innukale saunakasutajale, tagades aastateks \u00fchtlased ja pehmed leilid. Keskkonnas\u00f5bralikkust silmas pidades kujundatud p\u00f5lemiskambri disain esindab uut disaini, mis muudab p\u00f5lemise t\u00f5husamaks ja puhtamaks. Pikaajalise kestvusega p\u00f5lemiskambri katus on 10 mm paks. Klaasuks v\u00f5imaldab imetleda tuld ja aitab s\u00e4ilitada \u00fchtlast tuld. Puust k\u00e4epidemed p\u00fcsivad jahedad ja on mugavad kasutada.<\/p>\n<p>Ahjul on 15 mm reguleerimisvahemikuga jalad, mis teevad ahju paigaldamise lihtsaks. Ahjuga kaasas on \u00fchendustoru tagant suitsutoru \u00fchendamiseks. Ahju saab \u00fchendada ka suitsutoruga \u00fclalt, mis n\u00f5uab eraldi m\u00fc\u00fcdavat \u00fchendustoru.<\/p>\n<p>&nbsp;<\/p>\n<p><strong>Tehniline teave:<\/strong><\/p>\n<ul>\n<li>EAN-kood: 6418530123139<\/li>\n<li>Kaal: 76 kg<\/li>\n<li>Kaitsekaugus tagant (mm): 150<\/li>\n<li>Minimaalne sauna suurus (m\u00b3): 10<\/li>\n<li>V\u00e4rv: Must<\/li>\n<li>Maksimaalne kivide kogus (kg): 60<\/li>\n<li>Laius (cm): 54<\/li>\n<li>Maksimaalne sauna suurus (m\u00b3): 20<\/li>\n<li>T\u00fc\u00fcp: Puuk\u00fcttega ahi<\/li>\n<li>Kaitsekaugus eest (mm): 500<\/li>\n<li>Kaitsekaugus lakke (mm): 1200<\/li>\n<li>Ahjul veeboiler: Ei<\/li>\n<li>S\u00fcgavus (cm): 58<\/li>\n<li>Kaitsekaugus k\u00fclgedelt (mm): 150<\/li>\n<\/ul>\n<p>&nbsp;<\/p>\n<p><strong>Pakendi informatsioon:<\/strong><\/p>\n<ul>\n<li>K\u00f5rgus (cm): 80<\/li>\n<li>Kaal: 76 kg<\/li>\n<li>K\u00f5rgus: 80 cm<\/li>\n<li>Pikkus: 58 cm<\/li>\n<li>Laius: 54 cm<\/li>\n<\/ul>\n<p>&nbsp;<\/p>\n<p><em>Pange t\u00e4hele, et saunakivid m\u00fc\u00fcakse eraldi. Enne ahju paigaldamist ja kasutamist lugege hoolikalt l\u00e4bi kasutus- ja paigaldusjuhendid ning ahju saunatilale esitatavad n\u00f5uded.<\/em><\/p>\n<p>&nbsp;<\/p>\n<p>&nbsp;<\/p>\n<p><a href=\"https:\/\/factory.sale\/wp-content\/uploads\/2024\/02\/Narvi_NC16_20_20VS_24_070322.pdf\" target=\"_blank\" rel=\"noopener\">Narvi NC paigaldus &#8211; ja kasutusjuhend<\/a><\/p>\n<p>&nbsp;<\/p>\n<p>&nbsp;<\/p>\n<div class=\"video-wrapper \"><iframe loading=\"lazy\" title=\"Narvi - Kiuaskivien ladontaohje (puul\u00e4mmitteiset kiukaat)\" width=\"500\" height=\"281\" src=\"https:\/\/www.youtube.com\/embed\/jJqDgtGvZC8?feature=oembed\" frameborder=\"0\" allow=\"accelerometer; autoplay; clipboard-write; encrypted-media; gyroscope; picture-in-picture; web-share\" referrerpolicy=\"strict-origin-when-cross-origin\" allowfullscreen><\/iframe><\/div>\n","protected":false},"excerpt":{"rendered":"<p>Soomes valmistatud Narvi puuk\u00fcttega ahi soojeneb kiiresti vaid v\u00e4ikese koguse puudega. Selle ajatu ja minimalistlik disain teeb ahju sobilikuks nii modernsesse kui ka traditsioonilisemasse sauna. Suure, 60 kg kivide koguse ja tugeva konstruktsiooniga Narvi puuk\u00fcttega ahi on m\u00f5eldud innukale saunakasutajale, tagades aastateks \u00fchtlased ja pehmed leilid. Keskkonnas\u00f5bralikkust silmas pidades kujundatud p\u00f5lemiskambri disain esindab uut disaini, mis muudab p\u00f5lemise t\u00f5husamaks ja puhtamaks. Pikaajalise kestvusega p\u00f5lemiskambri katus on 10 mm paks. Klaasuks v\u00f5imaldab imetleda tuld ja aitab s\u00e4ilitada \u00fchtlast tuld. Puust k\u00e4epidemed p\u00fcsivad jahedad ja on mugavad kasutada.<\/p>\n<p>&nbsp;<\/p>\n<p><img loading=\"lazy\" decoding=\"async\" class=\"alignnone size-medium wp-image-74007\" src=\"https:\/\/factory.sale\/wp-content\/uploads\/2024\/02\/fin-CE-300x172.png\" alt=\"\" width=\"300\" height=\"172\" srcset=\"https:\/\/factory.sale\/wp-content\/uploads\/2024\/02\/fin-CE-300x172.png 300w, https:\/\/factory.sale\/wp-content\/uploads\/2024\/02\/fin-CE-150x86.png 150w, https:\/\/factory.sale\/wp-content\/uploads\/2024\/02\/fin-CE-600x345.png 600w, https:\/\/factory.sale\/wp-content\/uploads\/2024\/02\/fin-CE.png 616w\" sizes=\"auto, (max-width: 300px) 100vw, 300px\" \/><\/p>\n","protected":false},"featured_media":73992,"comment_status":"open","ping_status":"closed","template":"","meta":{"_acf_changed":false},"factory":[],"free-shipment":[],"product_brand":[],"product_cat":[2782,306],"product_tag":[2176],"class_list":{"0":"post-74011","1":"product","2":"type-product","3":"status-publish","4":"has-post-thumbnail","6":"product_cat-narvi-et","7":"product_cat-saunakerised","8":"product_tag-sauna-heater-et","10":"first","11":"instock","12":"sale","13":"taxable","14":"shipping-taxable","15":"purchasable","16":"product-type-simple"},"acf":[],"_links":{"self":[{"href":"https:\/\/factory.sale\/et\/wp-json\/wp\/v2\/product\/74011","targetHints":{"allow":["GET"]}}],"collection":[{"href":"https:\/\/factory.sale\/et\/wp-json\/wp\/v2\/product"}],"about":[{"href":"https:\/\/factory.sale\/et\/wp-json\/wp\/v2\/types\/product"}],"replies":[{"embeddable":true,"href":"https:\/\/factory.sale\/et\/wp-json\/wp\/v2\/comments?post=74011"}],"wp:featuredmedia":[{"embeddable":true,"href":"https:\/\/factory.sale\/et\/wp-json\/wp\/v2\/media\/73992"}],"wp:attachment":[{"href":"https:\/\/factory.sale\/et\/wp-json\/wp\/v2\/media?parent=74011"}],"wp:term":[{"taxonomy":"factory","embeddable":true,"href":"https:\/\/factory.sale\/et\/wp-json\/wp\/v2\/factory?post=74011"},{"taxonomy":"free-shipment","embeddable":true,"href":"https:\/\/factory.sale\/et\/wp-json\/wp\/v2\/free-shipment?post=74011"},{"taxonomy":"product_brand","embeddable":true,"href":"https:\/\/factory.sale\/et\/wp-json\/wp\/v2\/product_brand?post=74011"},{"taxonomy":"product_cat","embeddable":true,"href":"https:\/\/factory.sale\/et\/wp-json\/wp\/v2\/product_cat?post=74011"},{"taxonomy":"product_tag","embeddable":true,"href":"https:\/\/factory.sale\/et\/wp-json\/wp\/v2\/product_tag?post=74011"}],"curies":[{"name":"wp","href":"https:\/\/api.w.org\/{rel}","templated":true}]}}