{"id":73973,"date":"2024-02-05T16:27:34","date_gmt":"2024-02-05T16:39:57","guid":{"rendered":"https:\/\/factory.sale\/?post_type=product&#038;p=73973"},"modified":"2024-06-27T23:01:45","modified_gmt":"2024-06-27T23:01:45","slug":"narvi-puukuttega-keris-nc-16-must-8-16-m%c2%b3","status":"publish","type":"product","link":"https:\/\/factory.sale\/et\/toode\/narvi-puukuttega-keris-nc-16-must-8-16-m%c2%b3\/","title":{"rendered":"Narvi puuk\u00fcttega keris NC 16 must 8-16 m\u00b3"},"content":{"rendered":"<p>Hoolimata oma vastupidavast konstruktsioonist, soojeneb ahi vaid v\u00e4ikese koguse puuga. Disain p\u00f5hineb keskkonnas\u00f5bralikkusel ja see vastab CE-standarditele. Suur kivide hulk tagab \u00fchtlase ja pehme auru. Ahju v\u00e4limus on valmistatud v\u00e4rvitud, mustast terasest. Puidust, mittek\u00fctvat k\u00e4epidet on sauna kasutajad kiitnud.<\/p>\n<p>Ahjud tarnitakse ilma saunakivideta. Tellige saunakivid eraldi. Puuk\u00fcttega ahjude jaoks kasutage blokksileda pinnaga, suurema l\u00e4bim\u00f5\u00f5duga 10 &#8211; 15 cm oliviindiabaasi saunakive. Dekoratiivkividena, pealiskivina, v\u00f5ite kasutada v\u00e4iksemaid l\u00f5hestatud kive 5 &#8211; 10 cm, \u00fcmaraid v\u00f5i valgeid pealiskive. Pange t\u00e4hele, ahju suurust arvestades, kui sauna seinad v\u00f5i lagi on kivist, klaasist, plaaditud v\u00f5i m\u00f5nest muust soojustamata pinnast, suureneb ahju v\u00f5imsusvajadus.<\/p>\n<p>&nbsp;<\/p>\n<p><strong>Tooteinfo:<\/strong><\/p>\n<ul>\n<li>Br\u00e4nd: narvi<\/li>\n<li>EAN-kood: 6418530123122<\/li>\n<li>M\u00fc\u00fcgipakendi k\u00f5rgus (cm): 83.0<\/li>\n<li>M\u00fc\u00fcgipakendi laius (cm): 55.0<\/li>\n<li>M\u00fc\u00fcgipakendi s\u00fcgavus (cm): 64.0<\/li>\n<li>Brutokaal (kg): 67.0<\/li>\n<li>M\u00fc\u00fcgipakend 1: 1.0 TK<\/li>\n<li>M\u00fc\u00fcgipakend 2: 1.0 TK<\/li>\n<li>M\u00fc\u00fcgipakend 3: 4.0 TK<\/li>\n<li>Sauna suurus (m\u00b3): 8 &#8211; 16<\/li>\n<li>M\u00f5\u00f5tmed (p x l x k) mm: 500 x 780 x 580<\/li>\n<li>Kivide maksimaalne kogus: 50 kg<\/li>\n<li>Kaal ilma kivideta: 72 kg<\/li>\n<li>Korstna l\u00e4bim\u00f5\u00f5t pealt ja tagant: 119 mm<\/li>\n<li>Korstna alumise serva k\u00f5rgus p\u00f5randast: 595 mm<\/li>\n<li>Kaitsekaugused p\u00f5levmaterjalini: K\u00fclgedele 150 mm, ette 500 mm, \u00fcles 1250 mm ja taha 150 mm<\/li>\n<li>Garantii: 24 kuud<\/li>\n<li>Reguleeritavad jalad: jah<\/li>\n<\/ul>\n<p>&nbsp;<\/p>\n<p>&nbsp;<\/p>\n<p><a href=\"https:\/\/factory.sale\/wp-content\/uploads\/2024\/02\/Narvi_NC16_20_20VS_24_070322.pdf\" target=\"_blank\" rel=\"noopener\">Narvi NC kasutus &#8211; ja paigaldusjuhend<\/a><\/p>\n","protected":false},"excerpt":{"rendered":"<p>T\u00e4nu Narvi NC ahju p\u00f5lemiskambri disainile on p\u00f5lemine t\u00f5husam ja puhtam. Seet\u00f5ttu on see maailma puhtaimalt p\u00f5lev puuk\u00fcttega ahi!<\/p>\n","protected":false},"featured_media":73963,"comment_status":"open","ping_status":"closed","template":"","meta":{"_acf_changed":false},"factory":[],"free-shipment":[],"product_brand":[],"product_cat":[2782,306],"product_tag":[2176],"class_list":{"0":"post-73973","1":"product","2":"type-product","3":"status-publish","4":"has-post-thumbnail","6":"product_cat-narvi-et","7":"product_cat-saunakerised","8":"product_tag-sauna-heater-et","10":"first","11":"instock","12":"sale","13":"taxable","14":"shipping-taxable","15":"purchasable","16":"product-type-simple"},"acf":[],"_links":{"self":[{"href":"https:\/\/factory.sale\/et\/wp-json\/wp\/v2\/product\/73973","targetHints":{"allow":["GET"]}}],"collection":[{"href":"https:\/\/factory.sale\/et\/wp-json\/wp\/v2\/product"}],"about":[{"href":"https:\/\/factory.sale\/et\/wp-json\/wp\/v2\/types\/product"}],"replies":[{"embeddable":true,"href":"https:\/\/factory.sale\/et\/wp-json\/wp\/v2\/comments?post=73973"}],"wp:featuredmedia":[{"embeddable":true,"href":"https:\/\/factory.sale\/et\/wp-json\/wp\/v2\/media\/73963"}],"wp:attachment":[{"href":"https:\/\/factory.sale\/et\/wp-json\/wp\/v2\/media?parent=73973"}],"wp:term":[{"taxonomy":"factory","embeddable":true,"href":"https:\/\/factory.sale\/et\/wp-json\/wp\/v2\/factory?post=73973"},{"taxonomy":"free-shipment","embeddable":true,"href":"https:\/\/factory.sale\/et\/wp-json\/wp\/v2\/free-shipment?post=73973"},{"taxonomy":"product_brand","embeddable":true,"href":"https:\/\/factory.sale\/et\/wp-json\/wp\/v2\/product_brand?post=73973"},{"taxonomy":"product_cat","embeddable":true,"href":"https:\/\/factory.sale\/et\/wp-json\/wp\/v2\/product_cat?post=73973"},{"taxonomy":"product_tag","embeddable":true,"href":"https:\/\/factory.sale\/et\/wp-json\/wp\/v2\/product_tag?post=73973"}],"curies":[{"name":"wp","href":"https:\/\/api.w.org\/{rel}","templated":true}]}}