{"id":7387,"date":"2022-07-04T10:54:31","date_gmt":"2022-07-04T10:54:43","guid":{"rendered":"https:\/\/factory.sale\/?post_type=product&#038;p=7387"},"modified":"2024-06-27T10:04:33","modified_gmt":"2024-06-27T10:04:33","slug":"kaarkasvuhoone-kerttu","status":"publish","type":"product","link":"https:\/\/factory.sale\/et\/toode\/kaarkasvuhoone-kerttu\/","title":{"rendered":"Kaarkasvuhoone &#8221;KERTTU&#8221; 3x4m"},"content":{"rendered":"<p>Kaarkasvuhoone KERTTU on m\u00f5eldud erinevate aiakultuuride kasvatamiseks.<\/p>\n<p>EELNEVALT V\u00c4LJAL\u00d5IGATUD PLAADID TEEVAD KOKKUPANEKU LIHTSAKS JA KIIREKS!<\/p>\n<p>Efektiivsemaks tuulutamiseks on kasvuhoone m\u00f5lemas otsas on \u00fcks tuulutusaken ja \u00fcks uks!<\/p>\n<p>Kasvuhoone karkass on valmistatud tsingitud terasliistudest <strong>60 x 20; 44 x 15 mm<\/strong>. Kattematerjal on v\u00e4lja l\u00f5igatud 4 mm pol\u00fckarbonaat plaatidest, et kokkupanek l\u00e4heks v\u00f5imalikult lihtsalt ja kiiresti. Komplektis on k\u00f5ik vajalik kattematerjali kinnitamiseks. Kasvuhoone soovitatavalt kinnitada tuulevarjulisse kohta, puitprussist raami k\u00fclge v\u00f5i otse maapinnale.<\/p>\n<p>Lumekandev\u00f5ime 60kg\/m2, kihtplastiku garantii 10 aastat<\/p>\n<p>&nbsp;<\/p>\n<p><strong>LISAKS:<\/strong><\/p>\n<ul>\n<li>Katuse lisatuulutusaken kaarkasvuhoonele Kerttu (pakk: 60 x 430 x 940 mm, kaal 5kg)<\/li>\n<\/ul>\n<p>&nbsp;<\/p>\n<p>&nbsp;<\/p>\n<p><a href=\"https:\/\/factory.sale\/wp-content\/uploads\/2022\/07\/Kaarikasvihuone-KERTTU-ohje_FI.pdf\" target=\"_blank\" rel=\"noopener\">Kasutus &#8211; ja paigaldusjuhend<\/a><\/p>\n","protected":false},"excerpt":{"rendered":"<p><strong>Kaarkasvuhoone KERTTU<\/strong> on m\u00f5eldud erinevate aiakultuuride kasvatamiseks.<\/p>\n<p>EELNEVALT V\u00c4LJAL\u00d5IGATUD PLAADID TEEVAD KOKKUPANEKU LIHTSAKS JA KIIREKS!<\/p>\n","protected":false},"featured_media":7391,"comment_status":"open","ping_status":"closed","template":"","meta":{"_acf_changed":false},"factory":[],"free-shipment":[],"product_brand":[],"product_cat":[221],"product_tag":[222],"class_list":{"0":"post-7387","1":"product","2":"type-product","3":"status-publish","4":"has-post-thumbnail","6":"product_cat-kasvuhooned","7":"product_tag-greenhouse-et-2","9":"first","10":"instock","11":"sale","12":"taxable","13":"shipping-taxable","14":"purchasable","15":"product-type-simple"},"acf":[],"_links":{"self":[{"href":"https:\/\/factory.sale\/et\/wp-json\/wp\/v2\/product\/7387","targetHints":{"allow":["GET"]}}],"collection":[{"href":"https:\/\/factory.sale\/et\/wp-json\/wp\/v2\/product"}],"about":[{"href":"https:\/\/factory.sale\/et\/wp-json\/wp\/v2\/types\/product"}],"replies":[{"embeddable":true,"href":"https:\/\/factory.sale\/et\/wp-json\/wp\/v2\/comments?post=7387"}],"wp:featuredmedia":[{"embeddable":true,"href":"https:\/\/factory.sale\/et\/wp-json\/wp\/v2\/media\/7391"}],"wp:attachment":[{"href":"https:\/\/factory.sale\/et\/wp-json\/wp\/v2\/media?parent=7387"}],"wp:term":[{"taxonomy":"factory","embeddable":true,"href":"https:\/\/factory.sale\/et\/wp-json\/wp\/v2\/factory?post=7387"},{"taxonomy":"free-shipment","embeddable":true,"href":"https:\/\/factory.sale\/et\/wp-json\/wp\/v2\/free-shipment?post=7387"},{"taxonomy":"product_brand","embeddable":true,"href":"https:\/\/factory.sale\/et\/wp-json\/wp\/v2\/product_brand?post=7387"},{"taxonomy":"product_cat","embeddable":true,"href":"https:\/\/factory.sale\/et\/wp-json\/wp\/v2\/product_cat?post=7387"},{"taxonomy":"product_tag","embeddable":true,"href":"https:\/\/factory.sale\/et\/wp-json\/wp\/v2\/product_tag?post=7387"}],"curies":[{"name":"wp","href":"https:\/\/api.w.org\/{rel}","templated":true}]}}