{"id":7373,"date":"2022-07-04T11:27:12","date_gmt":"2022-05-14T15:09:36","guid":{"rendered":"https:\/\/factory.sale\/?post_type=product&#038;p=7373"},"modified":"2024-06-25T13:18:19","modified_gmt":"2024-06-25T13:18:19","slug":"kasvuhoone-easy-up-polukarbonaat-4-mm","status":"publish","type":"product","link":"https:\/\/factory.sale\/et\/toode\/kasvuhoone-easy-up-polukarbonaat-4-mm\/","title":{"rendered":"Kasvuhoone Easy-Up pol\u00fckarbonaat 4 mm"},"content":{"rendered":"<p>Kaarkasvuhoone Easy-Up on m\u00f5eldud erinevate aiakultuuride kasvatamiseks.<br \/>\nKasvuhoone karkass on valmistatud tugevatest nelikanttorudest, m\u00f5eldes selle, et kokkupanek l\u00e4heks v\u00f5imalikult lihtsalt ja kiiresti.\u00a0Kasvuhoone uks ja tuulutus akna raamid on juba valmis ja ei vaja enam t\u00fclikat kokkukruvimist, ega nuputamist. T\u00f5sta ainult ette ja kinnita nelja kruviga.\u00a0Kasvuhoone kokkupanekuks kulub aega ca 10h.\u00a0Kasvuhoone tuleb kinnitada tuulekindlalt puidust raami k\u00fclge.<\/p>\n<p>&nbsp;<\/p>\n<p><strong>Komplekti kuulub:<\/strong><\/p>\n<ul>\n<li>4\/6mm UV kaitsega pol\u00fckarbonaadist kattematerjal ja k\u00f5ik vajalik kattematerjali kinnitamiseks<\/li>\n<li>Kasvuhoone \u00fches otsas on nii uks kui ka \u00f5hutusaken, teises otsas \u00f5hutusaken<\/li>\n<li>Kasvuhoonele soovitame paigaldada tugevdused, v\u00f5i talveks paigaldada lisatoed, et toestada kasvuhoone konstruktsiooni lumekoormusele.<\/li>\n<\/ul>\n<p>&nbsp;<\/p>\n<p><strong>Tehnilised andmed:<\/strong><\/p>\n<ul>\n<li>k\u00f5rgus 2,1m<\/li>\n<li>tsingitud teraskarkass<\/li>\n<li>kahekihiline UV-kindel pol\u00fckarbonaadist kate<\/li>\n<li>komplektis kinnitusvahendid ja koostamisjuhend<\/li>\n<li>Lumekoormus 40\/50kg\/ m2<\/li>\n<\/ul>\n<p>&nbsp;<\/p>\n<p><em><strong>NB!<\/strong> Lume eemaldamine katuselt on omaniku hoolsuskohustus. Kui hoolsuskohustust ei j\u00e4lgita siis katusele kogunenud lume raskusest tekkinud kahjud ei ole reeglina kindlustusega kaetud ega kuulu ka garantii alla. Soovitame v\u00f5imalusel kasvuhoone kate talveks eemaldada ja\/v\u00f5i toestada kasvuhoone seestpoolt t\u00e4iendavate tugedega.<\/em><\/p>\n<p>&nbsp;<\/p>\n<p><strong>SAADAVAL SUURUSED HINDADEGA 4 mm, (ilma KM):<\/strong><\/p>\n<ul>\n<li>2 x 3 m (6000098) &#8211; 354.17 EUR<\/li>\n<li>2 x 4 m, (6000099) &#8211; 395.83 EUR<\/li>\n<li>2 x 6 m, (6000097) -620.83 EUR<\/li>\n<li><strong>3 x 4 m, (6000096) &#8211; 450 EUR &#8211; 05.04.2023- 25.04.2023 (670.- eur)<\/strong><\/li>\n<li>3 x 6 m, \u00a0(6000102) &#8211; 666.67 EUR<\/li>\n<li>3 x 8 m, (6000100) &#8211; 770.83 EUR<\/li>\n<li>3 x 10 m, (6000101) -866.67 EUR<\/li>\n<\/ul>\n<p>&nbsp;<\/p>\n<p><strong>SAADAVAL SUURUSED HINDADEGA 6 mm,\u00a0(ilma KM):<\/strong><\/p>\n<ul>\n<li>3 x 4 m (6007118) &#8211; 583.33 EUR<\/li>\n<li>3 x 6 m (6007119) &#8211; 737.50 EUR<\/li>\n<li>3 x 8 m (6007120) &#8211; 916.67 EUR<\/li>\n<li>3 x 10 m (6007121) &#8211; 1000 EUR<\/li>\n<\/ul>\n<p>&nbsp;<\/p>\n<p>&nbsp;<\/p>\n<p><strong>LISAKS V\u00d5IMALIK JUURDE OSTA:<\/strong><\/p>\n<ul>\n<li>Tuulutusaken 2 m laiusele kasvuhoonele (komplektis hinged, kinnitused, kihtplastik)<\/li>\n<li>Tuulutusaken 3 m laiusele kasvuhoonele (komplektis hinged, kinnitused, kihtplast)<\/li>\n<li>Kasvuhoone Easy-UP tugevdus 2 tk komplektis<\/li>\n<\/ul>\n<p>&nbsp;<\/p>\n<p>&nbsp;<\/p>\n<p>&nbsp;<\/p>\n<p><a href=\"https:\/\/factory.sale\/wp-content\/uploads\/2022\/07\/Easy-Up-KASUTUSJUHEND-koik-suurused.pdf\" target=\"_blank\" rel=\"noopener\">Kasutus- ja paigaldusjuhend<\/a><\/p>\n","protected":false},"excerpt":{"rendered":"<p><strong>Kaarkasvuhoone Easy-Up<\/strong> on m\u00f5eldud erinevate aiakultuuride kasvatamiseks.<\/p>\n<p>KOKKUPANEMINE LIHTNE JA KIIRE!<\/p>\n","protected":false},"featured_media":7356,"comment_status":"open","ping_status":"closed","template":"","meta":{"_acf_changed":false},"factory":[],"free-shipment":[],"product_brand":[],"product_cat":[221],"product_tag":[222],"class_list":{"0":"post-7373","1":"product","2":"type-product","3":"status-publish","4":"has-post-thumbnail","6":"product_cat-kasvuhooned","7":"product_tag-greenhouse-et-2","9":"first","10":"instock","11":"sale","12":"taxable","13":"shipping-taxable","14":"purchasable","15":"product-type-simple"},"acf":[],"_links":{"self":[{"href":"https:\/\/factory.sale\/et\/wp-json\/wp\/v2\/product\/7373","targetHints":{"allow":["GET"]}}],"collection":[{"href":"https:\/\/factory.sale\/et\/wp-json\/wp\/v2\/product"}],"about":[{"href":"https:\/\/factory.sale\/et\/wp-json\/wp\/v2\/types\/product"}],"replies":[{"embeddable":true,"href":"https:\/\/factory.sale\/et\/wp-json\/wp\/v2\/comments?post=7373"}],"wp:featuredmedia":[{"embeddable":true,"href":"https:\/\/factory.sale\/et\/wp-json\/wp\/v2\/media\/7356"}],"wp:attachment":[{"href":"https:\/\/factory.sale\/et\/wp-json\/wp\/v2\/media?parent=7373"}],"wp:term":[{"taxonomy":"factory","embeddable":true,"href":"https:\/\/factory.sale\/et\/wp-json\/wp\/v2\/factory?post=7373"},{"taxonomy":"free-shipment","embeddable":true,"href":"https:\/\/factory.sale\/et\/wp-json\/wp\/v2\/free-shipment?post=7373"},{"taxonomy":"product_brand","embeddable":true,"href":"https:\/\/factory.sale\/et\/wp-json\/wp\/v2\/product_brand?post=7373"},{"taxonomy":"product_cat","embeddable":true,"href":"https:\/\/factory.sale\/et\/wp-json\/wp\/v2\/product_cat?post=7373"},{"taxonomy":"product_tag","embeddable":true,"href":"https:\/\/factory.sale\/et\/wp-json\/wp\/v2\/product_tag?post=7373"}],"curies":[{"name":"wp","href":"https:\/\/api.w.org\/{rel}","templated":true}]}}