{"id":72736,"date":"2024-01-31T15:46:31","date_gmt":"2024-01-31T15:50:37","guid":{"rendered":"https:\/\/factory.sale\/?post_type=product&#038;p=72736"},"modified":"2024-07-12T15:03:35","modified_gmt":"2024-07-12T12:03:35","slug":"lvl-puu-kerto-s-tala-51-x-260-x-12000-mm","status":"publish","type":"product","link":"https:\/\/factory.sale\/et\/toode\/lvl-puu-kerto-s-tala-51-x-260-x-12000-mm\/","title":{"rendered":"LVL-puu kerto s-tala 51 x 260 x 12000 mm"},"content":{"rendered":"<p>LVL-S on sirge, mittekihutav ja m\u00f5\u00f5tmetelt t\u00e4pne toode, mis sobib nii vertikaalseteks kui ka horisontaalseteks konstruktsioonideks. Seda sirget ja m\u00f5\u00f5tmetelt t\u00e4pset LVL-puitu kasutatakse n\u00e4iteks eramajade, hallide ja teiste hoonete alumiste, vaheliste ja \u00fclemiste p\u00f5randataladena, samuti mitmesugustes muudes puitkonstruktsioonides.<\/p>\n<p>&nbsp;<\/p>\n<p><strong>TOOTEINFO:<\/strong><\/p>\n<ul>\n<li>Br\u00e4nd: metsawood<\/li>\n<li>K\u00f5rgus \/ paksus (mm): 51,0<\/li>\n<li>Laius \/ diameeter (mm): 260,0<\/li>\n<li>Pikkus \/ s\u00fcgavus (mm): 12000,0<\/li>\n<li>M\u00fc\u00fcgipakendi k\u00f5rgus (cm): 26,0<\/li>\n<li>M\u00fc\u00fcgipakendi laius (cm): 5,1<\/li>\n<li>M\u00fc\u00fcgipakendi s\u00fcgavus (cm): 1200,0<\/li>\n<li>Brutokaal (kg): 79,55<\/li>\n<li>M\u00fc\u00fcgipakend 1: 1,0 TK<\/li>\n<li>M\u00fc\u00fcgipakend 2: 1,0 TK<\/li>\n<li>M\u00fc\u00fcgipakend 3: 28,0 TK<\/li>\n<\/ul>\n","protected":false},"excerpt":{"rendered":"<p>LVL-S on sirge, mittekihutav ja m\u00f5\u00f5tmetelt t\u00e4pne toode, mis sobib nii vertikaalseteks kui ka horisontaalseteks konstruktsioonideks. Seda sirget ja m\u00f5\u00f5tmetelt t\u00e4pset LVL-puitu kasutatakse n\u00e4iteks eramajade, hallide ja teiste hoonete alumiste, vaheliste ja \u00fclemiste p\u00f5randataladena, samuti mitmesugustes muudes puitkonstruktsioonides.<\/p>\n","protected":false},"featured_media":72732,"comment_status":"open","ping_status":"closed","template":"","meta":{"_acf_changed":false},"factory":[],"free-shipment":[],"product_brand":[],"product_cat":[2779,1604],"product_tag":[301],"class_list":{"0":"post-72736","1":"product","2":"type-product","3":"status-publish","4":"has-post-thumbnail","6":"product_cat-hoovelpuit","7":"product_cat-puit","8":"product_tag-wood-et-2","10":"first","11":"instock","12":"sale","13":"taxable","14":"shipping-taxable","15":"purchasable","16":"product-type-simple"},"acf":[],"_links":{"self":[{"href":"https:\/\/factory.sale\/et\/wp-json\/wp\/v2\/product\/72736","targetHints":{"allow":["GET"]}}],"collection":[{"href":"https:\/\/factory.sale\/et\/wp-json\/wp\/v2\/product"}],"about":[{"href":"https:\/\/factory.sale\/et\/wp-json\/wp\/v2\/types\/product"}],"replies":[{"embeddable":true,"href":"https:\/\/factory.sale\/et\/wp-json\/wp\/v2\/comments?post=72736"}],"wp:featuredmedia":[{"embeddable":true,"href":"https:\/\/factory.sale\/et\/wp-json\/wp\/v2\/media\/72732"}],"wp:attachment":[{"href":"https:\/\/factory.sale\/et\/wp-json\/wp\/v2\/media?parent=72736"}],"wp:term":[{"taxonomy":"factory","embeddable":true,"href":"https:\/\/factory.sale\/et\/wp-json\/wp\/v2\/factory?post=72736"},{"taxonomy":"free-shipment","embeddable":true,"href":"https:\/\/factory.sale\/et\/wp-json\/wp\/v2\/free-shipment?post=72736"},{"taxonomy":"product_brand","embeddable":true,"href":"https:\/\/factory.sale\/et\/wp-json\/wp\/v2\/product_brand?post=72736"},{"taxonomy":"product_cat","embeddable":true,"href":"https:\/\/factory.sale\/et\/wp-json\/wp\/v2\/product_cat?post=72736"},{"taxonomy":"product_tag","embeddable":true,"href":"https:\/\/factory.sale\/et\/wp-json\/wp\/v2\/product_tag?post=72736"}],"curies":[{"name":"wp","href":"https:\/\/api.w.org\/{rel}","templated":true}]}}