{"id":72723,"date":"2024-01-31T15:28:21","date_gmt":"2024-01-31T15:31:29","guid":{"rendered":"https:\/\/factory.sale\/?post_type=product&#038;p=72723"},"modified":"2024-06-29T11:42:47","modified_gmt":"2024-06-29T11:42:47","slug":"spoonliimpuit-lvl-39-x-66-x-6000-mm","status":"publish","type":"product","link":"https:\/\/factory.sale\/et\/toode\/spoonliimpuit-lvl-39-x-66-x-6000-mm\/","title":{"rendered":"Spoonliimpuit LVL 39 x 66 x 6000 mm"},"content":{"rendered":"<p>LVL-T on sirge, mittekihutav ja m\u00f5\u00f5tmetelt t\u00e4pne toode. Pikkused 2550, 2700, 3000, 3600, 4000 ja 6000 mm.<br \/>\nSobib v\u00e4lis- ja siseseinte kandvateks konstruktsioonideks raamtolpana ning kergseinte raamistikuks. Erinevad pikkused.<\/p>\n","protected":false},"excerpt":{"rendered":"<p>LVL-T on sirge, mittekihutav ja m\u00f5\u00f5tmetelt t\u00e4pne toode. Pikkused 2550, 2700, 3000, 3600, 4000 ja 6000 mm.<br \/>\nSobib v\u00e4lis- ja siseseinte kandvateks konstruktsioonideks raamtolpana ning kergseinte raamistikuks. Erinevad pikkused.<\/p>\n","protected":false},"featured_media":72718,"comment_status":"open","ping_status":"closed","template":"","meta":{"_acf_changed":false},"factory":[],"free-shipment":[],"product_brand":[],"product_cat":[2778,1603],"product_tag":[276],"class_list":{"0":"post-72723","1":"product","2":"type-product","3":"status-publish","4":"has-post-thumbnail","6":"product_cat-planed-timber","7":"product_cat-wood-products","8":"product_tag-wood","10":"first","11":"instock","12":"sale","13":"taxable","14":"shipping-taxable","15":"purchasable","16":"product-type-simple"},"acf":[],"_links":{"self":[{"href":"https:\/\/factory.sale\/et\/wp-json\/wp\/v2\/product\/72723","targetHints":{"allow":["GET"]}}],"collection":[{"href":"https:\/\/factory.sale\/et\/wp-json\/wp\/v2\/product"}],"about":[{"href":"https:\/\/factory.sale\/et\/wp-json\/wp\/v2\/types\/product"}],"replies":[{"embeddable":true,"href":"https:\/\/factory.sale\/et\/wp-json\/wp\/v2\/comments?post=72723"}],"wp:featuredmedia":[{"embeddable":true,"href":"https:\/\/factory.sale\/et\/wp-json\/wp\/v2\/media\/72718"}],"wp:attachment":[{"href":"https:\/\/factory.sale\/et\/wp-json\/wp\/v2\/media?parent=72723"}],"wp:term":[{"taxonomy":"factory","embeddable":true,"href":"https:\/\/factory.sale\/et\/wp-json\/wp\/v2\/factory?post=72723"},{"taxonomy":"free-shipment","embeddable":true,"href":"https:\/\/factory.sale\/et\/wp-json\/wp\/v2\/free-shipment?post=72723"},{"taxonomy":"product_brand","embeddable":true,"href":"https:\/\/factory.sale\/et\/wp-json\/wp\/v2\/product_brand?post=72723"},{"taxonomy":"product_cat","embeddable":true,"href":"https:\/\/factory.sale\/et\/wp-json\/wp\/v2\/product_cat?post=72723"},{"taxonomy":"product_tag","embeddable":true,"href":"https:\/\/factory.sale\/et\/wp-json\/wp\/v2\/product_tag?post=72723"}],"curies":[{"name":"wp","href":"https:\/\/api.w.org\/{rel}","templated":true}]}}