{"id":71929,"date":"2024-01-29T20:59:34","date_gmt":"2024-01-29T21:00:59","guid":{"rendered":"https:\/\/factory.sale\/?post_type=product&#038;p=71929"},"modified":"2024-07-11T21:52:35","modified_gmt":"2024-07-11T18:52:35","slug":"esiraam-ksis-le-varvitud","status":"publish","type":"product","link":"https:\/\/factory.sale\/et\/toode\/esiraam-ksis-le-varvitud\/","title":{"rendered":"Esiraam KSIS-le (v\u00e4rvitud)"},"content":{"rendered":"<p><strong>Tootekood:<\/strong> 098128<\/p>\n<p>&nbsp;<\/p>\n<p>T-t\u00fc\u00fcpi keriste esiraam, v\u00e4rvitud. Sobib ka KSIS mudeli keristele.<\/p>\n<p>&nbsp;<\/p>\n<p>&nbsp;<\/p>\n<p><strong>Tehnilised andmed:<\/strong><\/p>\n<ul>\n<li>V\u00e4rv: Must<\/li>\n<li>Kaal (kg): 5.6<\/li>\n<li>M\u00f5\u00f5tmed (LxKxS): 640 x 645 x 60<\/li>\n<\/ul>\n","protected":false},"excerpt":{"rendered":"<p>T-t\u00fc\u00fcpi keriste esiraam, v\u00e4rvitud. Sobib ka KSIS mudeli keristele.<\/p>\n","protected":false},"featured_media":71927,"comment_status":"open","ping_status":"closed","template":"","meta":{"_acf_changed":false},"factory":[],"free-shipment":[],"product_brand":[],"product_cat":[1028],"product_tag":[],"class_list":{"0":"post-71929","1":"product","2":"type-product","3":"status-publish","4":"has-post-thumbnail","6":"product_cat-saunatarvikud","8":"first","9":"instock","10":"sale","11":"taxable","12":"shipping-taxable","13":"purchasable","14":"product-type-simple"},"acf":[],"_links":{"self":[{"href":"https:\/\/factory.sale\/et\/wp-json\/wp\/v2\/product\/71929","targetHints":{"allow":["GET"]}}],"collection":[{"href":"https:\/\/factory.sale\/et\/wp-json\/wp\/v2\/product"}],"about":[{"href":"https:\/\/factory.sale\/et\/wp-json\/wp\/v2\/types\/product"}],"replies":[{"embeddable":true,"href":"https:\/\/factory.sale\/et\/wp-json\/wp\/v2\/comments?post=71929"}],"wp:featuredmedia":[{"embeddable":true,"href":"https:\/\/factory.sale\/et\/wp-json\/wp\/v2\/media\/71927"}],"wp:attachment":[{"href":"https:\/\/factory.sale\/et\/wp-json\/wp\/v2\/media?parent=71929"}],"wp:term":[{"taxonomy":"factory","embeddable":true,"href":"https:\/\/factory.sale\/et\/wp-json\/wp\/v2\/factory?post=71929"},{"taxonomy":"free-shipment","embeddable":true,"href":"https:\/\/factory.sale\/et\/wp-json\/wp\/v2\/free-shipment?post=71929"},{"taxonomy":"product_brand","embeddable":true,"href":"https:\/\/factory.sale\/et\/wp-json\/wp\/v2\/product_brand?post=71929"},{"taxonomy":"product_cat","embeddable":true,"href":"https:\/\/factory.sale\/et\/wp-json\/wp\/v2\/product_cat?post=71929"},{"taxonomy":"product_tag","embeddable":true,"href":"https:\/\/factory.sale\/et\/wp-json\/wp\/v2\/product_tag?post=71929"}],"curies":[{"name":"wp","href":"https:\/\/api.w.org\/{rel}","templated":true}]}}