{"id":71602,"date":"2024-01-29T09:56:51","date_gmt":"2024-01-29T10:31:24","guid":{"rendered":"https:\/\/factory.sale\/?post_type=product&#038;p=71602"},"modified":"2024-06-26T15:39:54","modified_gmt":"2024-06-26T15:39:54","slug":"kastor-puukuttega-saunakeris-kastor-karhu-t","status":"publish","type":"product","link":"https:\/\/factory.sale\/et\/toode\/kastor-puukuttega-saunakeris-kastor-karhu-t\/","title":{"rendered":"Kastor puuk\u00fcttega saunakeris Kastor Karhu T"},"content":{"rendered":"<p><strong>Tootekood:<\/strong> 289094<\/p>\n<p>&nbsp;<\/p>\n<p>&nbsp;<\/p>\n<p>Kastor Karhu 22 T kaminakeris sobib 12-22 m\u00b3 mahuga sauna. Kaminakeris ehk tunnelkeris on puuk\u00fcttega kerise ja kaminakomplekti kombinatsioon, kus keris asub saunas ja kamin teisel pool seina. Seega saate esmalt nautida leili sauna poolel ja j\u00e4tkata atmosf\u00e4\u00e4ri kaminatoas, eesruumis v\u00f5i elutoas. Saunast v\u00e4ljaspool asuv kamin soojendab ka sauna v\u00e4list ruumi ning hoiab sauna puhtana, kuna k\u00fcttepuudest tulenev praht ei satu saunap\u00f5randale. Kastor Karhu 22 T on CE-m\u00e4rgistusega keris. K\u00f5ik Kastor Karhu kerised on reguleeritavate jalgadega ja suitsutoru sisel\u00e4bim\u00f5\u00f5t on 115 mm. Lisaks praktilisusele n\u00e4eb keris ka suurep\u00e4rane v\u00e4lja. Kerise kaunid jooned sobivad paljudele maitsetele ja sauna interj\u00f6\u00f6ridele. P\u00f5lemiskambri ja kiviruumi hoolikas disain v\u00f5imaldab kerisel kergelt s\u00fcttida, ilma et see ohustaks suurep\u00e4raseid tuleomadusi.<\/p>\n<p><em>Raam ei sisaldu Kastor Karhu 22\/30\/40 T mudelite hinnas. Saadaval lisavarustusena.<\/em><\/p>\n<p>&nbsp;<\/p>\n<p>&nbsp;<\/p>\n<p><strong>Tehnilised andmed:<\/strong><\/p>\n<ul>\n<li>V\u00e4rv: tumehall<\/li>\n<li>Kaal (kg): 91,0<\/li>\n<li>Kivide kogus (kg): 25-30<\/li>\n<li>Efekt (kW): 14<\/li>\n<li>M\u00f5\u00f5tmed (LxKxS): 450 x 785 x 485<\/li>\n<li>Sauna suurus (m3): 12-22<\/li>\n<li>Turvaala taga: 50<\/li>\n<li>Turvaala \u00fcleval: 1240<\/li>\n<li>Turvaala k\u00fcljel: 300<\/li>\n<li>Turvaala ees: 500<\/li>\n<\/ul>\n<p>&nbsp;<\/p>\n<p><a href=\"https:\/\/factory.sale\/wp-content\/uploads\/2024\/01\/Karhu-T-Installation-manual-and-user-guide.pdf\" target=\"_blank\" rel=\"noopener\">Karhu T &#8211; paigaldus &#8211; ja kasutusjuhend<\/a><\/p>\n<p><a href=\"https:\/\/factory.sale\/wp-content\/uploads\/2024\/01\/Kastor-protective-base-Installation-manual-and-user-guide.pdf\" target=\"_blank\" rel=\"noopener\">Kastor protective base &#8211; \u00a0paigaldus &#8211; ja kasutusjuhend<\/a><\/p>\n<p><a href=\"https:\/\/factory.sale\/wp-content\/uploads\/2024\/01\/Warranty-policy-1.pdf\" target=\"_blank\" rel=\"noopener\">Garantii<\/a><\/p>\n","protected":false},"excerpt":{"rendered":"<p>Kastor Karhu 22 T kaminakeris sobib 12-22 m\u00b3 mahuga sauna. Kaminakeris ehk tunnelkeris on puuk\u00fcttega kerise ja kaminakomplekti kombinatsioon, kus keris asub saunas ja kamin teisel pool seina. Seega saate esmalt nautida leili sauna poolel ja j\u00e4tkata atmosf\u00e4\u00e4ri kaminatoas, eesruumis v\u00f5i elutoas. Saunast v\u00e4ljaspool asuv kamin soojendab ka sauna v\u00e4list ruumi ning hoiab sauna puhtana, kuna k\u00fcttepuudest tulenev praht ei satu saunap\u00f5randale. Kastor Karhu 22 T on CE-m\u00e4rgistusega keris. K\u00f5ik Kastor Karhu kerised on reguleeritavate jalgadega ja suitsutoru sisel\u00e4bim\u00f5\u00f5t on 115 mm. Lisaks praktilisusele n\u00e4eb keris ka suurep\u00e4rane v\u00e4lja. Kerise kaunid jooned sobivad paljudele maitsetele ja sauna interj\u00f6\u00f6ridele. P\u00f5lemiskambri ja kiviruumi hoolikas disain v\u00f5imaldab kerisel kergelt s\u00fcttida, ilma et see ohustaks suurep\u00e4raseid tuleomadusi.<\/p>\n","protected":false},"featured_media":71594,"comment_status":"open","ping_status":"closed","template":"","meta":{"_acf_changed":false},"factory":[],"free-shipment":[],"product_brand":[],"product_cat":[2642,306],"product_tag":[811,2176],"class_list":{"0":"post-71602","1":"product","2":"type-product","3":"status-publish","4":"has-post-thumbnail","6":"product_cat-kastor-et","7":"product_cat-saunakerised","8":"product_tag-sauna-et","9":"product_tag-sauna-heater-et","11":"first","12":"instock","13":"sale","14":"taxable","15":"shipping-taxable","16":"purchasable","17":"product-type-simple"},"acf":[],"_links":{"self":[{"href":"https:\/\/factory.sale\/et\/wp-json\/wp\/v2\/product\/71602","targetHints":{"allow":["GET"]}}],"collection":[{"href":"https:\/\/factory.sale\/et\/wp-json\/wp\/v2\/product"}],"about":[{"href":"https:\/\/factory.sale\/et\/wp-json\/wp\/v2\/types\/product"}],"replies":[{"embeddable":true,"href":"https:\/\/factory.sale\/et\/wp-json\/wp\/v2\/comments?post=71602"}],"wp:featuredmedia":[{"embeddable":true,"href":"https:\/\/factory.sale\/et\/wp-json\/wp\/v2\/media\/71594"}],"wp:attachment":[{"href":"https:\/\/factory.sale\/et\/wp-json\/wp\/v2\/media?parent=71602"}],"wp:term":[{"taxonomy":"factory","embeddable":true,"href":"https:\/\/factory.sale\/et\/wp-json\/wp\/v2\/factory?post=71602"},{"taxonomy":"free-shipment","embeddable":true,"href":"https:\/\/factory.sale\/et\/wp-json\/wp\/v2\/free-shipment?post=71602"},{"taxonomy":"product_brand","embeddable":true,"href":"https:\/\/factory.sale\/et\/wp-json\/wp\/v2\/product_brand?post=71602"},{"taxonomy":"product_cat","embeddable":true,"href":"https:\/\/factory.sale\/et\/wp-json\/wp\/v2\/product_cat?post=71602"},{"taxonomy":"product_tag","embeddable":true,"href":"https:\/\/factory.sale\/et\/wp-json\/wp\/v2\/product_tag?post=71602"}],"curies":[{"name":"wp","href":"https:\/\/api.w.org\/{rel}","templated":true}]}}