{"id":71395,"date":"2024-01-28T21:43:45","date_gmt":"2024-01-28T21:51:25","guid":{"rendered":"https:\/\/factory.sale\/?post_type=product&#038;p=71395"},"modified":"2024-06-26T06:52:09","modified_gmt":"2024-06-26T06:52:09","slug":"kastor-puukuttega-saunakeris-karhu-40-vo","status":"publish","type":"product","link":"https:\/\/factory.sale\/et\/toode\/kastor-puukuttega-saunakeris-karhu-40-vo\/","title":{"rendered":"Kastor puuk\u00fcttega saunakeris Karhu 40 VO"},"content":{"rendered":"<p><strong>Tootekood:<\/strong> 289092<\/p>\n<p>&nbsp;<\/p>\n<p>Stiilse joone ja kroomitud esipaneeliga puuk\u00fcttega saunakeris Kastor Karhu sobib igasse saunainterj\u00f6\u00f6ri. Nutikad lahendused toodavad maksimaalset k\u00fcttev\u00f5imsust v\u00f5imalikult v\u00e4he puitu kasutades ja omavad muljetavaldavaid soojuse salvestamise omadusi. Kastor Karhu on CE-m\u00e4rgistusega ahi. Kastor Karhu 40 VO on puuk\u00fcttega saunakeris veepaagiga. Veepaak asub kerise paremal k\u00fcljel. Kastor Karhu 40 VO puuk\u00fcttega saunakeris on suurep\u00e4rane valik 30-40 kuupmeetrise mahuga saunaruumidele. K\u00f5ik Kastor Karhu kerised on reguleeritavate jalgadega ja suitsutoru sisel\u00e4bim\u00f5\u00f5t on 115 mm. Lisavarustusena on saadaval kaitsev sein ja kaitsev alus. Mis v\u00f5iks olla l\u00f5\u00f5gastavam kui leekide vaatamine atmosf\u00e4\u00e4rilises Kastor Karhus?<\/p>\n<p>&nbsp;<\/p>\n<p><strong>Tehnilised andmed:<\/strong><\/p>\n<ul>\n<li>V\u00e4rv: tumehall<\/li>\n<li>Kaal (kg): 131,0<\/li>\n<li>Kivide kogus (kg): 50-55<\/li>\n<li>Efekt (kW): 15<\/li>\n<li>M\u00f5\u00f5tmed (LxKxS): 740 x 925 x 585<\/li>\n<li>Sauna suurus (m3): 30-40<\/li>\n<li>Turvaala taga: 300<\/li>\n<li>Turvaala \u00fcleval: 1300<\/li>\n<li>Turvaala k\u00fcljel: 300<\/li>\n<li>Turvaala ees: 500<\/li>\n<\/ul>\n<p>&nbsp;<\/p>\n<p>&nbsp;<\/p>\n<p><a href=\"https:\/\/factory.sale\/wp-content\/uploads\/2024\/01\/Karhu-22V-30V-40V-Installation-manual-and-user-guide.pdf\" target=\"_blank\" rel=\"noopener\">Karhu 22V, 30V, 40V &#8211; paigaldus &#8211; ja kasutusjuhend<\/a><\/p>\n<p><a href=\"https:\/\/factory.sale\/wp-content\/uploads\/2024\/01\/Kastor-protective-base-Installation-manual-and-user-guide.pdf\" target=\"_blank\" rel=\"noopener\">Kastor protective base &#8211; paigaldus &#8211; ja kasutusjuhend<\/a><\/p>\n<p><a href=\"https:\/\/factory.sale\/wp-content\/uploads\/2024\/01\/Warranty-policy-1.pdf\" target=\"_blank\" rel=\"noopener\">Garantii<\/a><\/p>\n","protected":false},"excerpt":{"rendered":"<p>Stiilse joone ja kroomitud esipaneeliga puuk\u00fcttega saunakeris Kastor Karhu sobib igasse saunainterj\u00f6\u00f6ri. Nutikad lahendused toodavad maksimaalset k\u00fcttev\u00f5imsust v\u00f5imalikult v\u00e4he puitu kasutades ja omavad muljetavaldavaid soojuse salvestamise omadusi. Kastor Karhu on CE-m\u00e4rgistusega ahi. Kastor Karhu 40 VO on puuk\u00fcttega saunakeris veepaagiga. Veepaak asub kerise paremal k\u00fcljel. Kastor Karhu 40 VO puuk\u00fcttega saunakeris on suurep\u00e4rane valik 30-40 kuupmeetrise mahuga saunaruumidele. K\u00f5ik Kastor Karhu kerised on reguleeritavate jalgadega ja suitsutoru sisel\u00e4bim\u00f5\u00f5t on 115 mm. Lisavarustusena on saadaval kaitsev sein ja kaitsev alus. Mis v\u00f5iks olla l\u00f5\u00f5gastavam kui leekide vaatamine atmosf\u00e4\u00e4rilises Kastor Karhus?<\/p>\n","protected":false},"featured_media":71188,"comment_status":"open","ping_status":"closed","template":"","meta":{"_acf_changed":false},"factory":[],"free-shipment":[],"product_brand":[],"product_cat":[2642,306],"product_tag":[811],"class_list":{"0":"post-71395","1":"product","2":"type-product","3":"status-publish","4":"has-post-thumbnail","6":"product_cat-kastor-et","7":"product_cat-saunakerised","8":"product_tag-sauna-et","10":"first","11":"instock","12":"sale","13":"taxable","14":"shipping-taxable","15":"purchasable","16":"product-type-simple"},"acf":[],"_links":{"self":[{"href":"https:\/\/factory.sale\/et\/wp-json\/wp\/v2\/product\/71395","targetHints":{"allow":["GET"]}}],"collection":[{"href":"https:\/\/factory.sale\/et\/wp-json\/wp\/v2\/product"}],"about":[{"href":"https:\/\/factory.sale\/et\/wp-json\/wp\/v2\/types\/product"}],"replies":[{"embeddable":true,"href":"https:\/\/factory.sale\/et\/wp-json\/wp\/v2\/comments?post=71395"}],"wp:featuredmedia":[{"embeddable":true,"href":"https:\/\/factory.sale\/et\/wp-json\/wp\/v2\/media\/71188"}],"wp:attachment":[{"href":"https:\/\/factory.sale\/et\/wp-json\/wp\/v2\/media?parent=71395"}],"wp:term":[{"taxonomy":"factory","embeddable":true,"href":"https:\/\/factory.sale\/et\/wp-json\/wp\/v2\/factory?post=71395"},{"taxonomy":"free-shipment","embeddable":true,"href":"https:\/\/factory.sale\/et\/wp-json\/wp\/v2\/free-shipment?post=71395"},{"taxonomy":"product_brand","embeddable":true,"href":"https:\/\/factory.sale\/et\/wp-json\/wp\/v2\/product_brand?post=71395"},{"taxonomy":"product_cat","embeddable":true,"href":"https:\/\/factory.sale\/et\/wp-json\/wp\/v2\/product_cat?post=71395"},{"taxonomy":"product_tag","embeddable":true,"href":"https:\/\/factory.sale\/et\/wp-json\/wp\/v2\/product_tag?post=71395"}],"curies":[{"name":"wp","href":"https:\/\/api.w.org\/{rel}","templated":true}]}}