{"id":71355,"date":"2024-01-28T20:44:15","date_gmt":"2024-01-28T20:48:06","guid":{"rendered":"https:\/\/factory.sale\/?post_type=product&#038;p=71355"},"modified":"2024-06-26T12:48:51","modified_gmt":"2024-06-26T12:48:51","slug":"kastor-puukuttega-saunakeris-saga-30-t","status":"publish","type":"product","link":"https:\/\/factory.sale\/et\/toode\/kastor-puukuttega-saunakeris-saga-30-t\/","title":{"rendered":"Kastor puuk\u00fcttega saunakeris Saga 30 T"},"content":{"rendered":"<p><strong>Tootekood:<\/strong> 289098<\/p>\n<p>&nbsp;<\/p>\n<p>Kastor Saga 30 T kaminakeris sobib 20-30 m\u00b3 mahuga sauna. Kaminakeris ehk tunnelkeris on puuk\u00fcttega kerise ja kaminakomplekti kombinatsioon, kus keris asub saunas ja kamin teisel pool seina. Nii saate esmalt nautida leili sauna poolel ja j\u00e4tkata atmosf\u00e4\u00e4ri kaminatoas, eesruumis v\u00f5i elutoas kaminasoojuse nautimisega. Saunast v\u00e4ljaspool asuv kamin soojendab ka sauna v\u00e4list ruumi ning hoiab sauna puhtana, kuna k\u00fcttepuudest tulenev praht ei satu saunap\u00f5randale. Kastor Saga 30 T on CE-m\u00e4rgistusega keris. Suitsutoru sisel\u00e4bim\u00f5\u00f5t on 115 mm. Saga 30 T ei sisalda esiraami, kivikorvi ega kaitsealust. Need on saadaval lisavarustusena. Saga keris viib puuk\u00fcttega saunad uuele tasemele, kuna 195-200 kilo kivide kogus toodab laine laine j\u00e4rel pehmet ja mugavat soojust ning auru. Kerise sepistatud terasvardad on loodud kestma aastaid ja kivist pesa ulatub \u00fclevalt alla, muutes kerise saunas silmapaistvaks pilgup\u00fc\u00fcdjaks.<\/p>\n<p>&nbsp;<\/p>\n<p><strong>Tehnilised andmed:<\/strong><\/p>\n<ul>\n<li>V\u00e4rv: tumehall<\/li>\n<li>Kaal (kg): 134,0<\/li>\n<li>Kivide kogus (kg): 180 &#8211; 190<\/li>\n<li>Efekt (kW): 18<\/li>\n<li>M\u00f5\u00f5tmed (LxKxS): 675 x 930 x 585<\/li>\n<li>Sauna suurus (m3): 20-30<\/li>\n<li>Turvaala taga: 50<\/li>\n<li>Turvaala \u00fcleval: 1300<\/li>\n<li>Turvaala k\u00fcljel: 250<\/li>\n<li>Turvaala ees: 500<\/li>\n<\/ul>\n<p>&nbsp;<\/p>\n<p>&nbsp;<\/p>\n<p><a href=\"https:\/\/factory.sale\/wp-content\/uploads\/2024\/01\/Saga-T-Installation-manual-and-user-guide.pdf\" target=\"_blank\" rel=\"noopener\">Saga T &#8211; kasutus &#8211; ja paigaldusjuhend<\/a><\/p>\n<p><a href=\"https:\/\/factory.sale\/wp-content\/uploads\/2024\/01\/Kastor-protective-base-Installation-manual-and-user-guide.pdf\" target=\"_blank\" rel=\"noopener\">Kastor protective base &#8211; kasutus- ja paigaldusjuhend<\/a><\/p>\n<p><a href=\"https:\/\/factory.sale\/wp-content\/uploads\/2024\/01\/Warranty-policy-1.pdf\" target=\"_blank\" rel=\"noopener\">Garantii<\/a><\/p>\n","protected":false},"excerpt":{"rendered":"<p>Kastor Saga 30 T kaminakeris sobib 20-30 m\u00b3 mahuga sauna. Kaminakeris ehk tunnelkeris on puuk\u00fcttega kerise ja kaminakomplekti kombinatsioon, kus keris asub saunas ja kamin teisel pool seina. Nii saate esmalt nautida leili sauna poolel ja j\u00e4tkata atmosf\u00e4\u00e4ri kaminatoas, eesruumis v\u00f5i elutoas kaminasoojuse nautimisega. Saunast v\u00e4ljaspool asuv kamin soojendab ka sauna v\u00e4list ruumi ning hoiab sauna puhtana, kuna k\u00fcttepuudest tulenev praht ei satu saunap\u00f5randale. Kastor Saga 30 T on CE-m\u00e4rgistusega keris.<\/p>\n","protected":false},"featured_media":71335,"comment_status":"open","ping_status":"closed","template":"","meta":{"_acf_changed":false},"factory":[],"free-shipment":[],"product_brand":[],"product_cat":[2642,306],"product_tag":[811,2176],"class_list":{"0":"post-71355","1":"product","2":"type-product","3":"status-publish","4":"has-post-thumbnail","6":"product_cat-kastor-et","7":"product_cat-saunakerised","8":"product_tag-sauna-et","9":"product_tag-sauna-heater-et","11":"first","12":"instock","13":"sale","14":"taxable","15":"shipping-taxable","16":"purchasable","17":"product-type-simple"},"acf":[],"_links":{"self":[{"href":"https:\/\/factory.sale\/et\/wp-json\/wp\/v2\/product\/71355","targetHints":{"allow":["GET"]}}],"collection":[{"href":"https:\/\/factory.sale\/et\/wp-json\/wp\/v2\/product"}],"about":[{"href":"https:\/\/factory.sale\/et\/wp-json\/wp\/v2\/types\/product"}],"replies":[{"embeddable":true,"href":"https:\/\/factory.sale\/et\/wp-json\/wp\/v2\/comments?post=71355"}],"wp:featuredmedia":[{"embeddable":true,"href":"https:\/\/factory.sale\/et\/wp-json\/wp\/v2\/media\/71335"}],"wp:attachment":[{"href":"https:\/\/factory.sale\/et\/wp-json\/wp\/v2\/media?parent=71355"}],"wp:term":[{"taxonomy":"factory","embeddable":true,"href":"https:\/\/factory.sale\/et\/wp-json\/wp\/v2\/factory?post=71355"},{"taxonomy":"free-shipment","embeddable":true,"href":"https:\/\/factory.sale\/et\/wp-json\/wp\/v2\/free-shipment?post=71355"},{"taxonomy":"product_brand","embeddable":true,"href":"https:\/\/factory.sale\/et\/wp-json\/wp\/v2\/product_brand?post=71355"},{"taxonomy":"product_cat","embeddable":true,"href":"https:\/\/factory.sale\/et\/wp-json\/wp\/v2\/product_cat?post=71355"},{"taxonomy":"product_tag","embeddable":true,"href":"https:\/\/factory.sale\/et\/wp-json\/wp\/v2\/product_tag?post=71355"}],"curies":[{"name":"wp","href":"https:\/\/api.w.org\/{rel}","templated":true}]}}