{"id":71306,"date":"2024-01-28T20:10:05","date_gmt":"2024-01-28T20:14:48","guid":{"rendered":"https:\/\/factory.sale\/?post_type=product&#038;p=71306"},"modified":"2024-06-27T13:21:27","modified_gmt":"2024-06-27T13:21:27","slug":"kastor-puukuttega-saunakeris-saga-30","status":"publish","type":"product","link":"https:\/\/factory.sale\/et\/toode\/kastor-puukuttega-saunakeris-saga-30\/","title":{"rendered":"Kastor puuk\u00fcttega saunakeris Saga 30"},"content":{"rendered":"<p><strong>Tootekood:<\/strong> 289090<\/p>\n<p>&nbsp;<\/p>\n<p>Puuk\u00fcttega saunakeris Kastor Saga pakub laine laine j\u00e4rel pehmet ja mugavat soojust. Selle sepistatud terasvardad on loodud kestma aastaid veatu sooritusega. Kastor Sagal on muljetavaldavad soojuse salvestamise omadused ja see on CE-m\u00e4rgistusega ahi. Kastor Saga 30 pakub efektiivset auru 20-30 kuupmeetrise mahuga saunaruumidele. Suitsutoru sisel\u00e4bim\u00f5\u00f5t on 115 mm. Lisavarustusena on saadaval korstnap\u00fc\u00fcdur ja kaitsev alus. Kastor Saga robustne stiil teeb sellest pilgup\u00fc\u00fcdja ja keskpunkti teie saunainterj\u00f6\u00f6ris. Saga keris tagab sauna jaoks t\u00e4iusliku atmosf\u00e4\u00e4ri \u2013 see on l\u00f5ppude l\u00f5puks Soome vanima saunaettev\u00f5tte br\u00e4nd.<\/p>\n<p>&nbsp;<\/p>\n<p><strong>Tehnilised andmed:<\/strong><\/p>\n<ul>\n<li>V\u00e4rv: tumehall<\/li>\n<li>Kaal (kg): 109,0<\/li>\n<li>Kivide kogus (kg): 180 &#8211; 190<\/li>\n<li>Efekt (kW): 18<\/li>\n<li>M\u00f5\u00f5tmed (LxKxS): 675 x 930 x 585<\/li>\n<li>Sauna suurus (m3): 20-30<\/li>\n<li>Turvaala taga: 250<\/li>\n<li>Turvaala \u00fcleval: 1300<\/li>\n<li>Turvaala k\u00fcljel: 250<\/li>\n<li>Turvaala ees: 500<\/li>\n<\/ul>\n<p>&nbsp;<\/p>\n<p><a href=\"https:\/\/factory.sale\/wp-content\/uploads\/2024\/01\/Saga-22-30-Installation-manual-and-user-guide.pdf\" target=\"_blank\" rel=\"noopener\">Saga 22 &amp; 30 -kasutus &#8211; ja paigaldusjuhend<\/a><\/p>\n<p><a href=\"https:\/\/factory.sale\/wp-content\/uploads\/2024\/01\/Kastor-protective-base-Installation-manual-and-user-guide.pdf\" target=\"_blank\" rel=\"noopener\">Kastor protective base &#8211; kasutus &#8211; ja paigaldusjuhend<\/a><\/p>\n<p><a href=\"https:\/\/factory.sale\/wp-content\/uploads\/2024\/01\/Warranty-policy-1.pdf\" target=\"_blank\" rel=\"noopener\">Garantii<\/a><\/p>\n","protected":false},"excerpt":{"rendered":"<p>Puuk\u00fcttega saunakeris Kastor Saga pakub laine laine j\u00e4rel pehmet ja mugavat soojust. Selle sepistatud terasvardad on loodud kestma aastaid veatu sooritusega. Kastor Sagal on muljetavaldavad soojuse salvestamise omadused ja see on CE-m\u00e4rgistusega ahi. Kastor Saga 30 pakub efektiivset auru 20-30 kuupmeetrise mahuga saunaruumidele. Suitsutoru sisel\u00e4bim\u00f5\u00f5t on 115 mm. Lisavarustusena on saadaval korstnap\u00fc\u00fcdur ja kaitsev alus. Kastor Saga robustne stiil teeb sellest pilgup\u00fc\u00fcdja ja keskpunkti teie saunainterj\u00f6\u00f6ris. Saga keris tagab sauna jaoks t\u00e4iusliku atmosf\u00e4\u00e4ri \u2013 see on l\u00f5ppude l\u00f5puks Soome vanima saunaettev\u00f5tte br\u00e4nd.<\/p>\n","protected":false},"featured_media":71284,"comment_status":"open","ping_status":"closed","template":"","meta":{"_acf_changed":false},"factory":[],"free-shipment":[],"product_brand":[],"product_cat":[2642,306],"product_tag":[2176],"class_list":{"0":"post-71306","1":"product","2":"type-product","3":"status-publish","4":"has-post-thumbnail","6":"product_cat-kastor-et","7":"product_cat-saunakerised","8":"product_tag-sauna-heater-et","10":"first","11":"instock","12":"sale","13":"taxable","14":"shipping-taxable","15":"purchasable","16":"product-type-simple"},"acf":[],"_links":{"self":[{"href":"https:\/\/factory.sale\/et\/wp-json\/wp\/v2\/product\/71306","targetHints":{"allow":["GET"]}}],"collection":[{"href":"https:\/\/factory.sale\/et\/wp-json\/wp\/v2\/product"}],"about":[{"href":"https:\/\/factory.sale\/et\/wp-json\/wp\/v2\/types\/product"}],"replies":[{"embeddable":true,"href":"https:\/\/factory.sale\/et\/wp-json\/wp\/v2\/comments?post=71306"}],"wp:featuredmedia":[{"embeddable":true,"href":"https:\/\/factory.sale\/et\/wp-json\/wp\/v2\/media\/71284"}],"wp:attachment":[{"href":"https:\/\/factory.sale\/et\/wp-json\/wp\/v2\/media?parent=71306"}],"wp:term":[{"taxonomy":"factory","embeddable":true,"href":"https:\/\/factory.sale\/et\/wp-json\/wp\/v2\/factory?post=71306"},{"taxonomy":"free-shipment","embeddable":true,"href":"https:\/\/factory.sale\/et\/wp-json\/wp\/v2\/free-shipment?post=71306"},{"taxonomy":"product_brand","embeddable":true,"href":"https:\/\/factory.sale\/et\/wp-json\/wp\/v2\/product_brand?post=71306"},{"taxonomy":"product_cat","embeddable":true,"href":"https:\/\/factory.sale\/et\/wp-json\/wp\/v2\/product_cat?post=71306"},{"taxonomy":"product_tag","embeddable":true,"href":"https:\/\/factory.sale\/et\/wp-json\/wp\/v2\/product_tag?post=71306"}],"curies":[{"name":"wp","href":"https:\/\/api.w.org\/{rel}","templated":true}]}}