{"id":71204,"date":"2024-01-28T18:27:46","date_gmt":"2024-01-28T18:30:13","guid":{"rendered":"https:\/\/factory.sale\/?post_type=product&#038;p=71204"},"modified":"2024-06-28T03:20:09","modified_gmt":"2024-06-28T03:20:09","slug":"kastor-puukuttega-saunakeris-karhu-22-vv","status":"publish","type":"product","link":"https:\/\/factory.sale\/et\/toode\/kastor-puukuttega-saunakeris-karhu-22-vv\/","title":{"rendered":"Kastor puuk\u00fcttega saunakeris Karhu 22 VV"},"content":{"rendered":"<p><strong>Tootekood:<\/strong> 289085<\/p>\n<p>&nbsp;<\/p>\n<p>Stiilse joone ja kroomitud esipaneeliga puuk\u00fcttega saunakeris Kastor Karhu sobib igasse saunainterj\u00f6\u00f6ri. Nutikad lahendused toodavad maksimaalset k\u00fcttev\u00f5imsust v\u00f5imalikult v\u00e4he puitu kasutades ja omavad muljetavaldavaid soojuse salvestamise omadusi. Kastor Karhu on CE-m\u00e4rgistusega ahi. Kastor Karhu 22 VV on puuk\u00fcttega saunakeris veepaagiga. Veepaak asub kerise vasakul k\u00fcljel. Kastor Karhu 22 VV puuk\u00fcttega saunakeris on suurep\u00e4rane valik 12-22 kuupmeetrise mahuga saunaruumidele. K\u00f5ik Kastor Karhu kerised on reguleeritavate jalgadega ja suitsutoru sisel\u00e4bim\u00f5\u00f5t on 115 mm. Lisavarustusena on saadaval kaitsev sein ja kaitsev alus. Mis v\u00f5iks olla l\u00f5\u00f5gastavam kui leekide vaatamine atmosf\u00e4\u00e4rilises Kastor Karhus?<\/p>\n<p>&nbsp;<\/p>\n<p>&nbsp;<\/p>\n<p><strong>Tehnilised andmed:<\/strong><\/p>\n<ul>\n<li>V\u00e4rv: tumehall<\/li>\n<li>Kaal (kg): 71,0<\/li>\n<li>Kivide kogus (kg): 25-30<\/li>\n<li>Efekt (kW): 14<\/li>\n<li>M\u00f5\u00f5tmed (LxKxS): 620 x 785 x 485<\/li>\n<li>Sauna suurus (m3): 13-22<\/li>\n<li>Turvaala taga: 300<\/li>\n<li>Turvaala \u00fcleval: 1240<\/li>\n<li>Turvaala k\u00fcljel: 300<\/li>\n<li>Turvaala ees: 500<\/li>\n<\/ul>\n<p>&nbsp;<\/p>\n<p>&nbsp;<\/p>\n<p><a href=\"https:\/\/factory.sale\/wp-content\/uploads\/2024\/01\/Karhu-22V-30V-40V-Installation-manual-and-user-guide.pdf\" target=\"_blank\" rel=\"noopener\">Karhu 22V, 30V, 40V &#8211; paigaldus &#8211; ja kasutusjuhend<\/a><\/p>\n<p><a href=\"https:\/\/factory.sale\/wp-content\/uploads\/2024\/01\/Kastor-protective-base-Installation-manual-and-user-guide.pdf\" target=\"_blank\" rel=\"noopener\">Kastor protective base &#8211; paigaldus &#8211; ja kasutusjuhend<\/a><\/p>\n<p><a href=\"https:\/\/factory.sale\/wp-content\/uploads\/2024\/01\/Warranty-policy-1.pdf\" target=\"_blank\" rel=\"noopener\">Garantii<\/a><\/p>\n","protected":false},"excerpt":{"rendered":"<p>Stiilse joone ja kroomitud esipaneeliga puuk\u00fcttega saunakeris Kastor Karhu sobib igasse saunainterj\u00f6\u00f6ri. Nutikad lahendused toodavad maksimaalset k\u00fcttev\u00f5imsust v\u00f5imalikult v\u00e4he puitu kasutades ja omavad muljetavaldavaid soojuse salvestamise omadusi. Kastor Karhu on CE-m\u00e4rgistusega ahi. Kastor Karhu 22 VV on puuk\u00fcttega saunakeris veepaagiga. Veepaak asub kerise vasakul k\u00fcljel. Kastor Karhu 22 VV puuk\u00fcttega saunakeris on suurep\u00e4rane valik 12-22 kuupmeetrise mahuga saunaruumidele. K\u00f5ik Kastor Karhu kerised on reguleeritavate jalgadega ja suitsutoru sisel\u00e4bim\u00f5\u00f5t on 115 mm. Lisavarustusena on saadaval kaitsev sein ja kaitsev alus. Mis v\u00f5iks olla l\u00f5\u00f5gastavam kui leekide vaatamine atmosf\u00e4\u00e4rilises Kastor Karhus?<\/p>\n","protected":false},"featured_media":71201,"comment_status":"open","ping_status":"closed","template":"","meta":{"_acf_changed":false},"factory":[],"free-shipment":[],"product_brand":[],"product_cat":[2642,306],"product_tag":[811,2176,301],"class_list":{"0":"post-71204","1":"product","2":"type-product","3":"status-publish","4":"has-post-thumbnail","6":"product_cat-kastor-et","7":"product_cat-saunakerised","8":"product_tag-sauna-et","9":"product_tag-sauna-heater-et","10":"product_tag-wood-et-2","12":"first","13":"instock","14":"sale","15":"taxable","16":"shipping-taxable","17":"purchasable","18":"product-type-simple"},"acf":[],"_links":{"self":[{"href":"https:\/\/factory.sale\/et\/wp-json\/wp\/v2\/product\/71204","targetHints":{"allow":["GET"]}}],"collection":[{"href":"https:\/\/factory.sale\/et\/wp-json\/wp\/v2\/product"}],"about":[{"href":"https:\/\/factory.sale\/et\/wp-json\/wp\/v2\/types\/product"}],"replies":[{"embeddable":true,"href":"https:\/\/factory.sale\/et\/wp-json\/wp\/v2\/comments?post=71204"}],"wp:featuredmedia":[{"embeddable":true,"href":"https:\/\/factory.sale\/et\/wp-json\/wp\/v2\/media\/71201"}],"wp:attachment":[{"href":"https:\/\/factory.sale\/et\/wp-json\/wp\/v2\/media?parent=71204"}],"wp:term":[{"taxonomy":"factory","embeddable":true,"href":"https:\/\/factory.sale\/et\/wp-json\/wp\/v2\/factory?post=71204"},{"taxonomy":"free-shipment","embeddable":true,"href":"https:\/\/factory.sale\/et\/wp-json\/wp\/v2\/free-shipment?post=71204"},{"taxonomy":"product_brand","embeddable":true,"href":"https:\/\/factory.sale\/et\/wp-json\/wp\/v2\/product_brand?post=71204"},{"taxonomy":"product_cat","embeddable":true,"href":"https:\/\/factory.sale\/et\/wp-json\/wp\/v2\/product_cat?post=71204"},{"taxonomy":"product_tag","embeddable":true,"href":"https:\/\/factory.sale\/et\/wp-json\/wp\/v2\/product_tag?post=71204"}],"curies":[{"name":"wp","href":"https:\/\/api.w.org\/{rel}","templated":true}]}}