{"id":71162,"date":"2024-01-28T17:40:38","date_gmt":"2024-01-28T17:53:04","guid":{"rendered":"https:\/\/factory.sale\/?post_type=product&#038;p=71162"},"modified":"2024-06-28T03:18:40","modified_gmt":"2024-06-28T03:18:40","slug":"kastor-puidukuttega-saunakeris-karhu-22","status":"publish","type":"product","link":"https:\/\/factory.sale\/et\/toode\/kastor-puidukuttega-saunakeris-karhu-22\/","title":{"rendered":"Kastor puiduk\u00fcttega saunakeris Karhu 22"},"content":{"rendered":"<p><strong>Tootekood:<\/strong> 289083<\/p>\n<p>&nbsp;<\/p>\n<p>Stiilse joone ja kroomitud esipaneeliga puiduk\u00fcttega saunakeris Kastor Karhu sobib igasse saunainterj\u00f6\u00f6ri. Nutikad lahendused toodavad maksimaalset k\u00fcttev\u00f5imsust v\u00f5imalikult v\u00e4he puitu kasutades ja omavad muljetavaldavaid soojuse salvestamise omadusi. Kastor Karhu on CE-m\u00e4rgistusega ahi. Kastor Karhu 22 puiduk\u00fcttega saunakeris on suurep\u00e4rane valik 12-22 kuupmeetrise mahuga saunaruumidele. K\u00f5ik Kastor Karhu kerised on reguleeritavate jalgadega ja suitsutoru sisel\u00e4bim\u00f5\u00f5t on 115 mm. Lisavarustusena on saadaval torustikuga veepaak, kaitsev sein ja kaitsev alus. Mis v\u00f5iks olla l\u00f5\u00f5gastavam kui leekide vaatamine atmosf\u00e4\u00e4rilises Kastor Karhus?<\/p>\n<p>&nbsp;<\/p>\n<p><strong>Tehnilised andmed:<\/strong><\/p>\n<ul>\n<li>V\u00e4rv: tumehall<\/li>\n<li>Kaal (kg): 64,5<\/li>\n<li>Kivide kogus (kg): 25-30<\/li>\n<li>Efekt (kW): 14<\/li>\n<li>M\u00f5\u00f5tmed (LxKxS): 450 x 785 x 485<\/li>\n<li>Sauna suurus (m3): 12-22<\/li>\n<li>Turvaala taga: 300<\/li>\n<li>Turvaala \u00fcleval: 1240<\/li>\n<li>Turvaala k\u00fcljel: 300<\/li>\n<li>Turvaala ees: 500<\/li>\n<\/ul>\n<p>&nbsp;<\/p>\n<p>&nbsp;<\/p>\n<p><a href=\"https:\/\/factory.sale\/wp-content\/uploads\/2024\/01\/Karhu-22-30-40-Installation-manual-and-user-guide-\u2013-kopio.pdf\" target=\"_blank\" rel=\"noopener\">Karhu 22, 30, 40 &#8211; kasutus &#8211; ja paigaldusjuhend\u00a0<\/a><\/p>\n<p><a href=\"https:\/\/factory.sale\/wp-content\/uploads\/2024\/01\/Kastor-protective-base-Installation-manual-and-user-guide.pdf\" target=\"_blank\" rel=\"noopener\">Kastor protective base &#8211; kasutus &#8211; ja paigaldusjuhend<\/a><\/p>\n<p><a href=\"https:\/\/factory.sale\/wp-content\/uploads\/2024\/01\/Warranty-policy-1.pdf\" target=\"_blank\" rel=\"noopener\">Garantii<\/a><\/p>\n","protected":false},"excerpt":{"rendered":"<p>Stiilse joone ja kroomitud esipaneeliga puiduk\u00fcttega saunakeris Kastor Karhu sobib igasse saunainterj\u00f6\u00f6ri. Nutikad lahendused toodavad maksimaalset k\u00fcttev\u00f5imsust v\u00f5imalikult v\u00e4he puitu kasutades ja omavad muljetavaldavaid soojuse salvestamise omadusi. Kastor Karhu on CE-m\u00e4rgistusega ahi. Kastor Karhu 22 puiduk\u00fcttega saunakeris on suurep\u00e4rane valik 12-22 kuupmeetrise mahuga saunaruumidele. K\u00f5ik Kastor Karhu kerised on reguleeritavate jalgadega ja suitsutoru sisel\u00e4bim\u00f5\u00f5t on 115 mm. Lisavarustusena on saadaval torustikuga veepaak, kaitsev sein ja kaitsev alus. Mis v\u00f5iks olla l\u00f5\u00f5gastavam kui leekide vaatamine atmosf\u00e4\u00e4rilises Kastor Karhus?<\/p>\n","protected":false},"featured_media":70977,"comment_status":"open","ping_status":"closed","template":"","meta":{"_acf_changed":false},"factory":[],"free-shipment":[],"product_brand":[],"product_cat":[2642,306],"product_tag":[811,2176],"class_list":{"0":"post-71162","1":"product","2":"type-product","3":"status-publish","4":"has-post-thumbnail","6":"product_cat-kastor-et","7":"product_cat-saunakerised","8":"product_tag-sauna-et","9":"product_tag-sauna-heater-et","11":"first","12":"instock","13":"sale","14":"taxable","15":"shipping-taxable","16":"purchasable","17":"product-type-simple"},"acf":[],"_links":{"self":[{"href":"https:\/\/factory.sale\/et\/wp-json\/wp\/v2\/product\/71162","targetHints":{"allow":["GET"]}}],"collection":[{"href":"https:\/\/factory.sale\/et\/wp-json\/wp\/v2\/product"}],"about":[{"href":"https:\/\/factory.sale\/et\/wp-json\/wp\/v2\/types\/product"}],"replies":[{"embeddable":true,"href":"https:\/\/factory.sale\/et\/wp-json\/wp\/v2\/comments?post=71162"}],"wp:featuredmedia":[{"embeddable":true,"href":"https:\/\/factory.sale\/et\/wp-json\/wp\/v2\/media\/70977"}],"wp:attachment":[{"href":"https:\/\/factory.sale\/et\/wp-json\/wp\/v2\/media?parent=71162"}],"wp:term":[{"taxonomy":"factory","embeddable":true,"href":"https:\/\/factory.sale\/et\/wp-json\/wp\/v2\/factory?post=71162"},{"taxonomy":"free-shipment","embeddable":true,"href":"https:\/\/factory.sale\/et\/wp-json\/wp\/v2\/free-shipment?post=71162"},{"taxonomy":"product_brand","embeddable":true,"href":"https:\/\/factory.sale\/et\/wp-json\/wp\/v2\/product_brand?post=71162"},{"taxonomy":"product_cat","embeddable":true,"href":"https:\/\/factory.sale\/et\/wp-json\/wp\/v2\/product_cat?post=71162"},{"taxonomy":"product_tag","embeddable":true,"href":"https:\/\/factory.sale\/et\/wp-json\/wp\/v2\/product_tag?post=71162"}],"curies":[{"name":"wp","href":"https:\/\/api.w.org\/{rel}","templated":true}]}}