{"id":70991,"date":"2024-01-28T12:41:48","date_gmt":"2024-01-28T12:50:06","guid":{"rendered":"https:\/\/factory.sale\/?post_type=product&#038;p=70991"},"modified":"2024-06-25T21:40:34","modified_gmt":"2024-06-25T21:40:34","slug":"kastor-puukuttega-saunakeris-karhu-kodu","status":"publish","type":"product","link":"https:\/\/factory.sale\/et\/toode\/kastor-puukuttega-saunakeris-karhu-kodu\/","title":{"rendered":"Kastor puuk\u00fcttega saunakeris Karhu Kodu"},"content":{"rendered":"<p><strong>Tootekood:<\/strong> 84152<\/p>\n<p>&nbsp;<\/p>\n<p>Stiilse joone ja kroomitud esipaneeliga puiduk\u00fcttega saunakeris Kastor Karhu Kodu sobib igasse saunainterj\u00f6\u00f6ri. Nutikad lahendused toodavad maksimaalset k\u00fcttev\u00f5imsust v\u00f5imalikult v\u00e4he puitu kasutades ja omavad muljetavaldavaid soojuse salvestamise omadusi. Kastor Karhu Kodu on CE-m\u00e4rgistusega ahi. K\u00f5ik Kastor Karhu kerised on reguleeritavate jalgadega ja suitsutoru suurus on 115 mm. Lisavarustusena on saadaval torustikuga veepaak, kaitsev sein ja kaitsev alus. Kastor Karhu Kodu puiduk\u00fcttega saunakeris on suurep\u00e4rane valik 8-20 kuupmeetrise mahuga saunaruumidele. Mis v\u00f5iks olla l\u00f5\u00f5gastavam kui leekide vaatamine atmosf\u00e4\u00e4rilises Kastor Karhu soojuses?<\/p>\n<p>&nbsp;<\/p>\n<p>&nbsp;<\/p>\n<p><strong>Tehnilised andmed:<\/strong><\/p>\n<ul>\n<li>V\u00e4rv: Tumehall<\/li>\n<li>Kaal (kg): 45,0<\/li>\n<li>Kivide kogus (kg): 35-40<\/li>\n<li>Efekt (kW): 12<\/li>\n<li>M\u00f5\u00f5tmed (LxKxS): 435 x 730 x 475<\/li>\n<li>Sauna suurus (m3): 8-20<\/li>\n<li>Turvaala taga: 300<\/li>\n<li>Turvaala \u00fcleval: 1300<\/li>\n<li>Turvaala k\u00fcljel: 300<\/li>\n<li>Turvaala ees: 500<\/li>\n<\/ul>\n<p>&nbsp;<\/p>\n<p>&nbsp;<\/p>\n<p><a href=\"https:\/\/factory.sale\/wp-content\/uploads\/2024\/01\/Karhu-Home-Installation-manual-and-user-guide.pdf\" target=\"_blank\" rel=\"noopener\">Karhu Home &#8211; paigaldus &#8211; ja kasutusjuhend<\/a><\/p>\n<p><a href=\"https:\/\/factory.sale\/wp-content\/uploads\/2024\/01\/Kastor-protective-base-Installation-manual-and-user-guide.pdf\" target=\"_blank\" rel=\"noopener\">Kastor protective base kasutus &#8211; ja paigaldusjuhend<\/a><\/p>\n<p><a href=\"https:\/\/factory.sale\/wp-content\/uploads\/2024\/01\/Warranty-policy-1.pdf\" target=\"_blank\" rel=\"noopener\">Garantii<\/a><\/p>\n","protected":false},"excerpt":{"rendered":"<p>Stiilse joone ja kroomitud esipaneeliga puiduk\u00fcttega saunakeris Kastor Karhu Kodu sobib igasse saunainterj\u00f6\u00f6ri. Nutikad lahendused toodavad maksimaalset k\u00fcttev\u00f5imsust v\u00f5imalikult v\u00e4he puitu kasutades ja omavad muljetavaldavaid soojuse salvestamise omadusi. Kastor Karhu Kodu on CE-m\u00e4rgistusega ahi. K\u00f5ik Kastor Karhu kerised on reguleeritavate jalgadega ja suitsutoru suurus on 115 mm. Lisavarustusena on saadaval torustikuga veepaak, kaitsev sein ja kaitsev alus. Kastor Karhu Kodu puiduk\u00fcttega saunakeris on suurep\u00e4rane valik 8-20 kuupmeetrise mahuga saunaruumidele. Mis v\u00f5iks olla l\u00f5\u00f5gastavam kui leekide vaatamine atmosf\u00e4\u00e4rilises Kastor Karhu soojuses?<\/p>\n","protected":false},"featured_media":70973,"comment_status":"open","ping_status":"closed","template":"","meta":{"_acf_changed":false},"factory":[],"free-shipment":[],"product_brand":[],"product_cat":[2642,306],"product_tag":[811,2176],"class_list":{"0":"post-70991","1":"product","2":"type-product","3":"status-publish","4":"has-post-thumbnail","6":"product_cat-kastor-et","7":"product_cat-saunakerised","8":"product_tag-sauna-et","9":"product_tag-sauna-heater-et","11":"first","12":"instock","13":"sale","14":"taxable","15":"shipping-taxable","16":"purchasable","17":"product-type-simple"},"acf":[],"_links":{"self":[{"href":"https:\/\/factory.sale\/et\/wp-json\/wp\/v2\/product\/70991","targetHints":{"allow":["GET"]}}],"collection":[{"href":"https:\/\/factory.sale\/et\/wp-json\/wp\/v2\/product"}],"about":[{"href":"https:\/\/factory.sale\/et\/wp-json\/wp\/v2\/types\/product"}],"replies":[{"embeddable":true,"href":"https:\/\/factory.sale\/et\/wp-json\/wp\/v2\/comments?post=70991"}],"wp:featuredmedia":[{"embeddable":true,"href":"https:\/\/factory.sale\/et\/wp-json\/wp\/v2\/media\/70973"}],"wp:attachment":[{"href":"https:\/\/factory.sale\/et\/wp-json\/wp\/v2\/media?parent=70991"}],"wp:term":[{"taxonomy":"factory","embeddable":true,"href":"https:\/\/factory.sale\/et\/wp-json\/wp\/v2\/factory?post=70991"},{"taxonomy":"free-shipment","embeddable":true,"href":"https:\/\/factory.sale\/et\/wp-json\/wp\/v2\/free-shipment?post=70991"},{"taxonomy":"product_brand","embeddable":true,"href":"https:\/\/factory.sale\/et\/wp-json\/wp\/v2\/product_brand?post=70991"},{"taxonomy":"product_cat","embeddable":true,"href":"https:\/\/factory.sale\/et\/wp-json\/wp\/v2\/product_cat?post=70991"},{"taxonomy":"product_tag","embeddable":true,"href":"https:\/\/factory.sale\/et\/wp-json\/wp\/v2\/product_tag?post=70991"}],"curies":[{"name":"wp","href":"https:\/\/api.w.org\/{rel}","templated":true}]}}