{"id":70950,"date":"2024-01-27T11:29:19","date_gmt":"2024-01-28T12:19:22","guid":{"rendered":"https:\/\/factory.sale\/?post_type=product&#038;p=70950"},"modified":"2026-01-23T12:19:48","modified_gmt":"2026-01-23T09:19:48","slug":"helo-20-kg-saunakivid-vaikesed","status":"publish","type":"product","link":"https:\/\/factory.sale\/et\/toode\/helo-20-kg-saunakivid-vaikesed\/","title":{"rendered":"Helo 20 kg saunakivid, v\u00e4ikesed"},"content":{"rendered":"<p><strong>Tootekood:<\/strong> 0043020<\/p>\n<p>&nbsp;<\/p>\n<p>Saunakivid 20 kg. Alla 100 mm. Seinakinnitusega keristele. Vulkaanilised saunakivid &#8211; k\u00f5rgeima kvaliteediga, Soomes heaks kiidetud saunakivid, mis on vastupidavad ja pakuvad suurep\u00e4rast soojuskiirgust. Kuigi kivid on pestud, soovitame teil enne nende saunaahju paigutamist neid veel kord veega loputada. Paigutage kivid elementide \u00fcmber lahtiselt. See parandab sauna k\u00fctteaega ja pikendab k\u00fcttekeha eluiga. \u00dchele alusele mahub 50 pakki.<\/p>\n<p>&nbsp;<\/p>\n<p>Kerisekivid on eelk\u00f5ige m\u00f5eldud kerise v\u00f5i saunaahjuga koosostmiseks ning hulgitellimuseks. Eraldi ostes kehtib miinimumkogus (alus).<\/p>\n","protected":false},"excerpt":{"rendered":"<p>Saunakivid 20 kg. Alla 100 mm. Seinakinnitusega keristele. Vulkaanilised saunakivid &#8211; k\u00f5rgeima kvaliteediga, Soomes heaks kiidetud saunakivid, mis on vastupidavad ja pakuvad suurep\u00e4rast soojuskiirgust. Kuigi kivid on pestud, soovitame teil enne nende saunaahju paigutamist neid veel kord veega loputada. Paigutage kivid elementide \u00fcmber lahtiselt. See parandab sauna k\u00fctteaega ja pikendab k\u00fcttekeha eluiga. \u00dchele alusele mahub 50 pakki.<\/p>\n","protected":false},"featured_media":70521,"comment_status":"open","ping_status":"closed","template":"","meta":{"_acf_changed":false},"factory":[],"free-shipment":[],"product_brand":[],"product_cat":[1628,1028],"product_tag":[811,1634],"class_list":{"0":"post-70950","1":"product","2":"type-product","3":"status-publish","4":"has-post-thumbnail","6":"product_cat-kerisekivid","7":"product_cat-saunatarvikud","8":"product_tag-sauna-et","9":"product_tag-sauna-stones-et","11":"first","12":"instock","13":"sale","14":"taxable","15":"shipping-taxable","16":"purchasable","17":"product-type-simple"},"acf":[],"_links":{"self":[{"href":"https:\/\/factory.sale\/et\/wp-json\/wp\/v2\/product\/70950","targetHints":{"allow":["GET"]}}],"collection":[{"href":"https:\/\/factory.sale\/et\/wp-json\/wp\/v2\/product"}],"about":[{"href":"https:\/\/factory.sale\/et\/wp-json\/wp\/v2\/types\/product"}],"replies":[{"embeddable":true,"href":"https:\/\/factory.sale\/et\/wp-json\/wp\/v2\/comments?post=70950"}],"wp:featuredmedia":[{"embeddable":true,"href":"https:\/\/factory.sale\/et\/wp-json\/wp\/v2\/media\/70521"}],"wp:attachment":[{"href":"https:\/\/factory.sale\/et\/wp-json\/wp\/v2\/media?parent=70950"}],"wp:term":[{"taxonomy":"factory","embeddable":true,"href":"https:\/\/factory.sale\/et\/wp-json\/wp\/v2\/factory?post=70950"},{"taxonomy":"free-shipment","embeddable":true,"href":"https:\/\/factory.sale\/et\/wp-json\/wp\/v2\/free-shipment?post=70950"},{"taxonomy":"product_brand","embeddable":true,"href":"https:\/\/factory.sale\/et\/wp-json\/wp\/v2\/product_brand?post=70950"},{"taxonomy":"product_cat","embeddable":true,"href":"https:\/\/factory.sale\/et\/wp-json\/wp\/v2\/product_cat?post=70950"},{"taxonomy":"product_tag","embeddable":true,"href":"https:\/\/factory.sale\/et\/wp-json\/wp\/v2\/product_tag?post=70950"}],"curies":[{"name":"wp","href":"https:\/\/api.w.org\/{rel}","templated":true}]}}