{"id":70137,"date":"2024-01-26T14:02:30","date_gmt":"2024-01-26T14:04:42","guid":{"rendered":"https:\/\/factory.sale\/?post_type=product&#038;p=70137"},"modified":"2024-06-27T20:34:35","modified_gmt":"2024-06-27T20:34:35","slug":"helo-keris-saunatonttu-8","status":"publish","type":"product","link":"https:\/\/factory.sale\/et\/toode\/helo-keris-saunatonttu-8\/","title":{"rendered":"Helo keris Saunatonttu 8"},"content":{"rendered":"<p><strong>Tootekood:<\/strong> 002706<\/p>\n<p>&nbsp;<\/p>\n<p>&nbsp;<\/p>\n<p>Helo meeskond \u00fchendas j\u00f5ud maailmakuulsa disaineri Ristomatti Ratiaga, et arendada t\u00e4iuslikku sauna kerist, ning nii s\u00fcndiski stiilne must alati valmis keris nimega Saunatonttu ehk &#8220;Sauna p\u00e4kapikk&#8221;. Paljude patenditud uuendustega ja suurep\u00e4rase Euroopa disainiga kerist peetakse paljude poolt vaieldamatult maailma parimaks saunakeriseks.<\/p>\n<p>Saunatonttu saladus peitub pidevas kuumuses, mida genereerib 100 kg kive, mis on salvestatud h\u00e4sti soojustatud kerisesse, et hoida pidevat kuumust pikaks ajaks. Kivid vabastavad pehme, rikkaliku ja maheda auru, kui nende peale visata kulp vett. V\u00e4ikesed ohutuskaugused annavad paindlikkust sauna sisekujunduses, ja selle nurgamudeli kerist on samuti lihtne paigaldada sauna pinkide k\u00fclge. Saunatonttul on k\u00e4ep\u00e4rane v\u00e4ike juhtseade k\u00f5ikide kerise parameetrite jaoks.<\/p>\n<p>\u2022 Alati valmis. Kivide poolt hoitud kuumus v\u00f5imaldab kasutada Saunatonttu igal ajal, ilma eelsoojenduseta.<br \/>\n\u2022 Unikaalne Ristomatti Ratia disain<br \/>\n\u2022 Nurgamudeli kerist on lihtne paigaldada sauna pinkide k\u00fclge<br \/>\n\u2022 H\u00e4sti soojustatud, see salvestab kuumust valmisoleku ajal genereeritud ajal<\/p>\n<p>&nbsp;<\/p>\n<p>&nbsp;<\/p>\n<p><strong>Tehnilised andmed:<\/strong><\/p>\n<ul>\n<li>V\u00e4rv: MUST<\/li>\n<li>Kaal (kg): 49.0<\/li>\n<li>Kivide kogus (kg): 100<\/li>\n<li>V\u00f5imsus (kW): 8<\/li>\n<li>M\u00f5\u00f5tmed (LxKxS): 500 x 1090 x 500<\/li>\n<li>Sauna suurus (m\u00b3): 9-17<\/li>\n<li>Ohutuskaugus, tagant: 0<\/li>\n<li>Ohutuskaugus, \u00fclalt: 800<\/li>\n<li>Ohutuskaugus, k\u00fcljelt: 30<\/li>\n<li>Ohutuskaugus, eest: 30<\/li>\n<\/ul>\n<p>&nbsp;<\/p>\n<p>&nbsp;<\/p>\n<p><a href=\"https:\/\/factory.sale\/wp-content\/uploads\/2024\/01\/Saunatonttu-Installation-manual-and-user-guide.pdf\" target=\"_blank\" rel=\"noopener\">Saunatonttu &#8211; kasutus &#8211; ja paigaldusjuhend<\/a><\/p>\n<p><a href=\"https:\/\/factory.sale\/wp-content\/uploads\/2024\/01\/Warranty-policy.pdf\" target=\"_blank\" rel=\"noopener\">Garantiitingimused<\/a><\/p>\n","protected":false},"excerpt":{"rendered":"<p>Helo meeskond \u00fchendas j\u00f5ud maailmakuulsa disaineri Ristomatti Ratiaga, et arendada t\u00e4iuslikku sauna kerist, ning nii s\u00fcndiski stiilne must alati valmis keris nimega Saunatonttu ehk &#8220;Sauna p\u00e4kapikk&#8221;. Paljude patenditud uuendustega ja suurep\u00e4rase Euroopa disainiga kerist peetakse paljude poolt vaieldamatult maailma parimaks saunakeriseks.<\/p>\n","protected":false},"featured_media":70083,"comment_status":"open","ping_status":"closed","template":"","meta":{"_acf_changed":false},"factory":[],"free-shipment":[],"product_brand":[],"product_cat":[2638,306],"product_tag":[],"class_list":{"0":"post-70137","1":"product","2":"type-product","3":"status-publish","4":"has-post-thumbnail","6":"product_cat-helo-et","7":"product_cat-saunakerised","9":"first","10":"instock","11":"sale","12":"taxable","13":"shipping-taxable","14":"purchasable","15":"product-type-simple"},"acf":[],"_links":{"self":[{"href":"https:\/\/factory.sale\/et\/wp-json\/wp\/v2\/product\/70137","targetHints":{"allow":["GET"]}}],"collection":[{"href":"https:\/\/factory.sale\/et\/wp-json\/wp\/v2\/product"}],"about":[{"href":"https:\/\/factory.sale\/et\/wp-json\/wp\/v2\/types\/product"}],"replies":[{"embeddable":true,"href":"https:\/\/factory.sale\/et\/wp-json\/wp\/v2\/comments?post=70137"}],"wp:featuredmedia":[{"embeddable":true,"href":"https:\/\/factory.sale\/et\/wp-json\/wp\/v2\/media\/70083"}],"wp:attachment":[{"href":"https:\/\/factory.sale\/et\/wp-json\/wp\/v2\/media?parent=70137"}],"wp:term":[{"taxonomy":"factory","embeddable":true,"href":"https:\/\/factory.sale\/et\/wp-json\/wp\/v2\/factory?post=70137"},{"taxonomy":"free-shipment","embeddable":true,"href":"https:\/\/factory.sale\/et\/wp-json\/wp\/v2\/free-shipment?post=70137"},{"taxonomy":"product_brand","embeddable":true,"href":"https:\/\/factory.sale\/et\/wp-json\/wp\/v2\/product_brand?post=70137"},{"taxonomy":"product_cat","embeddable":true,"href":"https:\/\/factory.sale\/et\/wp-json\/wp\/v2\/product_cat?post=70137"},{"taxonomy":"product_tag","embeddable":true,"href":"https:\/\/factory.sale\/et\/wp-json\/wp\/v2\/product_tag?post=70137"}],"curies":[{"name":"wp","href":"https:\/\/api.w.org\/{rel}","templated":true}]}}