{"id":70060,"date":"2024-01-26T11:58:33","date_gmt":"2024-01-26T12:03:05","guid":{"rendered":"https:\/\/factory.sale\/?post_type=product&#038;p=70060"},"modified":"2024-06-28T03:07:50","modified_gmt":"2024-06-28T03:07:50","slug":"helo-aurugeneraator-steam-pro-14","status":"publish","type":"product","link":"https:\/\/factory.sale\/et\/toode\/helo-aurugeneraator-steam-pro-14\/","title":{"rendered":"Helo aurugeneraator Steam Pro 14"},"content":{"rendered":"<p><strong>Tootekood:<\/strong> 002106<\/p>\n<p>&nbsp;<\/p>\n<p>Helo Steam Pro generaator takistab automaatselt \u00fclekuumenemist ja kuivk\u00e4iku. See s\u00e4\u00e4stab aega hoolduse ja seiskamisaegade osas t\u00e4nu automaatsele loputusfunktsioonile. Samuti on v\u00f5imalik mitut \u00fchikut j\u00e4rjestikku \u00fchendada. Helo Steam Pro 14 on 14 kW ja selle aurutootlus on 19 kg tunnis.<\/p>\n<ul>\n<li>Suuremad auruv\u00e4ljundid ja \u00e4ravooluavad lisamugavuse ja j\u00f5udluse jaoks.<\/li>\n<li>Projekteeritud vastu pidama paljude aastate kasutusele ilma katkestusteta ning miinimumt\u00e4helepanu ja hooldusega.<\/li>\n<li>Valmistatud valikuliste lisadetailide, nagu abiventilaatorid ja l\u00f5hnaained, jaoks.<\/li>\n<li>Kasutamiseks koos Pure v\u00f5i Elite Free juhtpaneeliga. Kasutades Elite Free juhtpaneeli, saate mugavalt juhtida kaugelt igalt poolt ja igal ajal pilvep\u00f5hise teenuse kaudu, kasutades Helo juhtimisrakendust.<\/li>\n<\/ul>\n<p>&nbsp;<\/p>\n<p><strong>Tehnilised andmed:<\/strong><\/p>\n<ul>\n<li>V\u00e4rv: Grafiit<\/li>\n<li>Kaal (kg): 12,3<\/li>\n<li>V\u00f5imsus (kW): 14<\/li>\n<li>M\u00f5\u00f5tmed (LxKxS): 635 x 390 x 160<\/li>\n<\/ul>\n<p>&nbsp;<\/p>\n<p><a href=\"https:\/\/factory.sale\/wp-content\/uploads\/2024\/01\/Helo-Steam-Pro-installation-user-guide.pdf\" target=\"_blank\" rel=\"noopener\">Helo Steam Pro kasutus &#8211; ja paigaldusjuhend<\/a><\/p>\n    <div class=\"col-xl-3 col-6\">\n        <div class=\"product-card h-100\">\n            <div class=\"ratio ratio-4x3 overflow-hidden\">\n                <a href=\"https:\/\/factory.sale\/product\/electric-heater-himalaya-70-pure-helo-wt\/\">\n                    <img loading=\"lazy\" decoding=\"async\" width=\"750\" height=\"600\" src=\"https:\/\/factory.sale\/wp-content\/uploads\/2024\/01\/himalaya-1.png\" class=\"img-fluid object-fit-contain w-100 h-100\" alt=\"Electric heater Himalaya 70 Pure Helo-WT\" srcset=\"https:\/\/factory.sale\/wp-content\/uploads\/2024\/01\/himalaya-1.png 750w, https:\/\/factory.sale\/wp-content\/uploads\/2024\/01\/himalaya-1-300x240.png 300w, https:\/\/factory.sale\/wp-content\/uploads\/2024\/01\/himalaya-1-150x120.png 150w, https:\/\/factory.sale\/wp-content\/uploads\/2024\/01\/himalaya-1-600x480.png 600w\" sizes=\"auto, (max-width: 750px) 100vw, 750px\" \/>                <\/a>\n            <\/div>\n\n            <div class=\"px-xl-3 px-2 py-3 text-xl-start\">\n                <a class=\"product-title-link\" href=\"https:\/\/factory.sale\/product\/electric-heater-himalaya-70-pure-helo-wt\/\">\n                    <p class=\"d-none d-xl-block\">Electric heater Himalaya 70 Pure Helo-WT<\/p>\n                    <p class=\"d-xl-none\">Electric heater Himalaya 70 Pure Helo-WT<\/p>\n                <\/a>\n\n                <div class=\"price\">\n                                            <span class=\"new-price\"><span class=\"woocommerce-Price-amount amount\"><bdi><span class=\"woocommerce-Price-currencySymbol\">&euro;<\/span>1 156,50<\/bdi><\/span><\/span>\n                        <span class=\"old-price\"><span class=\"woocommerce-Price-amount amount\"><bdi><span class=\"woocommerce-Price-currencySymbol\">&euro;<\/span>1 235,00<\/bdi><\/span><\/span>\n                                    <\/div>\n\n                <div class=\"d-xl-grid d-none gap-4 d-xl-flex justify-content-start mt-2\">\n                    <button class=\"btn btn-product ajax-add-to-quote w-100 mt-1rem\"\n                            data-product-id=\"69186\">\n                        Add to quote\n                    <\/button>\n                <\/div>\n            <\/div>\n\n                            <div class=\"sale\">Sale -6%<\/div>\n                    <\/div>\n    <\/div>\n    \n<p><a href=\"https:\/\/factory.sale\/wp-content\/uploads\/2024\/01\/Warranty-policy.pdf\" target=\"_blank\" rel=\"noopener\">Garantiitingimused<\/a><\/p>\n","protected":false},"excerpt":{"rendered":"<p>Helo Steam Pro generaator takistab automaatselt \u00fclekuumenemist ja kuivk\u00e4iku. See s\u00e4\u00e4stab aega hoolduse ja seiskamisaegade osas t\u00e4nu automaatsele loputusfunktsioonile. Samuti on v\u00f5imalik mitut \u00fchikut j\u00e4rjestikku \u00fchendada. Helo Steam Pro 14 on 14 kW ja selle aurutootlus on 19 kg tunnis.<\/p>\n","protected":false},"featured_media":69327,"comment_status":"open","ping_status":"closed","template":"","meta":{"_acf_changed":false},"factory":[],"free-shipment":[],"product_brand":[],"product_cat":[1028],"product_tag":[811],"class_list":{"0":"post-70060","1":"product","2":"type-product","3":"status-publish","4":"has-post-thumbnail","6":"product_cat-saunatarvikud","7":"product_tag-sauna-et","9":"first","10":"instock","11":"sale","12":"taxable","13":"shipping-taxable","14":"purchasable","15":"product-type-simple"},"acf":[],"_links":{"self":[{"href":"https:\/\/factory.sale\/et\/wp-json\/wp\/v2\/product\/70060","targetHints":{"allow":["GET"]}}],"collection":[{"href":"https:\/\/factory.sale\/et\/wp-json\/wp\/v2\/product"}],"about":[{"href":"https:\/\/factory.sale\/et\/wp-json\/wp\/v2\/types\/product"}],"replies":[{"embeddable":true,"href":"https:\/\/factory.sale\/et\/wp-json\/wp\/v2\/comments?post=70060"}],"wp:featuredmedia":[{"embeddable":true,"href":"https:\/\/factory.sale\/et\/wp-json\/wp\/v2\/media\/69327"}],"wp:attachment":[{"href":"https:\/\/factory.sale\/et\/wp-json\/wp\/v2\/media?parent=70060"}],"wp:term":[{"taxonomy":"factory","embeddable":true,"href":"https:\/\/factory.sale\/et\/wp-json\/wp\/v2\/factory?post=70060"},{"taxonomy":"free-shipment","embeddable":true,"href":"https:\/\/factory.sale\/et\/wp-json\/wp\/v2\/free-shipment?post=70060"},{"taxonomy":"product_brand","embeddable":true,"href":"https:\/\/factory.sale\/et\/wp-json\/wp\/v2\/product_brand?post=70060"},{"taxonomy":"product_cat","embeddable":true,"href":"https:\/\/factory.sale\/et\/wp-json\/wp\/v2\/product_cat?post=70060"},{"taxonomy":"product_tag","embeddable":true,"href":"https:\/\/factory.sale\/et\/wp-json\/wp\/v2\/product_tag?post=70060"}],"curies":[{"name":"wp","href":"https:\/\/api.w.org\/{rel}","templated":true}]}}