{"id":70008,"date":"2024-01-26T10:45:49","date_gmt":"2024-01-26T10:55:51","guid":{"rendered":"https:\/\/factory.sale\/?post_type=product&#038;p=70008"},"modified":"2024-06-25T14:40:33","modified_gmt":"2024-06-25T14:40:33","slug":"helo-aurugeneraator-60","status":"publish","type":"product","link":"https:\/\/factory.sale\/et\/toode\/helo-aurugeneraator-60\/","title":{"rendered":"Helo aurugeneraator 60"},"content":{"rendered":"<p><strong>Tootekood:<\/strong> 002102<\/p>\n<p>&nbsp;<\/p>\n<p>Helo aurugeneraator eramajadele seab uue taseme kasutajaliidese ja usaldusv\u00e4\u00e4rsuse osas. Sellega on kaasas kaks lisakambrit soola\/l\u00f5hnaainete jaoks lisamugavuse tagamiseks ja seda v\u00f5ib tellida valikulise \u00e4ravooluklapiga automaatse loputusfunktsiooniga. Helo Steam 60 on 6,0 kW ja aurutootmine on 8 kg tunnis.<\/p>\n<ul>\n<li>V\u00e4iksem energiakulu ootere\u017eiimiga.<\/li>\n<li>Kasutamiseks Pure v\u00f5i Elite Free juhtpaneeliga. Elite Free juhtpaneeli kasutades saate mugavalt juhtida kaugelt igal ajal<\/li>\n<li>ja k\u00f5ikjalt pilvep\u00f5hise teenuse kaudu, kasutades Helo juhtimisrakendust.<\/li>\n<li>Konstrueeritud minimaalseks elektri- ja veekasutuseks, kuid maksimaalseks naudinguks.<\/li>\n<li>Komplektis on kaks lisav\u00e4ljundit ja v\u00f5ib varustada mugava automaatse loputus- ja \u00e4ravoolus\u00fcsteemiga.<\/li>\n<\/ul>\n<p>&nbsp;<\/p>\n<p><strong>Tehnilised andmed:<\/strong><\/p>\n<ul>\n<li>V\u00e4rv: Grafiit<\/li>\n<li>Kaal (kg): 12.0<\/li>\n<li>V\u00f5imsus (kW): 6,0<\/li>\n<li>M\u00f5\u00f5tmed (LxKxS): 635 x 390 x 160<\/li>\n<\/ul>\n<p>&nbsp;<\/p>\n<p><a href=\"https:\/\/factory.sale\/wp-content\/uploads\/2024\/01\/Helo-Steam-installation-user-guide.pdf\" target=\"_blank\" rel=\"noopener\">Helo Steam kasutus &#8211; ja paigaldusjuhend<\/a><\/p>\n    <div class=\"col-xl-3 col-6\">\n        <div class=\"product-card h-100\">\n            <div class=\"ratio ratio-4x3 overflow-hidden\">\n                <a href=\"https:\/\/factory.sale\/product\/electric-heater-himalaya-70-pure-helo-wt\/\">\n                    <img loading=\"lazy\" decoding=\"async\" width=\"750\" height=\"600\" src=\"https:\/\/factory.sale\/wp-content\/uploads\/2024\/01\/himalaya-1.png\" class=\"img-fluid object-fit-contain w-100 h-100\" alt=\"Electric heater Himalaya 70 Pure Helo-WT\" srcset=\"https:\/\/factory.sale\/wp-content\/uploads\/2024\/01\/himalaya-1.png 750w, https:\/\/factory.sale\/wp-content\/uploads\/2024\/01\/himalaya-1-300x240.png 300w, https:\/\/factory.sale\/wp-content\/uploads\/2024\/01\/himalaya-1-150x120.png 150w, https:\/\/factory.sale\/wp-content\/uploads\/2024\/01\/himalaya-1-600x480.png 600w\" sizes=\"auto, (max-width: 750px) 100vw, 750px\" \/>                <\/a>\n            <\/div>\n\n            <div class=\"px-xl-3 px-2 py-3 text-xl-start\">\n                <a class=\"product-title-link\" href=\"https:\/\/factory.sale\/product\/electric-heater-himalaya-70-pure-helo-wt\/\">\n                    <p class=\"d-none d-xl-block\">Electric heater Himalaya 70 Pure Helo-WT<\/p>\n                    <p class=\"d-xl-none\">Electric heater Himalaya 70 Pure Helo-WT<\/p>\n                <\/a>\n\n                <div class=\"price\">\n                                            <span class=\"new-price\"><span class=\"woocommerce-Price-amount amount\"><bdi><span class=\"woocommerce-Price-currencySymbol\">&euro;<\/span>1 156,50<\/bdi><\/span><\/span>\n                        <span class=\"old-price\"><span class=\"woocommerce-Price-amount amount\"><bdi><span class=\"woocommerce-Price-currencySymbol\">&euro;<\/span>1 235,00<\/bdi><\/span><\/span>\n                                    <\/div>\n\n                <div class=\"d-xl-grid d-none gap-4 d-xl-flex justify-content-start mt-2\">\n                    <button class=\"btn btn-product ajax-add-to-quote w-100 mt-1rem\"\n                            data-product-id=\"69186\">\n                        Add to quote\n                    <\/button>\n                <\/div>\n            <\/div>\n\n                            <div class=\"sale\">Sale -6%<\/div>\n                    <\/div>\n    <\/div>\n    \n<p><a href=\"https:\/\/factory.sale\/wp-content\/uploads\/2024\/01\/Warranty-policy.pdf\" target=\"_blank\" rel=\"noopener\">Garantiitingimused<\/a><\/p>\n","protected":false},"excerpt":{"rendered":"<p>Helo aurugeneraator eramajadele seab uue taseme kasutajaliidese ja usaldusv\u00e4\u00e4rsuse osas. Sellega on kaasas kaks lisakambrit soola\/l\u00f5hnaainete jaoks lisamugavuse tagamiseks ja seda v\u00f5ib tellida valikulise \u00e4ravooluklapiga automaatse loputusfunktsiooniga. Helo Steam 60 on 6,0 kW ja aurutootmine on 8 kg tunnis.<\/p>\n","protected":false},"featured_media":69327,"comment_status":"open","ping_status":"closed","template":"","meta":{"_acf_changed":false},"factory":[],"free-shipment":[],"product_brand":[],"product_cat":[1028],"product_tag":[811],"class_list":{"0":"post-70008","1":"product","2":"type-product","3":"status-publish","4":"has-post-thumbnail","6":"product_cat-saunatarvikud","7":"product_tag-sauna-et","9":"first","10":"instock","11":"sale","12":"taxable","13":"shipping-taxable","14":"purchasable","15":"product-type-simple"},"acf":[],"_links":{"self":[{"href":"https:\/\/factory.sale\/et\/wp-json\/wp\/v2\/product\/70008","targetHints":{"allow":["GET"]}}],"collection":[{"href":"https:\/\/factory.sale\/et\/wp-json\/wp\/v2\/product"}],"about":[{"href":"https:\/\/factory.sale\/et\/wp-json\/wp\/v2\/types\/product"}],"replies":[{"embeddable":true,"href":"https:\/\/factory.sale\/et\/wp-json\/wp\/v2\/comments?post=70008"}],"wp:featuredmedia":[{"embeddable":true,"href":"https:\/\/factory.sale\/et\/wp-json\/wp\/v2\/media\/69327"}],"wp:attachment":[{"href":"https:\/\/factory.sale\/et\/wp-json\/wp\/v2\/media?parent=70008"}],"wp:term":[{"taxonomy":"factory","embeddable":true,"href":"https:\/\/factory.sale\/et\/wp-json\/wp\/v2\/factory?post=70008"},{"taxonomy":"free-shipment","embeddable":true,"href":"https:\/\/factory.sale\/et\/wp-json\/wp\/v2\/free-shipment?post=70008"},{"taxonomy":"product_brand","embeddable":true,"href":"https:\/\/factory.sale\/et\/wp-json\/wp\/v2\/product_brand?post=70008"},{"taxonomy":"product_cat","embeddable":true,"href":"https:\/\/factory.sale\/et\/wp-json\/wp\/v2\/product_cat?post=70008"},{"taxonomy":"product_tag","embeddable":true,"href":"https:\/\/factory.sale\/et\/wp-json\/wp\/v2\/product_tag?post=70008"}],"curies":[{"name":"wp","href":"https:\/\/api.w.org\/{rel}","templated":true}]}}