{"id":69348,"date":"2024-01-24T19:21:40","date_gmt":"2024-01-24T19:28:09","guid":{"rendered":"https:\/\/factory.sale\/?post_type=product&#038;p=69348"},"modified":"2026-04-25T12:27:09","modified_gmt":"2026-04-25T09:27:09","slug":"helo-aurugeneraator-47","status":"publish","type":"product","link":"https:\/\/factory.sale\/et\/toode\/helo-aurugeneraator-47\/","title":{"rendered":"Helo aurugeneraator 47"},"content":{"rendered":"<p><strong>Tootekood:<\/strong> 002101<\/p>\n<p>&nbsp;<\/p>\n<p>Eramajadele m\u00f5eldud Helo Steam generaator seab kasutajaliidese ja t\u00f6\u00f6kindluse osas t\u00e4iesti uue taseme. See on varustatud kahe lisasektsiooniga soola\/l\u00f5hnaainete jaoks, et suurendada mugavust, ja selle saab tellida koos valikulise t\u00fchjendusventiiliga automaatseks loputusfunktsiooniks. Helo Steam 47 v\u00f5imsus on 4,7 kW ja selle aurutoodang on 6 kg tunnis.<\/p>\n<p>&nbsp;<\/p>\n<ul>\n<li>Kasutage Pure v\u00f5i Elite Free juhtpaneeliga. Elite Free juhtpaneeli kasutades saad mugavalt kaugjuhtida k\u00f5ikjal ja igal ajal pilvep\u00f5hise teenuse kaudu, kasutades Helo juhtimisrakendust.<\/li>\n<li>Loodud nii, et see kasutab minimaalselt elektrit ja vett, kuid pakub maksimaalset naudingut.<\/li>\n<li>Kaasas kaks lisav\u00e4ljundit ja v\u00f5ib olla varustatud mugava automaatse loputuse ja \u00e4ravooluga.<\/li>\n<li>Ootere\u017eiimiga v\u00e4iksem energiatarbimine.<\/li>\n<li>Ootere\u017eiimiga v\u00e4iksem energiatarbimine.<\/li>\n<\/ul>\n<p>&nbsp;<\/p>\n<p>&nbsp;<\/p>\n<p><strong>Tehnilised kirjeldused:<\/strong><\/p>\n<ul>\n<li>V\u00e4rvus: Grafiit<\/li>\n<li>Kaal (kg): 12,0<\/li>\n<li>M\u00f5ju (kW): 4,7<\/li>\n<li>M\u00f5\u00f5dud (LxKxS): 635 x 390 x 160<\/li>\n<\/ul>\n<p>&nbsp;<\/p>\n<p>&nbsp;<\/p>\n<p><a href=\"https:\/\/factory.sale\/wp-content\/uploads\/2024\/01\/Helo-Steam-installation-user-guide.pdf\" target=\"_blank\" rel=\"noopener\">Helo Steam kasutus &#8211; ja paigaldusjuhend<\/a><\/p>\n<p><a href=\"https:\/\/factory.sale\/product\/electric-heater-himalaya-70-pure-helo-wt\/\" target=\"_blank\" rel=\"noopener\">AUTOMAATNE KATLAKIVIEEMALDUS<\/a><\/p>\n<p><a href=\"https:\/\/factory.sale\/wp-content\/uploads\/2024\/01\/Warranty-policy.pdf\" target=\"_blank\" rel=\"noopener\">Garantiitingimused<\/a><\/p>\n","protected":false},"excerpt":{"rendered":"<p>Eramajadele m\u00f5eldud Helo Steam generaator seab kasutajaliidese ja t\u00f6\u00f6kindluse osas t\u00e4iesti uue taseme. See on varustatud kahe lisasektsiooniga soola\/l\u00f5hnaainete jaoks, et suurendada mugavust, ja selle saab tellida koos valikulise t\u00fchjendusventiiliga automaatseks loputusfunktsiooniks. Helo Steam 47 v\u00f5imsus on 4,7 kW ja selle aurutoodang on 6 kg tunnis.<\/p>\n","protected":false},"featured_media":69327,"comment_status":"open","ping_status":"closed","template":"","meta":{"_acf_changed":false},"factory":[],"free-shipment":[],"product_brand":[],"product_cat":[1027],"product_tag":[809],"class_list":{"0":"post-69348","1":"product","2":"type-product","3":"status-publish","4":"has-post-thumbnail","6":"product_cat-sauna-accessories-2","7":"product_tag-sauna","9":"first","10":"instock","11":"sale","12":"taxable","13":"shipping-taxable","14":"purchasable","15":"product-type-simple"},"acf":[],"_links":{"self":[{"href":"https:\/\/factory.sale\/et\/wp-json\/wp\/v2\/product\/69348","targetHints":{"allow":["GET"]}}],"collection":[{"href":"https:\/\/factory.sale\/et\/wp-json\/wp\/v2\/product"}],"about":[{"href":"https:\/\/factory.sale\/et\/wp-json\/wp\/v2\/types\/product"}],"replies":[{"embeddable":true,"href":"https:\/\/factory.sale\/et\/wp-json\/wp\/v2\/comments?post=69348"}],"wp:featuredmedia":[{"embeddable":true,"href":"https:\/\/factory.sale\/et\/wp-json\/wp\/v2\/media\/69327"}],"wp:attachment":[{"href":"https:\/\/factory.sale\/et\/wp-json\/wp\/v2\/media?parent=69348"}],"wp:term":[{"taxonomy":"factory","embeddable":true,"href":"https:\/\/factory.sale\/et\/wp-json\/wp\/v2\/factory?post=69348"},{"taxonomy":"free-shipment","embeddable":true,"href":"https:\/\/factory.sale\/et\/wp-json\/wp\/v2\/free-shipment?post=69348"},{"taxonomy":"product_brand","embeddable":true,"href":"https:\/\/factory.sale\/et\/wp-json\/wp\/v2\/product_brand?post=69348"},{"taxonomy":"product_cat","embeddable":true,"href":"https:\/\/factory.sale\/et\/wp-json\/wp\/v2\/product_cat?post=69348"},{"taxonomy":"product_tag","embeddable":true,"href":"https:\/\/factory.sale\/et\/wp-json\/wp\/v2\/product_tag?post=69348"}],"curies":[{"name":"wp","href":"https:\/\/api.w.org\/{rel}","templated":true}]}}