{"id":69062,"date":"2024-01-24T09:20:53","date_gmt":"2024-01-24T09:23:27","guid":{"rendered":"https:\/\/factory.sale\/?post_type=product&#038;p=69062"},"modified":"2024-06-28T03:08:32","modified_gmt":"2024-06-28T03:08:32","slug":"elektrikeris-himalaya-70-elite-helo-wt","status":"publish","type":"product","link":"https:\/\/factory.sale\/et\/toode\/elektrikeris-himalaya-70-elite-helo-wt\/","title":{"rendered":"Elektrikeris Himalaya 70 Elite Helo-WT"},"content":{"rendered":"<p><strong>Tootekood:<\/strong> 001900<\/p>\n<p>&nbsp;<\/p>\n<p>Himalaya varjab endas veepaaki, milles kasutatakse leidlikku Helo-WT tehnoloogiat, mis niisutab saunaruumi samal ajal, kui keris ruumi soojendab. Muljetavaldav 100 kilogrammi kive ja atraktiivne 103 cm k\u00f5rgune Himalaya keris on saadaval mattmusta v\u00f5i kroomviimistlusega. Himalaya saab paigaldada p\u00f5randale nurga v\u00f5i seina vastu v\u00f5i kinnitada sauna pinkidele kasutades terasest v\u00f5i klaasist kaelust. Terasest kaelus on saadaval kroom- v\u00f5i musta v\u00e4rvi, et sobituda kerise v\u00e4rviga. Juhtpaneel Elite on komplektis.<\/p>\n<p>\u2022 Helo-WT tehnoloogia mitmek\u00fclgsete saunateraapiate jaoks \u00fches kaunis lahenduses<br \/>\n\u2022 Tugev 100 kilo saunakive t\u00f5elise sauna tunde tekitamiseks<br \/>\n\u2022 Saadaval musta v\u00f5i kroomv\u00e4rvi<\/p>\n<p>&nbsp;<\/p>\n<p><strong>Tehnilised andmed:<\/strong><\/p>\n<ul>\n<li>V\u00e4rv: MUST<\/li>\n<li>Kaal (kg): 11.0<\/li>\n<li>Kivide kogus (kg): 100<\/li>\n<li>V\u00f5imsus (kW): 6,8<\/li>\n<li>M\u00f5\u00f5tmed (LxKxS): 330 x 1030 x 330<\/li>\n<li>Sauna suurus (m\u00b3): 5-9<\/li>\n<li>Ohutuskaugus, taga: 60<\/li>\n<li>Ohutuskaugus, \u00fcleval: 870<\/li>\n<li>Ohutuskaugus, k\u00fcljel: 60<\/li>\n<li>Ohutuskaugus, ees: 60<\/li>\n<\/ul>\n<p>&nbsp;<\/p>\n<p><a href=\"https:\/\/factory.sale\/wp-content\/uploads\/2024\/01\/Himalaya-Elite-Installation-manual-and-user-guide.pdf\" target=\"_blank\" rel=\"noopener\">Himalaya Elite -kasutus &#8211; ja paigaldusjuhend<\/a><\/p>\n<p><a href=\"https:\/\/factory.sale\/wp-content\/uploads\/2024\/01\/Himalaya-Heater-Guard-Installation-manual-and-user-guide.pdf\" target=\"_blank\" rel=\"noopener\">Himalaya &#8211; Heater Guard &#8211; kasutus &#8211; ja paigaldusjuhend<\/a><\/p>\n<p><a href=\"https:\/\/factory.sale\/wp-content\/uploads\/2024\/01\/Warranty-policy.pdf\" target=\"_blank\" rel=\"noopener\">Garantiitingimused<\/a><\/p>\n","protected":false},"excerpt":{"rendered":"<p>Himalaya varjab endas veepaaki, milles kasutatakse leidlikku Helo-WT tehnoloogiat, mis niisutab saunaruumi samal ajal, kui keris ruumi soojendab. Muljetavaldav 100 kilogrammi kive ja atraktiivne 103 cm k\u00f5rgune Himalaya keris on saadaval mattmusta v\u00f5i kroomviimistlusega. Himalaya saab paigaldada p\u00f5randale nurga v\u00f5i seina vastu v\u00f5i kinnitada sauna pinkidele kasutades terasest v\u00f5i klaasist kaelust. Terasest kaelus on saadaval kroom- v\u00f5i musta v\u00e4rvi, et sobituda kerise v\u00e4rviga. Juhtpaneel Elite on komplektis.<\/p>\n","protected":false},"featured_media":69047,"comment_status":"open","ping_status":"closed","template":"","meta":{"_acf_changed":false},"factory":[],"free-shipment":[],"product_brand":[],"product_cat":[2638,306],"product_tag":[2179,811,2176],"class_list":{"0":"post-69062","1":"product","2":"type-product","3":"status-publish","4":"has-post-thumbnail","6":"product_cat-helo-et","7":"product_cat-saunakerised","8":"product_tag-electric-heater-et","9":"product_tag-sauna-et","10":"product_tag-sauna-heater-et","12":"first","13":"instock","14":"sale","15":"taxable","16":"shipping-taxable","17":"purchasable","18":"product-type-simple"},"acf":[],"_links":{"self":[{"href":"https:\/\/factory.sale\/et\/wp-json\/wp\/v2\/product\/69062","targetHints":{"allow":["GET"]}}],"collection":[{"href":"https:\/\/factory.sale\/et\/wp-json\/wp\/v2\/product"}],"about":[{"href":"https:\/\/factory.sale\/et\/wp-json\/wp\/v2\/types\/product"}],"replies":[{"embeddable":true,"href":"https:\/\/factory.sale\/et\/wp-json\/wp\/v2\/comments?post=69062"}],"wp:featuredmedia":[{"embeddable":true,"href":"https:\/\/factory.sale\/et\/wp-json\/wp\/v2\/media\/69047"}],"wp:attachment":[{"href":"https:\/\/factory.sale\/et\/wp-json\/wp\/v2\/media?parent=69062"}],"wp:term":[{"taxonomy":"factory","embeddable":true,"href":"https:\/\/factory.sale\/et\/wp-json\/wp\/v2\/factory?post=69062"},{"taxonomy":"free-shipment","embeddable":true,"href":"https:\/\/factory.sale\/et\/wp-json\/wp\/v2\/free-shipment?post=69062"},{"taxonomy":"product_brand","embeddable":true,"href":"https:\/\/factory.sale\/et\/wp-json\/wp\/v2\/product_brand?post=69062"},{"taxonomy":"product_cat","embeddable":true,"href":"https:\/\/factory.sale\/et\/wp-json\/wp\/v2\/product_cat?post=69062"},{"taxonomy":"product_tag","embeddable":true,"href":"https:\/\/factory.sale\/et\/wp-json\/wp\/v2\/product_tag?post=69062"}],"curies":[{"name":"wp","href":"https:\/\/api.w.org\/{rel}","templated":true}]}}