{"id":69037,"date":"2024-01-24T09:05:56","date_gmt":"2024-01-24T09:08:44","guid":{"rendered":"https:\/\/factory.sale\/?post_type=product&#038;p=69037"},"modified":"2024-06-28T01:18:36","modified_gmt":"2024-06-28T01:18:36","slug":"helo-kontaktorikast-we-54","status":"publish","type":"product","link":"https:\/\/factory.sale\/et\/toode\/helo-kontaktorikast-we-54\/","title":{"rendered":"Helo kontaktorikast WE 54"},"content":{"rendered":"<p><strong>Tootekood:<\/strong> 001355<\/p>\n<p>&nbsp;<\/p>\n<p>Miks kompromissida saunam\u00f5nude osas? Naudi infrapunasoojust traditsioonilises Helo saunas! Infrapuna toetab teie heaolu, t\u00e4iendab traditsioonilist sauna ja annab valiku. N\u00fc\u00fcd saate juurde p\u00e4\u00e4seda nii infrapunapaneelidele kui ka kerisele Elite Free juhtkeskuse kaudu. Kodukasutuseks saate nautida infrapunasauna, kui ostate selle kontaktorikast WE 54, lisaks soovitud v\u00e4rvi infrapunapaneelid ja Rocher, Himalaya v\u00f5i Roxx elektrikerise, mis sisaldab Elite Free juhtkeskust.<\/p>\n<p>&nbsp;<\/p>\n<p>&nbsp;<\/p>\n<p><strong>Tehnilised andmed:<\/strong><\/p>\n<p>M\u00f5\u00f5tmed (LxKxS): 190 x 160 x 85<\/p>\n<p>&nbsp;<\/p>\n<p><a href=\"https:\/\/factory.sale\/wp-content\/uploads\/2024\/01\/WE-54-Additional-instructions-for-the-IR-panel.pdf\" target=\"_blank\" rel=\"noopener\">WE 54 kasutus &#8211; ja paigaldusjuhend<\/a><\/p>\n<p><a href=\"https:\/\/factory.sale\/wp-content\/uploads\/2024\/01\/Warranty-policy-1.pdf\" target=\"_blank\" rel=\"noopener\">Garantiitingimused<\/a><\/p>\n","protected":false},"excerpt":{"rendered":"<p>Miks kompromissida saunam\u00f5nude osas? Naudi infrapunasoojust traditsioonilises Helo saunas! Infrapuna toetab teie heaolu, t\u00e4iendab traditsioonilist sauna ja annab valiku. N\u00fc\u00fcd saate juurde p\u00e4\u00e4seda nii infrapunapaneelidele kui ka kerisele Elite Free juhtkeskuse kaudu. Kodukasutuseks saate nautida infrapunasauna, kui ostate selle kontaktorikast WE 54, lisaks soovitud v\u00e4rvi infrapunapaneelid ja Rocher, Himalaya v\u00f5i Roxx elektrikerise, mis sisaldab Elite Free juhtkeskust.<\/p>\n","protected":false},"featured_media":69035,"comment_status":"open","ping_status":"closed","template":"","meta":{"_acf_changed":false},"factory":[],"free-shipment":[],"product_brand":[],"product_cat":[1028],"product_tag":[811],"class_list":{"0":"post-69037","1":"product","2":"type-product","3":"status-publish","4":"has-post-thumbnail","6":"product_cat-saunatarvikud","7":"product_tag-sauna-et","9":"first","10":"instock","11":"sale","12":"taxable","13":"shipping-taxable","14":"purchasable","15":"product-type-simple"},"acf":[],"_links":{"self":[{"href":"https:\/\/factory.sale\/et\/wp-json\/wp\/v2\/product\/69037","targetHints":{"allow":["GET"]}}],"collection":[{"href":"https:\/\/factory.sale\/et\/wp-json\/wp\/v2\/product"}],"about":[{"href":"https:\/\/factory.sale\/et\/wp-json\/wp\/v2\/types\/product"}],"replies":[{"embeddable":true,"href":"https:\/\/factory.sale\/et\/wp-json\/wp\/v2\/comments?post=69037"}],"wp:featuredmedia":[{"embeddable":true,"href":"https:\/\/factory.sale\/et\/wp-json\/wp\/v2\/media\/69035"}],"wp:attachment":[{"href":"https:\/\/factory.sale\/et\/wp-json\/wp\/v2\/media?parent=69037"}],"wp:term":[{"taxonomy":"factory","embeddable":true,"href":"https:\/\/factory.sale\/et\/wp-json\/wp\/v2\/factory?post=69037"},{"taxonomy":"free-shipment","embeddable":true,"href":"https:\/\/factory.sale\/et\/wp-json\/wp\/v2\/free-shipment?post=69037"},{"taxonomy":"product_brand","embeddable":true,"href":"https:\/\/factory.sale\/et\/wp-json\/wp\/v2\/product_brand?post=69037"},{"taxonomy":"product_cat","embeddable":true,"href":"https:\/\/factory.sale\/et\/wp-json\/wp\/v2\/product_cat?post=69037"},{"taxonomy":"product_tag","embeddable":true,"href":"https:\/\/factory.sale\/et\/wp-json\/wp\/v2\/product_tag?post=69037"}],"curies":[{"name":"wp","href":"https:\/\/api.w.org\/{rel}","templated":true}]}}