{"id":69014,"date":"2024-01-24T08:46:02","date_gmt":"2024-01-24T08:54:39","guid":{"rendered":"https:\/\/factory.sale\/?post_type=product&#038;p=69014"},"modified":"2024-06-28T00:18:56","modified_gmt":"2024-06-28T00:18:56","slug":"helo-releekast-we-53","status":"publish","type":"product","link":"https:\/\/factory.sale\/et\/toode\/helo-releekast-we-53\/","title":{"rendered":"Helo releekast WE 53"},"content":{"rendered":"<p><strong>Tootekood:<\/strong> 001354<\/p>\n<p>&nbsp;<\/p>\n<p>Miks kompromissida saunam\u00f5nude osas? Naudi infrapunasoojust traditsioonilises Helo saunas! Infrapuna toetab teie heaolu, t\u00e4iendab traditsioonilist sauna ja annab valiku. N\u00fc\u00fcd saate juurde p\u00e4\u00e4seda nii infrapunapaneelidele kui ka kerisele Elite Free juhtpaneeli kaudu. Saate h\u00f5lpsasti kokku panna professionaalse otstarbega infrapunasauna komplekti, ostes selle kontaktorikorpuse WE 53, lisaks soovitud v\u00e4rviga infrapunapaneelid, professionaalse elektrikerise (SKLE, Laava v\u00f5i Octa) ja Elite Free juhtpaneeli.<\/p>\n<p>&nbsp;<\/p>\n<p><strong>Tehnilised andmed:<\/strong><\/p>\n<p>M\u00f5\u00f5tmed (LxKxS): 387 x 130 x 320<\/p>\n<p>&nbsp;<\/p>\n<p>&nbsp;<\/p>\n<p><a href=\"https:\/\/factory.sale\/wp-content\/uploads\/2024\/01\/Installation-and-user-manual-WE50.pdf\" target=\"_blank\" rel=\"noopener\">Kasutus &#8211; ja paigaldusjuhend WE50<\/a><\/p>\n<p><a href=\"https:\/\/factory.sale\/wp-content\/uploads\/2024\/01\/Warranty-policy-1.pdf\" target=\"_blank\" rel=\"noopener\">Garantiitingimused<\/a><\/p>\n","protected":false},"excerpt":{"rendered":"<p>Miks kompromissida saunam\u00f5nude osas? Naudi infrapunasoojust traditsioonilises Helo saunas! Infrapuna toetab teie heaolu, t\u00e4iendab traditsioonilist sauna ja annab valiku. N\u00fc\u00fcd saate juurde p\u00e4\u00e4seda nii infrapunapaneelidele kui ka kerisele Elite Free juhtpaneeli kaudu. Saate h\u00f5lpsasti kokku panna professionaalse otstarbega infrapunasauna komplekti, ostes selle kontaktorikorpuse WE 53, lisaks soovitud v\u00e4rviga infrapunapaneelid, professionaalse elektrikerise (SKLE, Laava v\u00f5i Octa) ja Elite Free juhtpaneeli.<\/p>\n","protected":false},"featured_media":68870,"comment_status":"open","ping_status":"closed","template":"","meta":{"_acf_changed":false},"factory":[],"free-shipment":[],"product_brand":[],"product_cat":[1028],"product_tag":[811],"class_list":{"0":"post-69014","1":"product","2":"type-product","3":"status-publish","4":"has-post-thumbnail","6":"product_cat-saunatarvikud","7":"product_tag-sauna-et","9":"first","10":"instock","11":"sale","12":"taxable","13":"shipping-taxable","14":"purchasable","15":"product-type-simple"},"acf":[],"_links":{"self":[{"href":"https:\/\/factory.sale\/et\/wp-json\/wp\/v2\/product\/69014","targetHints":{"allow":["GET"]}}],"collection":[{"href":"https:\/\/factory.sale\/et\/wp-json\/wp\/v2\/product"}],"about":[{"href":"https:\/\/factory.sale\/et\/wp-json\/wp\/v2\/types\/product"}],"replies":[{"embeddable":true,"href":"https:\/\/factory.sale\/et\/wp-json\/wp\/v2\/comments?post=69014"}],"wp:featuredmedia":[{"embeddable":true,"href":"https:\/\/factory.sale\/et\/wp-json\/wp\/v2\/media\/68870"}],"wp:attachment":[{"href":"https:\/\/factory.sale\/et\/wp-json\/wp\/v2\/media?parent=69014"}],"wp:term":[{"taxonomy":"factory","embeddable":true,"href":"https:\/\/factory.sale\/et\/wp-json\/wp\/v2\/factory?post=69014"},{"taxonomy":"free-shipment","embeddable":true,"href":"https:\/\/factory.sale\/et\/wp-json\/wp\/v2\/free-shipment?post=69014"},{"taxonomy":"product_brand","embeddable":true,"href":"https:\/\/factory.sale\/et\/wp-json\/wp\/v2\/product_brand?post=69014"},{"taxonomy":"product_cat","embeddable":true,"href":"https:\/\/factory.sale\/et\/wp-json\/wp\/v2\/product_cat?post=69014"},{"taxonomy":"product_tag","embeddable":true,"href":"https:\/\/factory.sale\/et\/wp-json\/wp\/v2\/product_tag?post=69014"}],"curies":[{"name":"wp","href":"https:\/\/api.w.org\/{rel}","templated":true}]}}