{"id":68896,"date":"2024-01-23T22:52:17","date_gmt":"2024-01-23T22:55:03","guid":{"rendered":"https:\/\/factory.sale\/?post_type=product&#038;p=68896"},"modified":"2024-06-25T18:16:20","modified_gmt":"2024-06-25T18:16:20","slug":"helo-releekarp-we-40","status":"publish","type":"product","link":"https:\/\/factory.sale\/et\/toode\/helo-releekarp-we-40\/","title":{"rendered":"Helo releekarp WE 40"},"content":{"rendered":"<p><strong>Tootekood:<\/strong> 001352<\/p>\n<p>&nbsp;<\/p>\n<p>Helo releekast WE40 on mitme pinge jaoks ja v\u00e4lja t\u00f6\u00f6tatud sujuvaks t\u00f6\u00f6ks koos juhtpaneelidega Pure v\u00f5i Elite Free ning kuni 15 kW elektrikeristega. Soovitame seda alati paigaldada sauna v\u00e4ljapoole, kuna seal on madalam temperatuur. WE 40 kontaktorikast on \u00fchilduv Octa, SKLE ja Laava kerisemudelitega 901 &#8211; 1501, samuti Vienna, Havanna ja Cup keristega v\u00f5imsusega 4,5 &#8211; 9 kW.<\/p>\n<p>&nbsp;<\/p>\n<p><strong>Tehnilised andmed:<\/strong><\/p>\n<ul>\n<li>V\u00e4rv: Must<\/li>\n<li>Kaal (kg): 5.0<\/li>\n<li>M\u00f5\u00f5tmed (LxKxS): 387 x 130 x 320<\/li>\n<\/ul>\n<p>&nbsp;<\/p>\n<p>&nbsp;<\/p>\n<p><a href=\"https:\/\/factory.sale\/wp-content\/uploads\/2024\/01\/Installation-and-user-manual-WE40.pdf\" target=\"_blank\" rel=\"noopener\">Kasutus &#8211; ja paigaldusjuhend WE40<\/a><\/p>\n<p><a href=\"https:\/\/factory.sale\/wp-content\/uploads\/2024\/01\/Warranty-policy-1.pdf\" target=\"_blank\" rel=\"noopener\">Garantiitingimused<\/a><\/p>\n","protected":false},"excerpt":{"rendered":"<p>Helo releekast WE40 on mitme pinge jaoks ja v\u00e4lja t\u00f6\u00f6tatud sujuvaks t\u00f6\u00f6ks koos juhtpaneelidega Pure v\u00f5i Elite Free ning kuni 15 kW elektrikeristega. Soovitame seda alati paigaldada sauna v\u00e4ljapoole, kuna seal on madalam temperatuur. WE 40 kontaktorikast on \u00fchilduv Octa, SKLE ja Laava kerisemudelitega 901 &#8211; 1501, samuti Vienna, Havanna ja Cup keristega v\u00f5imsusega 4,5 &#8211; 9 kW.<\/p>\n","protected":false},"featured_media":68870,"comment_status":"open","ping_status":"closed","template":"","meta":{"_acf_changed":false},"factory":[],"free-shipment":[],"product_brand":[],"product_cat":[1028],"product_tag":[811],"class_list":{"0":"post-68896","1":"product","2":"type-product","3":"status-publish","4":"has-post-thumbnail","6":"product_cat-saunatarvikud","7":"product_tag-sauna-et","9":"first","10":"instock","11":"sale","12":"taxable","13":"shipping-taxable","14":"purchasable","15":"product-type-simple"},"acf":[],"_links":{"self":[{"href":"https:\/\/factory.sale\/et\/wp-json\/wp\/v2\/product\/68896","targetHints":{"allow":["GET"]}}],"collection":[{"href":"https:\/\/factory.sale\/et\/wp-json\/wp\/v2\/product"}],"about":[{"href":"https:\/\/factory.sale\/et\/wp-json\/wp\/v2\/types\/product"}],"replies":[{"embeddable":true,"href":"https:\/\/factory.sale\/et\/wp-json\/wp\/v2\/comments?post=68896"}],"wp:featuredmedia":[{"embeddable":true,"href":"https:\/\/factory.sale\/et\/wp-json\/wp\/v2\/media\/68870"}],"wp:attachment":[{"href":"https:\/\/factory.sale\/et\/wp-json\/wp\/v2\/media?parent=68896"}],"wp:term":[{"taxonomy":"factory","embeddable":true,"href":"https:\/\/factory.sale\/et\/wp-json\/wp\/v2\/factory?post=68896"},{"taxonomy":"free-shipment","embeddable":true,"href":"https:\/\/factory.sale\/et\/wp-json\/wp\/v2\/free-shipment?post=68896"},{"taxonomy":"product_brand","embeddable":true,"href":"https:\/\/factory.sale\/et\/wp-json\/wp\/v2\/product_brand?post=68896"},{"taxonomy":"product_cat","embeddable":true,"href":"https:\/\/factory.sale\/et\/wp-json\/wp\/v2\/product_cat?post=68896"},{"taxonomy":"product_tag","embeddable":true,"href":"https:\/\/factory.sale\/et\/wp-json\/wp\/v2\/product_tag?post=68896"}],"curies":[{"name":"wp","href":"https:\/\/api.w.org\/{rel}","templated":true}]}}