{"id":68855,"date":"2024-01-23T22:01:47","date_gmt":"2024-01-23T22:04:54","guid":{"rendered":"https:\/\/factory.sale\/?post_type=product&#038;p=68855"},"modified":"2024-06-26T15:27:17","modified_gmt":"2024-06-26T15:27:17","slug":"helo-kontaktorikast-we-30-low","status":"publish","type":"product","link":"https:\/\/factory.sale\/et\/toode\/helo-kontaktorikast-we-30-low\/","title":{"rendered":"Helo kontaktorikast WE 30 Low"},"content":{"rendered":"<p><strong>Tootekood:<\/strong> 001343<\/p>\n<p>&nbsp;<\/p>\n<p>Uus Helo kontaktorikast WE30 on v\u00e4lja t\u00f6\u00f6tatud sujuvaks t\u00f6\u00f6ks koos juhtpaneelidega Elite Free v\u00f5i Pure ja kuni 9 kW elektrikeristega. Uus WE30 on v\u00e4ike ja vaikne. Vaikne mudel tagab nauditavama saunakogemuse ja v\u00e4ike suurus v\u00f5imaldab selle paigaldada korralikult sauna \u00fcmbrusesse. Juhtpaneelidele Elite Free ja Pure. Juhtpaneelid m\u00fc\u00fcakse eraldi. \u00dchildub seinale kinnitatavate keristega: CUP D, Vienna D, Havanna D ja Hanko D.<\/p>\n<p>&nbsp;<\/p>\n<p><strong>Tehnilised andmed:<\/strong><\/p>\n<ul>\n<li>V\u00e4rv: Alutsink<\/li>\n<li>Kaal (kg): 2.8<\/li>\n<li>V\u00f5imsus (kW): 9.0<\/li>\n<li>M\u00f5\u00f5tmed (LxKxS): 205 x 90 x 315<\/li>\n<\/ul>\n<p>&nbsp;<\/p>\n<p>&nbsp;<\/p>\n<p><a href=\"https:\/\/factory.sale\/wp-content\/uploads\/2024\/01\/Contactor-Box-WE-30-Multilanguage.pdf\" target=\"_blank\" rel=\"noopener\">Contactor Box WE 30 &#8211; kasutusjuhend<\/a><\/p>\n","protected":false},"excerpt":{"rendered":"<p>Uus Helo kontaktorikast WE30 on v\u00e4lja t\u00f6\u00f6tatud sujuvaks t\u00f6\u00f6ks koos juhtpaneelidega Elite Free v\u00f5i Pure ja kuni 9 kW elektrikeristega. Uus WE30 on v\u00e4ike ja vaikne. Vaikne mudel tagab nauditavama saunakogemuse ja v\u00e4ike suurus v\u00f5imaldab selle paigaldada korralikult sauna \u00fcmbrusesse. Juhtpaneelidele Elite Free ja Pure. Juhtpaneelid m\u00fc\u00fcakse eraldi. \u00dchildub seinale kinnitatavate keristega: CUP D, Vienna D, Havanna D ja Hanko D.<\/p>\n","protected":false},"featured_media":68853,"comment_status":"open","ping_status":"closed","template":"","meta":{"_acf_changed":false},"factory":[],"free-shipment":[],"product_brand":[],"product_cat":[2638,306],"product_tag":[811],"class_list":{"0":"post-68855","1":"product","2":"type-product","3":"status-publish","4":"has-post-thumbnail","6":"product_cat-helo-et","7":"product_cat-saunakerised","8":"product_tag-sauna-et","10":"first","11":"instock","12":"sale","13":"taxable","14":"shipping-taxable","15":"purchasable","16":"product-type-simple"},"acf":[],"_links":{"self":[{"href":"https:\/\/factory.sale\/et\/wp-json\/wp\/v2\/product\/68855","targetHints":{"allow":["GET"]}}],"collection":[{"href":"https:\/\/factory.sale\/et\/wp-json\/wp\/v2\/product"}],"about":[{"href":"https:\/\/factory.sale\/et\/wp-json\/wp\/v2\/types\/product"}],"replies":[{"embeddable":true,"href":"https:\/\/factory.sale\/et\/wp-json\/wp\/v2\/comments?post=68855"}],"wp:featuredmedia":[{"embeddable":true,"href":"https:\/\/factory.sale\/et\/wp-json\/wp\/v2\/media\/68853"}],"wp:attachment":[{"href":"https:\/\/factory.sale\/et\/wp-json\/wp\/v2\/media?parent=68855"}],"wp:term":[{"taxonomy":"factory","embeddable":true,"href":"https:\/\/factory.sale\/et\/wp-json\/wp\/v2\/factory?post=68855"},{"taxonomy":"free-shipment","embeddable":true,"href":"https:\/\/factory.sale\/et\/wp-json\/wp\/v2\/free-shipment?post=68855"},{"taxonomy":"product_brand","embeddable":true,"href":"https:\/\/factory.sale\/et\/wp-json\/wp\/v2\/product_brand?post=68855"},{"taxonomy":"product_cat","embeddable":true,"href":"https:\/\/factory.sale\/et\/wp-json\/wp\/v2\/product_cat?post=68855"},{"taxonomy":"product_tag","embeddable":true,"href":"https:\/\/factory.sale\/et\/wp-json\/wp\/v2\/product_tag?post=68855"}],"curies":[{"name":"wp","href":"https:\/\/api.w.org\/{rel}","templated":true}]}}