{"id":68677,"date":"2024-01-23T16:30:06","date_gmt":"2024-01-23T17:26:24","guid":{"rendered":"https:\/\/factory.sale\/?post_type=product&#038;p=68677"},"modified":"2024-07-11T19:34:50","modified_gmt":"2024-07-11T16:34:50","slug":"helo-elektriline-keris-rondo-65-koos-ra-19-juhtplokiga","status":"publish","type":"product","link":"https:\/\/factory.sale\/et\/toode\/helo-elektriline-keris-rondo-65-koos-ra-19-juhtplokiga\/","title":{"rendered":"Helo elektriline keris Rondo 65 koos RA 19 juhtplokiga"},"content":{"rendered":"<p><strong>Tootekood:<\/strong> 002907<\/p>\n<p>&nbsp;<\/p>\n<p>&nbsp;<\/p>\n<p>Rondo 65 on \u00fcmarakujuline &#8220;kohe kasutatav&#8221; keris, mis hoiab efektiivselt soojust. Patenteeritud kaas p\u00f6\u00f6rleb 360 kraadi, mis v\u00f5imaldab kasutada t\u00e4iesti uusi v\u00f5imalusi sauna sisekujunduses. Rondo elektrikeristel on massiivne 100 kg kiviruum, mis pakub \u00f5rna ja niisket saunaelamust. Soojushoiduv Rondo keris toodab \u00fchtlast ja efektiivset soojust. Optimeeritud isolatsioonikest hoiab efektiivselt soojust, v\u00f5imaldades nautida sauna ilma eelsoojendamata. Kerise pind j\u00e4\u00e4b suhteliselt jahedaks, nii et kerist saab paigutada sauna igale poole, minimaalse kaitsekaugusega.<\/p>\n<ul>\n<li>K\u00f5ige energiat\u00f5husam valik aktiivsetele saunas\u00f5pradele<\/li>\n<li>Saadaval v\u00e4rvid: Grafiit<\/li>\n<li>RA 19 juhtplokk kuulub komplekti<\/li>\n<li>V\u00e4ga efektiivselt soojust isoleeriv kest, mis tagab, et aur ja soojus p\u00fcsivad saunas kaua. T\u00e4nu soojusisolatsioonile ja<\/li>\n<li>sumisevale soojusele on ahi kasutusvalmis kohe, kui k\u00fctmine algab, ja ei vaja eelsoojendamist.<\/li>\n<li>6,5 kW<\/li>\n<li>T\u00e4iuslik sobivus 7 kuni 13 kuupmeetrisele saunaruumile<\/li>\n<\/ul>\n<p>&nbsp;<\/p>\n<p>&nbsp;<\/p>\n<p><strong>Tehnilised andmed:<\/strong><\/p>\n<ul>\n<li>V\u00e4rv: GRAFIIT<\/li>\n<li>Kaal (kg): 43.0<\/li>\n<li>Kivide kogus (kg): 100<\/li>\n<li>V\u00f5imsus (kW): 6,5<\/li>\n<li>M\u00f5\u00f5tmed (LxKxS): 500 x 860 x 500<\/li>\n<li>Sauna suurus (m\u00b3): 7-13<\/li>\n<li>Ohutuskaugus, taga: 50<\/li>\n<li>Ohutuskaugus, \u00fcleval: 1040<\/li>\n<li>Ohutuskaugus, k\u00fcljel: 50<\/li>\n<li>Ohutuskaugus, ees: 50<\/li>\n<\/ul>\n<p>&nbsp;<\/p>\n<p>&nbsp;<\/p>\n<p>&nbsp;<\/p>\n<p><a href=\"https:\/\/factory.sale\/wp-content\/uploads\/2024\/01\/Rondo-Installation-manual-and-user-guide.pdf\" target=\"_blank\" rel=\"noopener\">Rondo &#8211; kasutus-ja paigaldusjuhend<\/a><\/p>\n<p><a href=\"https:\/\/factory.sale\/wp-content\/uploads\/2024\/01\/Warranty-policy.pdf\" target=\"_blank\" rel=\"noopener\">Garantii<\/a><\/p>\n","protected":false},"excerpt":{"rendered":"<p>Rondo 65 on \u00fcmarakujuline &#8220;kohe valmis&#8221; keris, mis hoiab efektiivselt soojust. Patenteeritud kaas p\u00f6\u00f6rleb 360 kraadi, mis v\u00f5imaldab kasutada t\u00e4iesti uusi v\u00f5imalusi sauna sisekujunduses. Rondo elektrikeristel on massiivne 100 kg kiviruum, mis pakub \u00f5rna ja niisket saunaelamust. Soojushoiduv Rondo keris toodab \u00fchtlast ja efektiivset soojust. Optimeeritud isolatsioonikest hoiab efektiivselt soojust, v\u00f5imaldades nautida sauna ilma eelsoojendamata. Kerise pind j\u00e4\u00e4b suhteliselt jahedaks, nii et kerist saab paigutada sauna igale poole, minimaalse kaitsekaugusega.<\/p>\n","protected":false},"featured_media":68657,"comment_status":"open","ping_status":"closed","template":"","meta":{"_acf_changed":false},"factory":[],"free-shipment":[],"product_brand":[],"product_cat":[2638,306],"product_tag":[2179,2176],"class_list":{"0":"post-68677","1":"product","2":"type-product","3":"status-publish","4":"has-post-thumbnail","6":"product_cat-helo-et","7":"product_cat-saunakerised","8":"product_tag-electric-heater-et","9":"product_tag-sauna-heater-et","11":"first","12":"instock","13":"sale","14":"taxable","15":"shipping-taxable","16":"purchasable","17":"product-type-simple"},"acf":[],"_links":{"self":[{"href":"https:\/\/factory.sale\/et\/wp-json\/wp\/v2\/product\/68677","targetHints":{"allow":["GET"]}}],"collection":[{"href":"https:\/\/factory.sale\/et\/wp-json\/wp\/v2\/product"}],"about":[{"href":"https:\/\/factory.sale\/et\/wp-json\/wp\/v2\/types\/product"}],"replies":[{"embeddable":true,"href":"https:\/\/factory.sale\/et\/wp-json\/wp\/v2\/comments?post=68677"}],"wp:featuredmedia":[{"embeddable":true,"href":"https:\/\/factory.sale\/et\/wp-json\/wp\/v2\/media\/68657"}],"wp:attachment":[{"href":"https:\/\/factory.sale\/et\/wp-json\/wp\/v2\/media?parent=68677"}],"wp:term":[{"taxonomy":"factory","embeddable":true,"href":"https:\/\/factory.sale\/et\/wp-json\/wp\/v2\/factory?post=68677"},{"taxonomy":"free-shipment","embeddable":true,"href":"https:\/\/factory.sale\/et\/wp-json\/wp\/v2\/free-shipment?post=68677"},{"taxonomy":"product_brand","embeddable":true,"href":"https:\/\/factory.sale\/et\/wp-json\/wp\/v2\/product_brand?post=68677"},{"taxonomy":"product_cat","embeddable":true,"href":"https:\/\/factory.sale\/et\/wp-json\/wp\/v2\/product_cat?post=68677"},{"taxonomy":"product_tag","embeddable":true,"href":"https:\/\/factory.sale\/et\/wp-json\/wp\/v2\/product_tag?post=68677"}],"curies":[{"name":"wp","href":"https:\/\/api.w.org\/{rel}","templated":true}]}}