{"id":68633,"date":"2024-01-23T15:56:34","date_gmt":"2024-01-23T15:59:53","guid":{"rendered":"https:\/\/factory.sale\/?post_type=product&#038;p=68633"},"modified":"2024-06-26T12:14:01","modified_gmt":"2024-06-26T12:14:01","slug":"helo-elektrikeris-cup-80-stj-grafiit","status":"publish","type":"product","link":"https:\/\/factory.sale\/et\/toode\/helo-elektrikeris-cup-80-stj-grafiit\/","title":{"rendered":"Helo elektrikeris Cup 80 STJ grafiit"},"content":{"rendered":"<p><strong>Tootekood:<\/strong> 004708<\/p>\n<p>&nbsp;<\/p>\n<p>&nbsp;<\/p>\n<p>Seinale kinnitatav Cup elektrikeris on t\u00f5eline elektrikeriste klassika. Selle pikaajalise populaarsuse saladus peitub ajatus v\u00e4limuses, vastupidavuses ja kasutusmugavuses. Oma p\u00f5hifunktsioonidega on see ideaalne valik v\u00e4ikestele ja keskmise suurusega saunaruumidele. STJ-mudelil on integreeritud juhtnupud. Taimer on eelvalikus 9 tundi ja k\u00fctteaeg 0-3 tundi.<\/p>\n<ul>\n<li>Kompaktne keris, mis soojendab saunaruumi kiiresti<\/li>\n<li>\u00a08,0 kW<\/li>\n<li>T\u00e4iuslik sobivus 8-13 kuupmeetrisele saunaruumile<\/li>\n<\/ul>\n<p>&nbsp;<\/p>\n<p><strong>Tehnilised andmed:<\/strong><\/p>\n<ul>\n<li>V\u00e4rvus: Grafiit<\/li>\n<li>Kaal (kg): 12<\/li>\n<li>Kivide kogus (kg): 23<\/li>\n<li>V\u00f5imsus (kW): 8,0<\/li>\n<li>M\u00f5\u00f5tmed (LxKxS): 410 x 580 x 300<\/li>\n<li>Sauna suurus (m\u00b3): 8-13<\/li>\n<li>Ohutuskaugus, taga: 0<\/li>\n<li>Ohutuskaugus, \u00fcleval: 1250<\/li>\n<li>Ohutuskaugus, k\u00fcljel: 100<\/li>\n<li>Ohutuskaugus, ees: 150<\/li>\n<\/ul>\n<p>&nbsp;<\/p>\n<p><a href=\"https:\/\/factory.sale\/wp-content\/uploads\/2024\/01\/Cup-STJ-Installation-manual-and-user-guide.pdf\" target=\"_blank\" rel=\"noopener\">Cup STJ &#8211; kasutus- ja paigaldusjuhend<\/a><\/p>\n<p><a href=\"https:\/\/factory.sale\/wp-content\/uploads\/2024\/01\/Warranty-policy.pdf\" target=\"_blank\" rel=\"noopener\">Garantiitingimused<\/a><\/p>\n","protected":false},"excerpt":{"rendered":"<p>Seinale kinnitatav Cup elektrikeris on t\u00f5eline elektrikeriste klassika. Selle pikaajalise populaarsuse saladus peitub ajatus v\u00e4limuses, vastupidavuses ja kasutusmugavuses. Oma p\u00f5hifunktsioonidega on see ideaalne valik v\u00e4ikestele ja keskmise suurusega saunaruumidele. STJ-mudelil on integreeritud juhtnupud. Taimer on eelvalikus 9 tundi ja k\u00fctteaeg 0-3 tundi.<\/p>\n","protected":false},"featured_media":68216,"comment_status":"open","ping_status":"closed","template":"","meta":{"_acf_changed":false},"factory":[],"free-shipment":[],"product_brand":[],"product_cat":[2638,306],"product_tag":[2179,811,2176],"class_list":{"0":"post-68633","1":"product","2":"type-product","3":"status-publish","4":"has-post-thumbnail","6":"product_cat-helo-et","7":"product_cat-saunakerised","8":"product_tag-electric-heater-et","9":"product_tag-sauna-et","10":"product_tag-sauna-heater-et","12":"first","13":"instock","14":"sale","15":"taxable","16":"shipping-taxable","17":"purchasable","18":"product-type-simple"},"acf":[],"_links":{"self":[{"href":"https:\/\/factory.sale\/et\/wp-json\/wp\/v2\/product\/68633","targetHints":{"allow":["GET"]}}],"collection":[{"href":"https:\/\/factory.sale\/et\/wp-json\/wp\/v2\/product"}],"about":[{"href":"https:\/\/factory.sale\/et\/wp-json\/wp\/v2\/types\/product"}],"replies":[{"embeddable":true,"href":"https:\/\/factory.sale\/et\/wp-json\/wp\/v2\/comments?post=68633"}],"wp:featuredmedia":[{"embeddable":true,"href":"https:\/\/factory.sale\/et\/wp-json\/wp\/v2\/media\/68216"}],"wp:attachment":[{"href":"https:\/\/factory.sale\/et\/wp-json\/wp\/v2\/media?parent=68633"}],"wp:term":[{"taxonomy":"factory","embeddable":true,"href":"https:\/\/factory.sale\/et\/wp-json\/wp\/v2\/factory?post=68633"},{"taxonomy":"free-shipment","embeddable":true,"href":"https:\/\/factory.sale\/et\/wp-json\/wp\/v2\/free-shipment?post=68633"},{"taxonomy":"product_brand","embeddable":true,"href":"https:\/\/factory.sale\/et\/wp-json\/wp\/v2\/product_brand?post=68633"},{"taxonomy":"product_cat","embeddable":true,"href":"https:\/\/factory.sale\/et\/wp-json\/wp\/v2\/product_cat?post=68633"},{"taxonomy":"product_tag","embeddable":true,"href":"https:\/\/factory.sale\/et\/wp-json\/wp\/v2\/product_tag?post=68633"}],"curies":[{"name":"wp","href":"https:\/\/api.w.org\/{rel}","templated":true}]}}