{"id":68192,"date":"2024-01-22T16:34:18","date_gmt":"2024-01-22T21:23:15","guid":{"rendered":"https:\/\/factory.sale\/?post_type=product&#038;p=68192"},"modified":"2024-06-27T15:25:53","modified_gmt":"2024-06-27T15:25:53","slug":"helo-elektrikeris-cup-80-d-grafiit","status":"publish","type":"product","link":"https:\/\/factory.sale\/et\/toode\/helo-elektrikeris-cup-80-d-grafiit\/","title":{"rendered":"Helo elektrikeris Cup 80 D grafiit"},"content":{"rendered":"<p><strong>Tootekood:<\/strong> 004703<\/p>\n<p>&nbsp;<\/p>\n<p>Seinale kinnitatav Cup elektrikeris on t\u00f5eline elektrikeriste klassika. Selle pikaajalise populaarsuse saladus peitub ajatus v\u00e4limuses, vastupidavuses ja kasutusmugavuses. Oma p\u00f5hifunktsioonidega on see ideaalne valik v\u00e4ikestele ja keskmise suurusega saunaruumidele. D-mudel n\u00f5uab eraldi ostetavat WE 30 releekarbi ja Pure\/Elite Free juhtpaneeli kombinatsiooni.<\/p>\n<ul>\n<li>Kompaktne k\u00fcttekeha, mis soojendab sauna ruumi kiiresti<\/li>\n<li>8,0 kW<\/li>\n<li>Ideaalne 8 kuni 13 kuupmeetri suurustele saunaruumidele<\/li>\n<\/ul>\n<p>&nbsp;<\/p>\n<p><strong>Tehnilised andmed:<\/strong><\/p>\n<ul>\n<li>V\u00e4rv: Grafiit<\/li>\n<li>Kaal (kg): 11.5<\/li>\n<li>Kivide kogus (kg): 23<\/li>\n<li>Efekt (kW): 8,0<\/li>\n<li>M\u00f5\u00f5tmed (LxKxS): 410 x 580 x 300<\/li>\n<li>Sauna suurus (m\u00b3): 8-13<\/li>\n<li>Ohutuskaugus, tagant: 0<\/li>\n<li>Ohutuskaugus, \u00fclalt: 1250<\/li>\n<li>Ohutuskaugus, k\u00fcljelt: 100<\/li>\n<li>Ohutuskaugus, eest: 150<\/li>\n<\/ul>\n<p>&nbsp;<\/p>\n<p>&nbsp;<\/p>\n<p><a href=\"https:\/\/factory.sale\/wp-content\/uploads\/2024\/01\/Cup-D-Installation-manual-and-user-guide.pdf\" target=\"_blank\" rel=\"noopener\">Cup D &#8211; kasutus &#8211; ja paigaldusjuhend<\/a><\/p>\n<p><a href=\"https:\/\/factory.sale\/wp-content\/uploads\/2024\/01\/Cup-D-Pure-and-Elite-Instruction-manual-and-user-guide.pdf\" target=\"_blank\" rel=\"noopener\">Cup D &#8211; Pure and Elite &#8211; kasutus-ja paigaldusjuhend<\/a><\/p>\n<p><a href=\"https:\/\/factory.sale\/wp-content\/uploads\/2024\/01\/Cup-D-Declaration-of-conformity.pdf\" target=\"_blank\" rel=\"noopener\">Cup D &#8211; deklaratsioon<\/a><\/p>\n<p><a href=\"https:\/\/factory.sale\/wp-content\/uploads\/2024\/01\/Warranty-policy.pdf\" target=\"_blank\" rel=\"noopener\">Garantii<\/a><\/p>\n","protected":false},"excerpt":{"rendered":"<p>Seinale kinnitatav Cup elektrikeris on t\u00f5eline elektrikeriste klassika. Selle pikaajalise populaarsuse saladus peitub ajatus v\u00e4limuses, vastupidavuses ja kasutusmugavuses. Oma p\u00f5hifunktsioonidega on see ideaalne valik v\u00e4ikestele ja keskmise suurusega saunaruumidele. D-mudel n\u00f5uab eraldi ostetavat WE 30 releekarbi ja Pure\/Elite Free juhtpaneeli kombinatsiooni.<\/p>\n","protected":false},"featured_media":67889,"comment_status":"open","ping_status":"closed","template":"","meta":{"_acf_changed":false},"factory":[],"free-shipment":[],"product_brand":[],"product_cat":[2637,265],"product_tag":[1149,809,1145],"class_list":{"0":"post-68192","1":"product","2":"type-product","3":"status-publish","4":"has-post-thumbnail","6":"product_cat-helo","7":"product_cat-sauna-heaters","8":"product_tag-electric-heater","9":"product_tag-sauna","10":"product_tag-sauna-heater","12":"first","13":"instock","14":"sale","15":"taxable","16":"shipping-taxable","17":"purchasable","18":"product-type-simple"},"acf":[],"_links":{"self":[{"href":"https:\/\/factory.sale\/et\/wp-json\/wp\/v2\/product\/68192","targetHints":{"allow":["GET"]}}],"collection":[{"href":"https:\/\/factory.sale\/et\/wp-json\/wp\/v2\/product"}],"about":[{"href":"https:\/\/factory.sale\/et\/wp-json\/wp\/v2\/types\/product"}],"replies":[{"embeddable":true,"href":"https:\/\/factory.sale\/et\/wp-json\/wp\/v2\/comments?post=68192"}],"wp:featuredmedia":[{"embeddable":true,"href":"https:\/\/factory.sale\/et\/wp-json\/wp\/v2\/media\/67889"}],"wp:attachment":[{"href":"https:\/\/factory.sale\/et\/wp-json\/wp\/v2\/media?parent=68192"}],"wp:term":[{"taxonomy":"factory","embeddable":true,"href":"https:\/\/factory.sale\/et\/wp-json\/wp\/v2\/factory?post=68192"},{"taxonomy":"free-shipment","embeddable":true,"href":"https:\/\/factory.sale\/et\/wp-json\/wp\/v2\/free-shipment?post=68192"},{"taxonomy":"product_brand","embeddable":true,"href":"https:\/\/factory.sale\/et\/wp-json\/wp\/v2\/product_brand?post=68192"},{"taxonomy":"product_cat","embeddable":true,"href":"https:\/\/factory.sale\/et\/wp-json\/wp\/v2\/product_cat?post=68192"},{"taxonomy":"product_tag","embeddable":true,"href":"https:\/\/factory.sale\/et\/wp-json\/wp\/v2\/product_tag?post=68192"}],"curies":[{"name":"wp","href":"https:\/\/api.w.org\/{rel}","templated":true}]}}